{"id":717,"date":"2021-10-16T15:45:26","date_gmt":"2021-10-16T15:45:26","guid":{"rendered":"http:\/\/ggg.grumme.de\/?page_id=717"},"modified":"2023-02-18T07:44:59","modified_gmt":"2023-02-18T07:44:59","slug":"baeche-teiche-muehlen-in-bochum-grumme-teil-1","status":"publish","type":"page","link":"https:\/\/ggg.grumme.de\/?page_id=717","title":{"rendered":"B\u00e4che &#8211; Teiche &#8211; M\u00fchlen (1) Topografie des Bachtals"},"content":{"rendered":"<p><span style=\"font-family: arial, helvetica, sans-serif; font-size: 18pt;\"><strong>Das Bachsystem heute<\/strong><\/span><\/p>\nngg_shortcode_0_placeholder\n<p style=\"text-align: center;\"><span style=\"font-size: 8pt;\">Relief, Gew\u00e4ssernetz und S\u00fcdrand der Kreide (Bergsenkungen und Aufhaldungen) Abb. 2.1 in Zepp\/Kasielke, Das Relief &#8230; s.u. S.3<\/span><\/p>\n<p><span style=\"font-family: arial, helvetica, sans-serif; font-size: 14pt;\">Grumme trat schon im 12. Jahrhundert urkundlich als <em>Grumhem<\/em> in Erscheinung, berichtete 1951 <em>Karl Freund<\/em> im Bochumer \u201aHeimatbuch\u2018. Dass die <em>Grume<\/em> (\u201aim Talgrunde\u2018) der Siedlung den Namen gab, deute darauf hin, dass schon damals ein Bach durch das Tal geflossen sein muss.<br \/>\n<\/span><span style=\"font-size: 14pt; font-family: arial, helvetica, sans-serif;\">Grumme liegt in der N\u00e4he des westf\u00e4lischen Hellwegs, der als \u201agro\u00dfer Hellweg\u2018 in etwa auf der Wasserscheide (blaue Linie s. Karte links) verlief, die die Einzugsbereiche der Ruhr und der Emscher trennt. Grumme liegt n\u00f6rdlich bzw.westlich davon.<\/span><\/p>\n<figure id=\"attachment_788\" aria-describedby=\"caption-attachment-788\" style=\"width: 331px\" class=\"wp-caption alignright\"><a href=\"http:\/\/ggg.grumme.de\/karten-histor-bach\/karten-zum-gewaessersystem\"><img loading=\"lazy\" decoding=\"async\" class=\"wp-image-788\" src=\"http:\/\/ggg.grumme.de\/wp-content\/uploads\/Karte_4_9_GewaessergueteRand_Ausschnitt-666x287.jpg\" alt=\"B\u00e4che - Teiche - M\u00fchlen (1) Topografie des Bachtals\" width=\"331\" height=\"143\" srcset=\"https:\/\/ggg.grumme.de\/wp-content\/uploads\/Karte_4_9_GewaessergueteRand_Ausschnitt-666x287.jpg 666w, https:\/\/ggg.grumme.de\/wp-content\/uploads\/Karte_4_9_GewaessergueteRand_Ausschnitt-1024x441.jpg 1024w, https:\/\/ggg.grumme.de\/wp-content\/uploads\/Karte_4_9_GewaessergueteRand_Ausschnitt-768x331.jpg 768w, https:\/\/ggg.grumme.de\/wp-content\/uploads\/Karte_4_9_GewaessergueteRand_Ausschnitt-1536x662.jpg 1536w, https:\/\/ggg.grumme.de\/wp-content\/uploads\/Karte_4_9_GewaessergueteRand_Ausschnitt-2048x883.jpg 2048w, https:\/\/ggg.grumme.de\/wp-content\/uploads\/Karte_4_9_GewaessergueteRand_Ausschnitt-1200x517.jpg 1200w\" sizes=\"auto, (max-width: 331px) 100vw, 331px\" \/><\/a><figcaption id=\"caption-attachment-788\" class=\"wp-caption-text\"><span style=\"font-size: 10pt; font-family: arial, helvetica, sans-serif;\">Auszug aus: Abb. 4.9 Typisierung der Flie\u00dfgew\u00e4sserstrecken und ihre Gew\u00e4sserg\u00fcte (Stand 2011-2013) in H. Zepp, Die &#8222;blaue&#8220; Natur.. s.u. S.23, Karte in Originalgr\u00f6\u00dfe s. https:\/\/ggg.grumme.de\/karte_4_9_gewaessergueterand<\/span><\/figcaption><\/figure>\n<p><span style=\"font-family: 'Arial', sans-serif; font-size: 14pt;\">Der Grummer Bach und auch der Dorneburger Bach sind Teil des Emscher-Gew\u00e4ssersystems und deshalb auch vom Projekt zur <a href=\"https:\/\/www.eglv.de\/emscher\/\">Renaturierung der Emscher<\/a> betroffen. Der Dorneburger Bach flie\u00dft direkt in den H\u00fcller Bach. Das Wasser des Grummer Bachs flie\u00dft &#8211; oft unterirdisch und mit unterschiedlicher Gew\u00e4sserg\u00fcte &#8211; \u00fcber den Hofsteder und den H\u00fcller Bach in die Emscher.<\/span><\/p>\n<p><span style=\"font-family: arial, helvetica, sans-serif; font-size: 14pt;\">Der Grummer Bach entspringt in Bochum Hiltrop, flie\u00dft in kanalisierter Form durch die Halde der Stahlwerke Bochum und dann, z. T. unterirdisch und in unterschiedlicher Gew\u00e4sserg\u00fcte, weiter durch das Grummer Tal. In der Gegenwart hat er an der Oberfl\u00e4che nur noch zwei linke Zufl\u00fcsse, die <em>Schmalebecke <\/em>und den<em> Rottmannsbach. <\/em><\/span><\/p>\n<p><img decoding=\"async\" class=\"alignleft\" src=\"https:\/\/ggg.grumme.de\/wp-content\/uploads\/Quellen.jpg\" alt=\"B\u00e4che - Teiche - M\u00fchlen (1) Topografie des Bachtals\"><\/p>\n<p><span style=\"font-family: arial, helvetica, sans-serif; font-size: 14pt;\">Au\u00dferdem wird er von vielen Quellen im oberen Bereich des Tals, vor allem unterhalb des K\u00f6tterbergs, gespeist, die auf der O<\/span><span style=\"font-family: arial, helvetica, sans-serif; font-size: 14pt;\">penStreetmap-Karte (links) eingezeichnet sind.<\/span><\/p>\n<p><span style=\"font-family: arial, helvetica, sans-serif; font-size: 14pt;\">Auch der <em>Dorneburger Bach<\/em> entspringt in Hiltrop und durchflie\u00dft im Bereich der <em>Berger M\u00fchle<\/em> ein kleines St\u00fcck die Gemarkung Grumme.<\/span><\/p>\n<p><span style=\"font-family: arial, helvetica, sans-serif; font-size: 14pt;\">&nbsp;<\/span><span style=\"font-size: 14pt; font-family: arial, helvetica, sans-serif;\"><strong><span style=\"font-size: 18pt;\">Geologie und Topologie<\/span><br \/>\n<\/strong><\/span><\/p>\n<p><span style=\"font-size: 14.0pt; font-family: 'Arial',sans-serif;\"><span style=\"font-size: 12pt;\"><span style=\"font-size: 14pt;\">Die Gemarkung Grumme ist Teil der Festlandsbucht der \u201aBochumer Mulde\u2018, die aus der Abflachung des Ardey-Gebirges von der Altenbochumer Wasserscheide zur Emscher-Niederung entstand. Hier hatten sich schon in der Jungsteinzeit Bauern angesiedelt, weil der l\u00f6\u00dfhaltige Boden f\u00fcr die Landwirtschaft sehr geeignet ist. Paradoxerweise wurde dieses Ackerland fast vollst\u00e4ndig von der Industrialisierung erfasst und weitgehend \u00fcberbaut. Im Gegensatz zu anderen Metropolen gibt es aber zwischen den Zentren wegen der heterogenen Struktur offene R\u00e4ume . Dort befinden sich oft Gr\u00fcnz\u00fcge, landwirtschaftlich genutzte Fl\u00e4chen und sogar Landschaftsschutzgebiete, zu denen seit 1974 auch das Grummer Bachtal<\/span> <em><span style=\"font-family: 'Arial',sans-serif;\">LSG-4409-048<\/span><\/em> geh\u00f6rt.<\/span><br \/>\n<\/span><\/p>\n<figure id=\"attachment_840\" aria-describedby=\"caption-attachment-840\" style=\"width: 543px\" class=\"wp-caption alignright\"><img loading=\"lazy\" decoding=\"async\" class=\"wp-image-840\" src=\"http:\/\/ggg.grumme.de\/wp-content\/uploads\/topo2-666x418.jpg\" alt=\"B\u00e4che - Teiche - M\u00fchlen (1) Topografie des Bachtals\" width=\"543\" height=\"341\" srcset=\"https:\/\/ggg.grumme.de\/wp-content\/uploads\/topo2-666x418.jpg 666w, https:\/\/ggg.grumme.de\/wp-content\/uploads\/topo2-768x482.jpg 768w, https:\/\/ggg.grumme.de\/wp-content\/uploads\/topo2.jpg 809w\" sizes=\"auto, (max-width: 543px) 100vw, 543px\" \/><figcaption id=\"caption-attachment-840\" class=\"wp-caption-text\">https:\/\/de-de.topographic-map.com\/maps\/6jjw\/Bochum<\/figcaption><\/figure>\n<p><span style=\"font-size: 14.0pt; font-family: 'Arial',sans-serif;\">Der Boden Bochums ist in vier Schichten aufgebaut. Im Ruhrtal kommt die unterste Schicht, das <i>Karbon<\/i> (gut 300 Mio. Jahre alt), stellenweise bis an die Oberfl\u00e4che und hat dort die Entstehung des Bergbaus erm\u00f6glicht. Die Mergelschicht legte sich in der Kreidezeit (vor ca. 100 Mio. Jahren)&nbsp; in der Emscherzone dar\u00fcber (s. Karte oben links). Sie musste im 19. Jahrhundert bei den Tiefbau-Zechen durchsto\u00dfen werden. Vor ca. 800.000 Jahren wurde dann der Bochumer Norden von einer \u201aUr-Ruhr\u2018 \u00fcberflutet. Darunter darf man sich nicht einen Fluss wie die heutige Ruhr vorstellen mit einem begrenzten Flussbett. Es war vielmehr ein sehr breiter, m\u00e4andernder Wasserstrom, der viel Schotter mitbrachte und \u00fcber die Mergelschicht floss. Nach dem Aufbau der L\u00f6\u00dfschicht nach der letzten Eiszeit vor ca. 11.000 Jahren entstand so ein Bodenaufbau in 4 Schichten (M\u00e4chtigkeit nicht proportional dargestellt): <\/span><span style=\"font-family: arial, helvetica, sans-serif; font-size: 14pt;\">&nbsp;<\/span><\/p>\n<p><span style=\"font-family: arial, helvetica, sans-serif; font-size: 14pt;\"><img loading=\"lazy\" decoding=\"async\" class=\"wp-image-773 alignleft\" src=\"http:\/\/ggg.grumme.de\/wp-content\/uploads\/4Schichten.jpg\" alt=\"B\u00e4che - Teiche - M\u00fchlen (1) Topografie des Bachtals\" width=\"213\" height=\"128\"><\/span><\/p>\n<p><span style=\"font-size: 14.0pt; font-family: 'Arial',sans-serif;\">Da die Schicht des Ruhrschotters wasserhaltig und die Mergelschicht wasserundurchl\u00e4ssig ist, entstehen an den R\u00e4ndern der T\u00e4ler Quellaustritte. Aus den grundwasserf\u00fchrenden Kiesen <em><span style=\"font-family: 'Arial',sans-serif;\">(\u201aCastroper H\u00f6henschotter\u2018<\/span><\/em>) l\u00e4uft das Wasser aus Quellen ins Tal und bildet einen Bach. Das ist beim <i>Grummer Bach<\/i> an vielen Stellen, z.B. <em><span style=\"font-family: 'Arial',sans-serif;\">Auf dem G\u00fcstenberg<\/span><\/em> zu beobachten.<\/span><\/p>\n<p><span style=\"font-size: 14pt; color: #ff0000;\">&#8211; gr\u00f6\u00dfere Ansicht der Karten <a href=\"http:\/\/ggg.grumme.de\/?page_id=769\" target=\"_blank\" rel=\"noopener\">hier<\/a> &#8211;<\/span><\/p>\n<p><span style=\"font-family: arial, helvetica, sans-serif; font-size: 14pt;\"><strong>Literatur<\/strong><\/span><\/p>\n<p><span style=\"font-family: arial, helvetica, sans-serif; font-size: 10pt;\">Harald Zepp, Thomas Schmitt, Karl-Heinz Otto, <a href=\"https:\/\/www.aschendorff-buchverlag.de\/detailview?no=14836\">\u00d6kologische und klimatische Perspektiven auf die Stadtlandschaft Bochums<\/a> <a href=\"https:\/\/www.aschendorff-buchverlag.de\/detailview?no=14836\"><img loading=\"lazy\" decoding=\"async\" class=\"alignright wp-image-756\" src=\"http:\/\/ggg.grumme.de\/wp-content\/uploads\/Buch__Zepp.jpg\" alt=\"B\u00e4che - Teiche - M\u00fchlen (1) Topografie des Bachtals\" width=\"122\" height=\"174\"><\/a>2020&nbsp;&nbsp; Aschendorff Verlag (LWL)&nbsp; darin:<\/span><\/p>\n<p><span style=\"font-size: 10pt; font-family: arial, helvetica, sans-serif;\">Harald Zepp, Till Kasielke, Das Relief &#8211; Bezugsfl\u00e4che f\u00fcr Siedlung und Nutzung, S.3ff<\/span><\/p>\n<p><span style=\"font-family: arial, helvetica, sans-serif; font-size: 10pt;\">H. Zepp, Die &#8222;blaue&#8220; Natur: Ver\u00e4nderungen von Wasserhaushalt und Gew\u00e4ssern S.17ff<\/span><\/p>\n<p><span style=\"font-family: arial, helvetica, sans-serif; font-size: 10pt;\">Freund, Karl, <a href=\"https:\/\/www.kortumgesellschaft.de\/id-5-heimatbuch-1951-wie-oesterende-seinen-kirchweg-verlor.html\">Heimatkundliches aus Grumme<\/a> in: 5. Heimatbuch Bochum 1951 (letzter Zugriff: 17.10.2021)<br \/>\n<\/span><\/p>\n<p id=\"firstHeading\" class=\"firstHeading\"><span style=\"font-family: arial, helvetica, sans-serif; font-size: 14pt;\"><span style=\"font-size: 10pt;\">wikipedia: <\/span><a href=\"https:\/\/de.wikipedia.org\/wiki\/Liste_von_Gew%C3%A4ssern_in_Bochum\"><span style=\"font-size: 10pt;\">Liste von Gew\u00e4ssern in Bochum (letzter Zugriff: 17.10.2021)<\/span><\/a><\/span><\/p>\n<p><span style=\"font-family: arial, helvetica, sans-serif;\">&nbsp;<\/span><\/p>\n","protected":false},"excerpt":{"rendered":"<p>Das Bachsystem heute Relief, Gew\u00e4ssernetz und S\u00fcdrand der Kreide (Bergsenkungen und Aufhaldungen) Abb. 2.1 in Zepp\/Kasielke, Das Relief &#8230; s.u. S.3 Grumme trat schon im&#8230;<\/p>\n<div class=\"more-link-wrapper\"><a class=\"more-link\" href=\"https:\/\/ggg.grumme.de\/?page_id=717\">Weiterlesen<span class=\"screen-reader-text\">B\u00e4che &#8211; Teiche &#8211; M\u00fchlen (1) Topografie des Bachtals<\/span><\/a><\/div>\n","protected":false},"author":2,"featured_media":0,"parent":1479,"menu_order":2,"comment_status":"closed","ping_status":"closed","template":"","meta":{"ngg_post_thumbnail":0,"iawp_total_views":91,"powered_cache_disable_cache":false,"footnotes":""},"class_list":["post-717","page","type-page","status-publish","hentry","entry"],"_links":{"self":[{"href":"https:\/\/ggg.grumme.de\/index.php?rest_route=\/wp\/v2\/pages\/717","targetHints":{"allow":["GET"]}}],"collection":[{"href":"https:\/\/ggg.grumme.de\/index.php?rest_route=\/wp\/v2\/pages"}],"about":[{"href":"https:\/\/ggg.grumme.de\/index.php?rest_route=\/wp\/v2\/types\/page"}],"author":[{"embeddable":true,"href":"https:\/\/ggg.grumme.de\/index.php?rest_route=\/wp\/v2\/users\/2"}],"replies":[{"embeddable":true,"href":"https:\/\/ggg.grumme.de\/index.php?rest_route=%2Fwp%2Fv2%2Fcomments&post=717"}],"version-history":[{"count":96,"href":"https:\/\/ggg.grumme.de\/index.php?rest_route=\/wp\/v2\/pages\/717\/revisions"}],"predecessor-version":[{"id":1802,"href":"https:\/\/ggg.grumme.de\/index.php?rest_route=\/wp\/v2\/pages\/717\/revisions\/1802"}],"up":[{"embeddable":true,"href":"https:\/\/ggg.grumme.de\/index.php?rest_route=\/wp\/v2\/pages\/1479"}],"wp:attachment":[{"href":"https:\/\/ggg.grumme.de\/index.php?rest_route=%2Fwp%2Fv2%2Fmedia&parent=717"}],"curies":[{"name":"wp","href":"https:\/\/api.w.org\/{rel}","templated":true}]}}