{"id":627,"date":"2021-08-05T11:55:36","date_gmt":"2021-08-05T11:55:36","guid":{"rendered":"http:\/\/ggg.grumme.de\/?page_id=627"},"modified":"2026-01-09T08:46:14","modified_gmt":"2026-01-09T07:46:14","slug":"fotos-vom-bau-der-b1","status":"publish","type":"page","link":"https:\/\/ggg.grumme.de\/?page_id=627","title":{"rendered":"Fotos vom Bau der B1"},"content":{"rendered":"<p style=\"text-align: center;\"><span style=\"font-size: 18pt;\"><span style=\"font-family: arial black, sans-serif;\">Fotos vom Bau der B1 in Grumme<\/span><br><\/span><\/p>\r\n\r\n<div class=\"wp-block-columns is-layout-flex wp-container-core-columns-is-layout-9d6595d7 wp-block-columns-is-layout-flex\">\r\n<div class=\"wp-block-column is-layout-flow wp-block-column-is-layout-flow\" style=\"flex-basis: 100%;\">\r\n<figure class=\"wp-block-image size-medium\"><img loading=\"lazy\" decoding=\"async\" width=\"666\" height=\"444\" class=\"wp-image-548\" src=\"http:\/\/ggg.grumme.de\/wp-content\/uploads\/01446-12-Alt-Bochum-Baustelle-Ruhrschnellweg-26-Mai-1926-666x444.jpg\" alt=\"Fotos vom Bau der B1\" srcset=\"https:\/\/ggg.grumme.de\/wp-content\/uploads\/01446-12-Alt-Bochum-Baustelle-Ruhrschnellweg-26-Mai-1926-666x444.jpg 666w, https:\/\/ggg.grumme.de\/wp-content\/uploads\/01446-12-Alt-Bochum-Baustelle-Ruhrschnellweg-26-Mai-1926-1024x683.jpg 1024w, https:\/\/ggg.grumme.de\/wp-content\/uploads\/01446-12-Alt-Bochum-Baustelle-Ruhrschnellweg-26-Mai-1926-768x512.jpg 768w, https:\/\/ggg.grumme.de\/wp-content\/uploads\/01446-12-Alt-Bochum-Baustelle-Ruhrschnellweg-26-Mai-1926-1536x1024.jpg 1536w, https:\/\/ggg.grumme.de\/wp-content\/uploads\/01446-12-Alt-Bochum-Baustelle-Ruhrschnellweg-26-Mai-1926-2048x1365.jpg 2048w, https:\/\/ggg.grumme.de\/wp-content\/uploads\/01446-12-Alt-Bochum-Baustelle-Ruhrschnellweg-26-Mai-1926-1200x800.jpg 1200w\" sizes=\"auto, (max-width: 666px) 100vw, 666px\" \/>\r\n<figcaption>Bochum Baustelle Ruhrschnellweg, 26. 5. 1926 (Presseamt Bochum)<\/figcaption>\r\n<\/figure>\r\n\r\n\r\n\r\n<figure class=\"wp-block-image size-medium\"><img loading=\"lazy\" decoding=\"async\" width=\"666\" height=\"496\" class=\"wp-image-547\" src=\"http:\/\/ggg.grumme.de\/wp-content\/uploads\/01446-11-Alt-Bochum-Bau-Ruhrschnellweg-26-Mai-1926-666x496.jpg\" alt=\"Fotos vom Bau der B1\" srcset=\"https:\/\/ggg.grumme.de\/wp-content\/uploads\/01446-11-Alt-Bochum-Bau-Ruhrschnellweg-26-Mai-1926-666x496.jpg 666w, https:\/\/ggg.grumme.de\/wp-content\/uploads\/01446-11-Alt-Bochum-Bau-Ruhrschnellweg-26-Mai-1926-1024x763.jpg 1024w, https:\/\/ggg.grumme.de\/wp-content\/uploads\/01446-11-Alt-Bochum-Bau-Ruhrschnellweg-26-Mai-1926-768x572.jpg 768w, https:\/\/ggg.grumme.de\/wp-content\/uploads\/01446-11-Alt-Bochum-Bau-Ruhrschnellweg-26-Mai-1926-1536x1144.jpg 1536w, https:\/\/ggg.grumme.de\/wp-content\/uploads\/01446-11-Alt-Bochum-Bau-Ruhrschnellweg-26-Mai-1926-2048x1525.jpg 2048w, https:\/\/ggg.grumme.de\/wp-content\/uploads\/01446-11-Alt-Bochum-Bau-Ruhrschnellweg-26-Mai-1926-1200x894.jpg 1200w\" sizes=\"auto, (max-width: 666px) 100vw, 666px\" \/>\r\n<figcaption>Bochum Bau Ruhrschnellweg, 26 Mai 1926, (Presseamt Bochum)<\/figcaption>\r\n<\/figure>\r\n\r\n\r\n\r\n\r\n\r\n<figure class=\"wp-block-image size-medium\"><img loading=\"lazy\" decoding=\"async\" width=\"666\" height=\"650\" class=\"wp-image-559\" src=\"http:\/\/ggg.grumme.de\/wp-content\/uploads\/L-00552-Neg-19314-Luftbild-Ruhrlandhalle-Ruhrschnellweg-A40-Grumme-07-Sept-1967-666x650.jpg\" alt=\"Fotos vom Bau der B1\" srcset=\"https:\/\/ggg.grumme.de\/wp-content\/uploads\/L-00552-Neg-19314-Luftbild-Ruhrlandhalle-Ruhrschnellweg-A40-Grumme-07-Sept-1967-666x650.jpg 666w, https:\/\/ggg.grumme.de\/wp-content\/uploads\/L-00552-Neg-19314-Luftbild-Ruhrlandhalle-Ruhrschnellweg-A40-Grumme-07-Sept-1967-1024x1000.jpg 1024w, https:\/\/ggg.grumme.de\/wp-content\/uploads\/L-00552-Neg-19314-Luftbild-Ruhrlandhalle-Ruhrschnellweg-A40-Grumme-07-Sept-1967-768x750.jpg 768w, https:\/\/ggg.grumme.de\/wp-content\/uploads\/L-00552-Neg-19314-Luftbild-Ruhrlandhalle-Ruhrschnellweg-A40-Grumme-07-Sept-1967-1536x1500.jpg 1536w, https:\/\/ggg.grumme.de\/wp-content\/uploads\/L-00552-Neg-19314-Luftbild-Ruhrlandhalle-Ruhrschnellweg-A40-Grumme-07-Sept-1967-2048x2000.jpg 2048w, https:\/\/ggg.grumme.de\/wp-content\/uploads\/L-00552-Neg-19314-Luftbild-Ruhrlandhalle-Ruhrschnellweg-A40-Grumme-07-Sept-1967-1200x1172.jpg 1200w\" sizes=\"auto, (max-width: 666px) 100vw, 666px\" \/>\r\n<figcaption>Luftbild Ruhrlandhalle Ruhrschnellweg, Grumme, 7. Sept. 1967 (Presseamt Bochum)<\/figcaption>\r\n<\/figure>\r\n\r\n\r\n\r\n\r\n\r\n<figure class=\"wp-block-image size-medium\"><img loading=\"lazy\" decoding=\"async\" width=\"663\" height=\"666\" class=\"wp-image-557\" src=\"http:\/\/ggg.grumme.de\/wp-content\/uploads\/Dia-0264-02-Autobahn-A-430-B-1-Ruhrschnellweg-Grumme-663x666.jpg\" alt=\"Fotos vom Bau der B1\" srcset=\"https:\/\/ggg.grumme.de\/wp-content\/uploads\/Dia-0264-02-Autobahn-A-430-B-1-Ruhrschnellweg-Grumme-663x666.jpg 663w, https:\/\/ggg.grumme.de\/wp-content\/uploads\/Dia-0264-02-Autobahn-A-430-B-1-Ruhrschnellweg-Grumme-1020x1024.jpg 1020w, https:\/\/ggg.grumme.de\/wp-content\/uploads\/Dia-0264-02-Autobahn-A-430-B-1-Ruhrschnellweg-Grumme-150x150.jpg 150w, https:\/\/ggg.grumme.de\/wp-content\/uploads\/Dia-0264-02-Autobahn-A-430-B-1-Ruhrschnellweg-Grumme-768x771.jpg 768w, https:\/\/ggg.grumme.de\/wp-content\/uploads\/Dia-0264-02-Autobahn-A-430-B-1-Ruhrschnellweg-Grumme-1529x1536.jpg 1529w, https:\/\/ggg.grumme.de\/wp-content\/uploads\/Dia-0264-02-Autobahn-A-430-B-1-Ruhrschnellweg-Grumme-2039x2048.jpg 2039w, https:\/\/ggg.grumme.de\/wp-content\/uploads\/Dia-0264-02-Autobahn-A-430-B-1-Ruhrschnellweg-Grumme-1200x1205.jpg 1200w\" sizes=\"auto, (max-width: 663px) 100vw, 663px\" \/>\r\n<figcaption>A 430, B 1, Ruhrschnellweg, Grumme (Presseamt Bochum)<\/figcaption>\r\n<\/figure>\r\n\r\n\r\n\r\n<figure class=\"wp-block-image size-medium\"><img loading=\"lazy\" decoding=\"async\" width=\"666\" height=\"666\" class=\"wp-image-556\" src=\"http:\/\/ggg.grumme.de\/wp-content\/uploads\/Dia-0264-01-Autobahn-A-430-B-1-Ruhrschnellweg-Grumme-666x666.jpg\" alt=\"Fotos vom Bau der B1\" srcset=\"https:\/\/ggg.grumme.de\/wp-content\/uploads\/Dia-0264-01-Autobahn-A-430-B-1-Ruhrschnellweg-Grumme-666x666.jpg 666w, https:\/\/ggg.grumme.de\/wp-content\/uploads\/Dia-0264-01-Autobahn-A-430-B-1-Ruhrschnellweg-Grumme-1024x1024.jpg 1024w, https:\/\/ggg.grumme.de\/wp-content\/uploads\/Dia-0264-01-Autobahn-A-430-B-1-Ruhrschnellweg-Grumme-150x150.jpg 150w, https:\/\/ggg.grumme.de\/wp-content\/uploads\/Dia-0264-01-Autobahn-A-430-B-1-Ruhrschnellweg-Grumme-768x769.jpg 768w, https:\/\/ggg.grumme.de\/wp-content\/uploads\/Dia-0264-01-Autobahn-A-430-B-1-Ruhrschnellweg-Grumme-1534x1536.jpg 1534w, https:\/\/ggg.grumme.de\/wp-content\/uploads\/Dia-0264-01-Autobahn-A-430-B-1-Ruhrschnellweg-Grumme-2045x2048.jpg 2045w, https:\/\/ggg.grumme.de\/wp-content\/uploads\/Dia-0264-01-Autobahn-A-430-B-1-Ruhrschnellweg-Grumme-1200x1202.jpg 1200w\" sizes=\"auto, (max-width: 666px) 100vw, 666px\" \/>\r\n<figcaption>A 430, B 1, Grumme (Presseamt Bochum)<\/figcaption>\r\n<\/figure>\r\n\r\n\r\n\r\n<figure class=\"wp-block-image size-medium\"><img loading=\"lazy\" decoding=\"async\" width=\"6898\" height=\"6882\" class=\"wp-image-555\" src=\"http:\/\/ggg.grumme.de\/wp-content\/uploads\/Dia-0225-01-Bluna-Ruhrschnellweg-Harpen.jpg\" alt=\"Fotos vom Bau der B1\">\r\n<figcaption>Bluna, Ruhrschnellweg, Harpen (Presseamt Bochum)<\/figcaption>\r\n<\/figure>\r\n\r\n\r\n\r\n<figure class=\"wp-block-image size-medium\"><img loading=\"lazy\" decoding=\"async\" width=\"666\" height=\"658\" class=\"wp-image-554\" src=\"http:\/\/ggg.grumme.de\/wp-content\/uploads\/Dia-0213-01-Ruhrpark-Einkaufszentrum-Schnellstrasse-B-1-Autobahn-666x658.jpg\" alt=\"Fotos vom Bau der B1\" srcset=\"https:\/\/ggg.grumme.de\/wp-content\/uploads\/Dia-0213-01-Ruhrpark-Einkaufszentrum-Schnellstrasse-B-1-Autobahn-666x658.jpg 666w, https:\/\/ggg.grumme.de\/wp-content\/uploads\/Dia-0213-01-Ruhrpark-Einkaufszentrum-Schnellstrasse-B-1-Autobahn-1024x1012.jpg 1024w, https:\/\/ggg.grumme.de\/wp-content\/uploads\/Dia-0213-01-Ruhrpark-Einkaufszentrum-Schnellstrasse-B-1-Autobahn-768x759.jpg 768w, https:\/\/ggg.grumme.de\/wp-content\/uploads\/Dia-0213-01-Ruhrpark-Einkaufszentrum-Schnellstrasse-B-1-Autobahn-1536x1518.jpg 1536w, https:\/\/ggg.grumme.de\/wp-content\/uploads\/Dia-0213-01-Ruhrpark-Einkaufszentrum-Schnellstrasse-B-1-Autobahn-2048x2024.jpg 2048w, https:\/\/ggg.grumme.de\/wp-content\/uploads\/Dia-0213-01-Ruhrpark-Einkaufszentrum-Schnellstrasse-B-1-Autobahn-1200x1186.jpg 1200w\" sizes=\"auto, (max-width: 666px) 100vw, 666px\" \/>\r\n<figcaption>Ruhrpark B 1 (Presseamt Bochum)<\/figcaption>\r\n<\/figure>\r\n\r\n\r\n\r\n<figure class=\"wp-block-image size-medium\"><img loading=\"lazy\" decoding=\"async\" width=\"666\" height=\"446\" class=\"wp-image-553\" src=\"http:\/\/ggg.grumme.de\/wp-content\/uploads\/11534-24-A-430-Begruenung-Deckel-Grumme-klein-666x446.jpg\" alt=\"Fotos vom Bau der B1\" srcset=\"https:\/\/ggg.grumme.de\/wp-content\/uploads\/11534-24-A-430-Begruenung-Deckel-Grumme-klein-666x446.jpg 666w, https:\/\/ggg.grumme.de\/wp-content\/uploads\/11534-24-A-430-Begruenung-Deckel-Grumme-klein-1024x686.jpg 1024w, https:\/\/ggg.grumme.de\/wp-content\/uploads\/11534-24-A-430-Begruenung-Deckel-Grumme-klein-768x515.jpg 768w, https:\/\/ggg.grumme.de\/wp-content\/uploads\/11534-24-A-430-Begruenung-Deckel-Grumme-klein-1536x1029.jpg 1536w, https:\/\/ggg.grumme.de\/wp-content\/uploads\/11534-24-A-430-Begruenung-Deckel-Grumme-klein-2048x1372.jpg 2048w, https:\/\/ggg.grumme.de\/wp-content\/uploads\/11534-24-A-430-Begruenung-Deckel-Grumme-klein-1200x804.jpg 1200w\" sizes=\"auto, (max-width: 666px) 100vw, 666px\" \/>\r\n<figcaption>A 430 Begr\u00fcnung Deckel Grumme (Presseamt Bochum)<\/figcaption>\r\n<\/figure>\r\n\r\n\r\n\r\n\r\n\r\n<figure class=\"wp-block-image size-medium\"><img loading=\"lazy\" decoding=\"async\" width=\"666\" height=\"452\" class=\"wp-image-550\" src=\"http:\/\/ggg.grumme.de\/wp-content\/uploads\/02569-36-Baustelle-Ruhrschnellweg-Bruecke-Bergstr-Grumme-07-Aug-1962-666x452.jpg\" alt=\"Fotos vom Bau der B1\" srcset=\"https:\/\/ggg.grumme.de\/wp-content\/uploads\/02569-36-Baustelle-Ruhrschnellweg-Bruecke-Bergstr-Grumme-07-Aug-1962-666x452.jpg 666w, https:\/\/ggg.grumme.de\/wp-content\/uploads\/02569-36-Baustelle-Ruhrschnellweg-Bruecke-Bergstr-Grumme-07-Aug-1962-1024x694.jpg 1024w, https:\/\/ggg.grumme.de\/wp-content\/uploads\/02569-36-Baustelle-Ruhrschnellweg-Bruecke-Bergstr-Grumme-07-Aug-1962-768x521.jpg 768w, https:\/\/ggg.grumme.de\/wp-content\/uploads\/02569-36-Baustelle-Ruhrschnellweg-Bruecke-Bergstr-Grumme-07-Aug-1962-1536x1042.jpg 1536w, https:\/\/ggg.grumme.de\/wp-content\/uploads\/02569-36-Baustelle-Ruhrschnellweg-Bruecke-Bergstr-Grumme-07-Aug-1962-2048x1389.jpg 2048w, https:\/\/ggg.grumme.de\/wp-content\/uploads\/02569-36-Baustelle-Ruhrschnellweg-Bruecke-Bergstr-Grumme-07-Aug-1962-1200x814.jpg 1200w\" sizes=\"auto, (max-width: 666px) 100vw, 666px\" \/>\r\n<figcaption>Baustelle Ruhrschnellweg, Br\u00fccke Bergstr, Grumme, 7. Aug. 1962 (Presseamt Bochum)<\/figcaption>\r\n<\/figure>\r\n\r\n\r\n\r\n\r\n\r\n<figure class=\"wp-block-image size-medium\"><img loading=\"lazy\" decoding=\"async\" width=\"666\" height=\"447\" class=\"wp-image-552\" src=\"http:\/\/ggg.grumme.de\/wp-content\/uploads\/10616-23-A-430-Abdeckung-Grumme-klein-666x447.jpg\" alt=\"Fotos vom Bau der B1\" srcset=\"https:\/\/ggg.grumme.de\/wp-content\/uploads\/10616-23-A-430-Abdeckung-Grumme-klein-666x447.jpg 666w, https:\/\/ggg.grumme.de\/wp-content\/uploads\/10616-23-A-430-Abdeckung-Grumme-klein-1024x688.jpg 1024w, https:\/\/ggg.grumme.de\/wp-content\/uploads\/10616-23-A-430-Abdeckung-Grumme-klein-768x516.jpg 768w, https:\/\/ggg.grumme.de\/wp-content\/uploads\/10616-23-A-430-Abdeckung-Grumme-klein-1536x1031.jpg 1536w, https:\/\/ggg.grumme.de\/wp-content\/uploads\/10616-23-A-430-Abdeckung-Grumme-klein-2048x1375.jpg 2048w, https:\/\/ggg.grumme.de\/wp-content\/uploads\/10616-23-A-430-Abdeckung-Grumme-klein-1200x806.jpg 1200w\" sizes=\"auto, (max-width: 666px) 100vw, 666px\" \/>\r\n<figcaption>A 430 Abdeckung Grumme (Presseamt Bochum)<\/figcaption>\r\n<\/figure>\r\n\r\n\r\n\r\n<figure class=\"wp-block-image size-large\"><img loading=\"lazy\" decoding=\"async\" width=\"1024\" height=\"659\" class=\"wp-image-560\" src=\"http:\/\/ggg.grumme.de\/wp-content\/uploads\/L-05862-Neg-02383-10-Luftbild-Baustelle-Ruhrschnellweg-Freiflaeche-Stadion-und-Musical-Grumme-20-Juni-1961-1024x659.jpg\" alt=\"Fotos vom Bau der B1\" srcset=\"https:\/\/ggg.grumme.de\/wp-content\/uploads\/L-05862-Neg-02383-10-Luftbild-Baustelle-Ruhrschnellweg-Freiflaeche-Stadion-und-Musical-Grumme-20-Juni-1961-1024x659.jpg 1024w, https:\/\/ggg.grumme.de\/wp-content\/uploads\/L-05862-Neg-02383-10-Luftbild-Baustelle-Ruhrschnellweg-Freiflaeche-Stadion-und-Musical-Grumme-20-Juni-1961-666x429.jpg 666w, https:\/\/ggg.grumme.de\/wp-content\/uploads\/L-05862-Neg-02383-10-Luftbild-Baustelle-Ruhrschnellweg-Freiflaeche-Stadion-und-Musical-Grumme-20-Juni-1961-768x494.jpg 768w, https:\/\/ggg.grumme.de\/wp-content\/uploads\/L-05862-Neg-02383-10-Luftbild-Baustelle-Ruhrschnellweg-Freiflaeche-Stadion-und-Musical-Grumme-20-Juni-1961-1536x989.jpg 1536w, https:\/\/ggg.grumme.de\/wp-content\/uploads\/L-05862-Neg-02383-10-Luftbild-Baustelle-Ruhrschnellweg-Freiflaeche-Stadion-und-Musical-Grumme-20-Juni-1961-2048x1318.jpg 2048w, https:\/\/ggg.grumme.de\/wp-content\/uploads\/L-05862-Neg-02383-10-Luftbild-Baustelle-Ruhrschnellweg-Freiflaeche-Stadion-und-Musical-Grumme-20-Juni-1961-1200x772.jpg 1200w\" sizes=\"auto, (max-width: 1024px) 100vw, 1024px\" \/>\r\n<figcaption>Luftbild von Bochum 20. Juni 1961 (Presseamt Bochum) mittig die Arbeiten zur Vertiefung der Fahrbahn, rechts unten die neue Stra\u00dfe Schwalbengrund (1958), dar\u00fcber die Heckertstra\u00dfe, weiter oberhalb der Lerchenweg, noch weiter oberhalb ist noch ein St\u00fcck der alten Verbandsstr. (Dortmunder Str.) zu sehen (heute Wachtelweg)<\/figcaption>\r\n<\/figure>\r\n<\/div>\r\n<\/div>\r\n\r\n\r\n\r\n<figure class=\"wp-block-image size-large\"><img loading=\"lazy\" decoding=\"async\" width=\"1007\" height=\"1024\" class=\"wp-image-558\" src=\"http:\/\/ggg.grumme.de\/wp-content\/uploads\/Dia-0264-03-Autobahn-A-430-B-1-Ruhrschnellweg-Grumme-1007x1024.jpg\" alt=\"Fotos vom Bau der B1\" srcset=\"https:\/\/ggg.grumme.de\/wp-content\/uploads\/Dia-0264-03-Autobahn-A-430-B-1-Ruhrschnellweg-Grumme-1007x1024.jpg 1007w, https:\/\/ggg.grumme.de\/wp-content\/uploads\/Dia-0264-03-Autobahn-A-430-B-1-Ruhrschnellweg-Grumme-655x666.jpg 655w, https:\/\/ggg.grumme.de\/wp-content\/uploads\/Dia-0264-03-Autobahn-A-430-B-1-Ruhrschnellweg-Grumme-768x781.jpg 768w, https:\/\/ggg.grumme.de\/wp-content\/uploads\/Dia-0264-03-Autobahn-A-430-B-1-Ruhrschnellweg-Grumme-1511x1536.jpg 1511w, https:\/\/ggg.grumme.de\/wp-content\/uploads\/Dia-0264-03-Autobahn-A-430-B-1-Ruhrschnellweg-Grumme-2014x2048.jpg 2014w, https:\/\/ggg.grumme.de\/wp-content\/uploads\/Dia-0264-03-Autobahn-A-430-B-1-Ruhrschnellweg-Grumme-1200x1220.jpg 1200w\" sizes=\"auto, (max-width: 1007px) 100vw, 1007px\" \/>\r\n<figcaption>B 1, Starenweg vor dem Bau des Deckels in Grumme (Presseamt Bochum)<\/figcaption>\r\n<\/figure>\r\n\r\n\r\n\r\n<figure class=\"wp-block-image size-large\"><img loading=\"lazy\" decoding=\"async\" width=\"1024\" height=\"396\" class=\"wp-image-601\" src=\"http:\/\/ggg.grumme.de\/wp-content\/uploads\/GrummeVerbStr-1024x396.jpg\" alt=\"Fotos vom Bau der B1\" srcset=\"https:\/\/ggg.grumme.de\/wp-content\/uploads\/GrummeVerbStr-1024x396.jpg 1024w, https:\/\/ggg.grumme.de\/wp-content\/uploads\/GrummeVerbStr-666x258.jpg 666w, https:\/\/ggg.grumme.de\/wp-content\/uploads\/GrummeVerbStr-768x297.jpg 768w, https:\/\/ggg.grumme.de\/wp-content\/uploads\/GrummeVerbStr-1536x594.jpg 1536w, https:\/\/ggg.grumme.de\/wp-content\/uploads\/GrummeVerbStr-2048x792.jpg 2048w, https:\/\/ggg.grumme.de\/wp-content\/uploads\/GrummeVerbStr-1200x464.jpg 1200w\" sizes=\"auto, (max-width: 1024px) 100vw, 1024px\" \/>\r\n<figcaption>Grumme im Stadtplan 1928 (WilGr\u00f6Druck)<\/figcaption>\r\n<\/figure>\r\n\r\n\r\n\r\n<figure style=\"width: 1673px\" class=\"wp-caption alignnone\"><img loading=\"lazy\" decoding=\"async\" src=\"https:\/\/ggg.grumme.de\/wp-content\/uploads\/Bild-20-B1-Pongs-und-Zahn-29-08-1961.jpg\" alt=\"Fotos vom Bau der B1\" width=\"1673\" height=\"1010\"><figcaption class=\"wp-caption-text\"><span style=\"font-family: arial, helvetica, sans-serif; color: #000000;\">Stadt Bochum<\/span><\/figcaption><\/figure>\r\n<p><span style=\"font-family: arial, helvetica, sans-serif; color: #000000;\">Bau der B1-Br\u00fccke \u00fcber die Bergstra\u00dfe (Kreuzung Bergstr. &#8211; Josefinenstr.- Vierhausstr.) 1961<\/span><\/p>\r\n<p><img alt=\"Fotos vom Bau der B1\" decoding=\"async\" src=\"https:\/\/ggg.grumme.de\/wp-content\/uploads\/Bild-23-Blomberg-2-PB.jpg\"><\/p>\r\n<p style=\"text-align: right;\"><a href=\"http:\/\/ggg.grumme.de\/themen\/grumme-und-die-b1\" target=\"_blank\" rel=\"noreferrer noopener\"><strong><span style=\"font-size: 18pt;\"><span style=\"font-family: arial black, sans-serif;\">Grumme und die B1<\/span><\/span><\/strong><\/a><\/p>\r\n\r\n\r\n\r\n<p>&nbsp;<\/p>\r\n","protected":false},"excerpt":{"rendered":"<p>Fotos vom Bau der B1 in Grumme Bau der B1-Br\u00fccke \u00fcber die Bergstra\u00dfe (Kreuzung Bergstr. &#8211; Josefinenstr.- Vierhausstr.) 1961 Grumme und die B1 &nbsp;<\/p>\n","protected":false},"author":2,"featured_media":0,"parent":2770,"menu_order":5,"comment_status":"closed","ping_status":"closed","template":"","meta":{"ngg_post_thumbnail":0,"iawp_total_views":283,"powered_cache_disable_cache":false,"footnotes":""},"class_list":["post-627","page","type-page","status-publish","hentry","entry"],"_links":{"self":[{"href":"https:\/\/ggg.grumme.de\/index.php?rest_route=\/wp\/v2\/pages\/627","targetHints":{"allow":["GET"]}}],"collection":[{"href":"https:\/\/ggg.grumme.de\/index.php?rest_route=\/wp\/v2\/pages"}],"about":[{"href":"https:\/\/ggg.grumme.de\/index.php?rest_route=\/wp\/v2\/types\/page"}],"author":[{"embeddable":true,"href":"https:\/\/ggg.grumme.de\/index.php?rest_route=\/wp\/v2\/users\/2"}],"replies":[{"embeddable":true,"href":"https:\/\/ggg.grumme.de\/index.php?rest_route=%2Fwp%2Fv2%2Fcomments&post=627"}],"version-history":[{"count":23,"href":"https:\/\/ggg.grumme.de\/index.php?rest_route=\/wp\/v2\/pages\/627\/revisions"}],"predecessor-version":[{"id":5086,"href":"https:\/\/ggg.grumme.de\/index.php?rest_route=\/wp\/v2\/pages\/627\/revisions\/5086"}],"up":[{"embeddable":true,"href":"https:\/\/ggg.grumme.de\/index.php?rest_route=\/wp\/v2\/pages\/2770"}],"wp:attachment":[{"href":"https:\/\/ggg.grumme.de\/index.php?rest_route=%2Fwp%2Fv2%2Fmedia&parent=627"}],"curies":[{"name":"wp","href":"https:\/\/api.w.org\/{rel}","templated":true}]}}