{"id":5420,"date":"2026-04-10T08:24:43","date_gmt":"2026-04-10T07:24:43","guid":{"rendered":"https:\/\/ggg.grumme.de\/?page_id=5420"},"modified":"2026-04-16T07:07:11","modified_gmt":"2026-04-16T06:07:11","slug":"werkstatt-constantin-und-lebenshilfe","status":"publish","type":"page","link":"https:\/\/ggg.grumme.de\/?page_id=5420","title":{"rendered":"Werkstatt Constantin und Lebenshilfe"},"content":{"rendered":"<p><span style=\"font-family: arial, helvetica, sans-serif; color: #000000;\">Wo fr\u00fcher nebenan die beiden F\u00f6rderger\u00fcste der Zeche Constantin der Gro\u00dfe, Schacht 6\/7 standen, werden seit Beginn der 80er Jahre in zwei Einrichtungen, in einer Werkstatt und in einem Wohnheim, behinderte Menschen gef\u00f6rdert.<\/span><\/p>\n<p><span style=\"font-family: arial, helvetica, sans-serif; color: #000000;\">Auf den Fundamenten der 1966 stillgelegten Zeche an der Hiltroper Stra\u00dfe befinden sich heute das Hauptgeb\u00e4ude und die Verwaltung der <strong>Werkstatt Constantin-Bewatt<\/strong> und das <strong>Ulrich Jacobowsky Haus<\/strong> der Lebenshilfe Bochum gGmbH.<\/span><\/p>\n<figure style=\"width: 1700px\" class=\"wp-caption alignnone\"><img loading=\"lazy\" decoding=\"async\" src=\"https:\/\/ggg.grumme.de\/wp-content\/uploads\/ConstantinWerkstatt.webp\" alt=\"Werkstatt Constantin und Lebenshilfe\" width=\"1700\" height=\"500\"><figcaption class=\"wp-caption-text\">Foto: https:\/\/werkstattconstantin-bewatt.de\/wir-ueber-uns\/geschichte-der-werkstatt<\/figcaption><\/figure>\n<p><span style=\"font-family: arial, helvetica, sans-serif; color: #000000;\">1977 beschloss die Innere Mission Bochum den Aufbau einer Werkstatt f\u00fcr behinderte Menschen, was 1978 zur \u00dcbernahme der Bewatt (Beleuchtungsk\u00f6rperfabrik Wattenscheid f\u00fcr Kriegsversehrte) in G\u00fcnnigfeld f\u00fchrte. 1980 wurde sie er\u00f6ffnet.<\/span><\/p>\n<p><span style=\"font-family: arial, helvetica, sans-serif; color: #000000;\">Der Neubau der&nbsp;Werkstatt an der Hiltroper Stra\u00dfe im Jahre 1982 (damals 180 Pl\u00e4tze) bietet heute Platz f\u00fcr ca. 450 Menschen mit einer geistigen Behinderung.&nbsp;<\/span><span style=\"font-family: arial, helvetica, sans-serif; color: #000000;\">Seit 2001 gibt es dort einen F\u00f6rderbereich f\u00fcr schwerstmehrfachbehinderte Menschen mit 24 Pl\u00e4tzen.&nbsp;<br \/>\n<\/span><span style=\"font-family: arial, helvetica, sans-serif; color: #000000;\">Neben der Rehabilitation, der F\u00f6rderung durch Bildung und Qualifizierung und der Unterst\u00fctzung in t\u00e4glichen Lebenslagen und -fragen nimmt der Wir-Begriff eine gro\u00dfe Bedeutung im Rahmen der Arbeit ein. Betriebsausfl\u00fcge, Sommerfeste, Weihnachtsfeiern und die Teilnahme an Sportevents finden innerhalb der Werkstatt eine gro\u00dfe Beachtung.<\/span><\/p>\n<p><span style=\"font-family: arial, helvetica, sans-serif; color: #000000;\">Erg\u00e4nzt durch Frauenbeauftragte, Werkstattrat und Mitarbeitervertretung spiegelt sich das gesellschaftliche Arbeiten in den Bereichen der Mitbestimmung, dem Solidarit\u00e4tsgedanken und arbeitsrechtlichen Angelegenheiten wieder.<br \/>\n<\/span><span style=\"font-family: arial, helvetica, sans-serif; color: #000000;\">&nbsp; &nbsp; &nbsp; Text nach: <a href=\"https:\/\/werkstattconstantin-bewatt.de\/wir-ueber-uns\/geschichte-der-werkstatt\">https:\/\/werkstattconstantin-bewatt.de\/wir-ueber-uns\/geschichte-der-werkstatt<\/a><\/span><\/p>\n<figure style=\"width: 487px\" class=\"wp-caption alignnone\"><img loading=\"lazy\" decoding=\"async\" src=\"https:\/\/ggg.grumme.de\/wp-content\/uploads\/Lebenshilfe.jpg\" alt=\"Werkstatt Constantin und Lebenshilfe\" width=\"487\" height=\"326\"><figcaption class=\"wp-caption-text\">Foto: https:\/\/www.lebenshilfe-bochum.de\/de\/unsere-angebote\/Ulrich-Jacobowsky-Haus.php<\/figcaption><\/figure>\n<div class=\"elementBox elementBox_var0 isLightBackground iconsDefault elementBoxBackgroundColor_var10 elementBoxPadding_var60 elementBoxHeight_var0\" data-parallaxcontentminwidth=\"992\">\n<div class=\"boxInner\">\n<div class=\"elementText elementText_var0 elementTextListStyle_var0\">\n<p><span style=\"font-family: arial, helvetica, sans-serif; color: #000000;\">Das <strong>Ulrich Jacobowsky Haus <\/strong>wurde im Februar 1982 erstmals bezogen. Es bietet zur Zeit 51 Menschen mit Assistenzbedarf ein Zuhause. Die f\u00fcnf Wohngruppen des Hauses verteilen sich \u00fcber zwei Etagen. Jede Gruppe verf\u00fcgt jeweils \u00fcber eine Gemeinschaftsk\u00fcche, einen Wohn- und Essraum sowie einen daran anschlie\u00dfenden Balkon.<\/span><\/p>\n<p><span style=\"font-family: arial, helvetica, sans-serif; color: #000000;\">Die Zusammensetzung der Gruppen ist in Geschlecht und Alter sowie Art und Schwere der Behinderung gemischt. Das Zusammenleben innerhalb einer Wohngruppe tr\u00e4gt zur Entwicklung der eigenen Identit\u00e4t bei. Es bietet Menschen, neben dem Gef\u00fchl der Zugeh\u00f6rigkeit, auch die M\u00f6glichkeit, Beziehungen und Freundschaften aufzubauen.<\/span><\/p>\n<p><span style=\"font-family: arial, helvetica, sans-serif; color: #000000;\">Man will den Bewohnerinnen und Bewohnern so viel Assistenz geben, wie sie ben\u00f6tigen. Im Vordergrund steht dabei die Hilfe zu immer mehr Selbstst\u00e4ndigkeit.<\/span><\/p>\n<p><span style=\"font-family: arial, helvetica, sans-serif; color: #000000;\">&nbsp; &nbsp; &nbsp; Text nach&nbsp; &nbsp; <a href=\"https:\/\/www.lebenshilfe-bochum.de\/de\/unsere-angebote\/Ulrich-Jacobowsky-Haus.php\">https:\/\/www.lebenshilfe-bochum.de\/de\/unsere-angebote\/Ulrich-Jacobowsky-Haus.php<\/a><\/span><\/p>\n<\/div>\n<\/div>\n<\/div>\n","protected":false},"excerpt":{"rendered":"<p>Wo fr\u00fcher nebenan die beiden F\u00f6rderger\u00fcste der Zeche Constantin der Gro\u00dfe, Schacht 6\/7 standen, werden seit Beginn der 80er Jahre in zwei Einrichtungen, in einer&#8230;<\/p>\n<div class=\"more-link-wrapper\"><a class=\"more-link\" href=\"https:\/\/ggg.grumme.de\/?page_id=5420\">Weiterlesen<span class=\"screen-reader-text\">Werkstatt Constantin und Lebenshilfe<\/span><\/a><\/div>\n","protected":false},"author":2,"featured_media":0,"parent":2770,"menu_order":0,"comment_status":"closed","ping_status":"closed","template":"","meta":{"ngg_post_thumbnail":0,"iawp_total_views":20,"powered_cache_disable_cache":false,"footnotes":""},"class_list":["post-5420","page","type-page","status-publish","hentry","entry"],"_links":{"self":[{"href":"https:\/\/ggg.grumme.de\/index.php?rest_route=\/wp\/v2\/pages\/5420","targetHints":{"allow":["GET"]}}],"collection":[{"href":"https:\/\/ggg.grumme.de\/index.php?rest_route=\/wp\/v2\/pages"}],"about":[{"href":"https:\/\/ggg.grumme.de\/index.php?rest_route=\/wp\/v2\/types\/page"}],"author":[{"embeddable":true,"href":"https:\/\/ggg.grumme.de\/index.php?rest_route=\/wp\/v2\/users\/2"}],"replies":[{"embeddable":true,"href":"https:\/\/ggg.grumme.de\/index.php?rest_route=%2Fwp%2Fv2%2Fcomments&post=5420"}],"version-history":[{"count":14,"href":"https:\/\/ggg.grumme.de\/index.php?rest_route=\/wp\/v2\/pages\/5420\/revisions"}],"predecessor-version":[{"id":5445,"href":"https:\/\/ggg.grumme.de\/index.php?rest_route=\/wp\/v2\/pages\/5420\/revisions\/5445"}],"up":[{"embeddable":true,"href":"https:\/\/ggg.grumme.de\/index.php?rest_route=\/wp\/v2\/pages\/2770"}],"wp:attachment":[{"href":"https:\/\/ggg.grumme.de\/index.php?rest_route=%2Fwp%2Fv2%2Fmedia&parent=5420"}],"curies":[{"name":"wp","href":"https:\/\/api.w.org\/{rel}","templated":true}]}}