{"id":5368,"date":"2026-02-21T16:12:52","date_gmt":"2026-02-21T15:12:52","guid":{"rendered":"https:\/\/ggg.grumme.de\/?page_id=5368"},"modified":"2026-03-29T08:48:02","modified_gmt":"2026-03-29T07:48:02","slug":"heinrich-boell-gesamtschule","status":"publish","type":"page","link":"https:\/\/ggg.grumme.de\/?page_id=5368","title":{"rendered":"Heinrich-B\u00f6ll-Gesamtschule"},"content":{"rendered":"<p><span style=\"font-family: arial, helvetica, sans-serif; color: #000000; font-size: 14pt;\">Die Heinrich-B\u00f6ll-Gesamtschule geh\u00f6rt zu Bochum-Grumme. Sie ist aus dem ehemaligen Gymnasium <i>&#8218;Freiherr-vom-Stein-Schule&#8216;<\/i>&nbsp;hervorgegangen.<\/span><\/p>\n<p><span style=\"color: #000000;\"><span style=\"font-family: arial, helvetica, sans-serif; font-size: 14pt;\">Die <em><strong>Heinrich-B\u00f6ll<span style=\"font-family: arial, helvetica, sans-serif; font-size: 14pt;\">-Gesamtschule<\/span><\/strong><\/em> ist eine Ganztagsschule mit Unterricht von 8.00 bis 15.50 Uhr. Sie wurde <\/span><span style=\"font-family: arial, helvetica, sans-serif; font-size: 14pt;\">1982 als \u201eGesamtschule II\u201c der Stadt Bochum gegr\u00fcndet, sechsz\u00fcgig mit \u00fcber 150 Sch\u00fclerinnen und Sch\u00fclern. Standort: Rosenberg, Haydnstra\u00dfe.<\/span><\/span><br \/>\n<span style=\"font-family: arial, helvetica, sans-serif; font-size: 14pt; color: #000000;\">1984 zog die Gesamtschule II um in das Geb\u00e4ude der Freiherr-vom-Stein-Schule an der Agnesstra\u00dfe. Die Freiherr-vom-Stein-Schule zog in das Geb\u00e4ude der Carl-L\u00fchrig-Schule.<\/span><\/p>\n<p><span style=\"font-family: arial, helvetica, sans-serif; font-size: 14pt; color: #000000;\">1987 erhielt sie bei einer feierlichen Namensgebung in Anwesenheit eines Sohnes von Heinrich B\u00f6ll den Namen \u201eHeinrich-B\u00f6ll-Gesamtschule\u201c.<\/span><br \/>\n<span style=\"font-family: arial, helvetica, sans-serif; font-size: 14pt; color: #000000;\">1987 wurde der Musikzweig installiert, er ist eine der ersten Schwerpunktbildungen an einer Gesamtschule in NRW.<\/span><br \/>\n<span style=\"font-family: arial, helvetica, sans-serif; font-size: 14pt; color: #000000;\">1988 waren Mensa und die neue Dreifachturnhalle fertig.<\/span><\/p>\n<p><span style=\"color: #000000;\"><span style=\"font-family: arial, helvetica, sans-serif; font-size: 14pt;\">Die Freiherr-vom-Stein-Schule selbst sollte zun\u00e4chst erhalten bleiben, doch f\u00fchrten Schlie\u00dfungsger\u00fcchte dazu, dass die Anmeldezahlen stark abfielen. So wurde das Gymnasium immer kleiner und schlie\u00dflich 1990 geschlossen. Die Heinrich-B\u00f6ll-Gesamtschule \u00fcbernahm dann auch das <\/span><span style=\"font-family: arial, helvetica, sans-serif; font-size: 14pt;\">benachbarte Geb\u00e4ude an der Gretchenstra\u00dfe.<br \/>\n1991 verlie\u00df der erste Abiturjahrgang die Schule.<\/span><\/span><br \/>\n<span style=\"color: #000000;\"><span style=\"font-family: arial, helvetica, sans-serif; font-size: 14pt;\">Von 2008 bis 2022 wurde das Schulgeb\u00e4ude umfassend renoviert und energetisch saniert (Architekten: Marc B\u00fcsing und Frank van Wickeren). <span style=\"color: #000000;\">Die Klinker des Hauptgeb\u00e4udes fielen dabei der Sanierung zum Opfer, weil sonst alle Fugen h\u00e4tten erneuert werden m\u00fcssen. In einigen Klassenr\u00e4umen liegt noch immer der originale Parkettboden, inzwischen mehrfach abgeschliffen und bearbeitet.<\/span><\/span><\/span><\/p>\n<p><span style=\"font-family: arial, helvetica, sans-serif; font-size: 14pt; color: #000000;\">2009 konnten der Erweiterungsbau an der Wielandstra\u00dfe, 2017 nach erheblichen Verz\u00f6gerungen das neue Geb\u00e4ude auf dem Schulhof, inoffiziell genannt \u201eSpanisches Haus\u201c, bezogen werden.<\/span><\/p>\n<p><span style=\"font-family: arial, helvetica, sans-serif; font-size: 14pt; color: #000000;\">Aktuell 2026 besuchen ca. 1300 Sch\u00fclerinnen und Sch\u00fcler die Schule.<\/span><\/p>\n<p><span style=\"font-family: arial, helvetica, sans-serif; color: #000000; font-size: 12pt;\"><img alt=\"Heinrich-B\u00f6ll-Gesamtschule\" loading=\"lazy\" decoding=\"async\" class=\"alignright\" src=\"https:\/\/ggg.grumme.de\/wp-content\/uploads\/hbg.jpg\" width=\"496\" height=\"195\"><\/span><\/p>\n<p><span style=\"font-family: arial, helvetica, sans-serif; color: #000000; font-size: 14pt;\">So besteht die Schule heute aus den Geb\u00e4uden Agnesstra\u00dfe, Gretchenstra\u00dfe (fr\u00fcher Carl-L\u00fchrig-Realschule), Wielandstra\u00dfe und dem Erweiterungsbau auf dem Schulhof.<\/span><\/p>\n<p>&nbsp;<\/p>\n<figure style=\"width: 322px\" class=\"wp-caption alignleft\"><img loading=\"lazy\" decoding=\"async\" src=\"https:\/\/ggg.grumme.de\/wp-content\/uploads\/Bochum_Baudenkmal_518_Heinrich-Boell-Gesamtschule_Bochum-2786-scaled.jpg\" alt=\"Heinrich-B\u00f6ll-Gesamtschule\" width=\"322\" height=\"176\"><figcaption class=\"wp-caption-text\">Das Hauptrgeb\u00e4ude nach der Sanierung Foto wikipedia<\/figcaption><\/figure>\n<p><img alt=\"Heinrich-B\u00f6ll-Gesamtschule\" loading=\"lazy\" decoding=\"async\" class=\"alignleft\" src=\"https:\/\/ggg.grumme.de\/wp-content\/uploads\/BoellGS.gif\" width=\"118\" height=\"113\"><\/p>\n<p><span style=\"font-family: arial, helvetica, sans-serif; color: #000000; font-size: 14pt;\">Die Gesamtschule besitzt einen Musikzweig: Je zwei der sechs Klassen eines Jahrgangs erhalten w\u00e4hrend der Sekundarstufe I einen erweiterten Musikunterricht.<\/span><\/p>\n<p>&nbsp;<\/p>\n<p>&nbsp;<\/p>\n<p><span style=\"font-family: arial, helvetica, sans-serif; font-size: 18pt; color: #000000;\"><em><strong>Kunstwerke in der Heinrich-B\u00f6ll-Gesamtschule<\/strong><\/em><\/span><\/p>\n<p><span style=\"font-family: arial, helvetica, sans-serif; font-size: 14pt; color: #000000;\">Der k\u00fcnstlerisch bedeutsame <span style=\"font-size: 18pt;\"><strong>&#8218;Becker Leuchter&#8216;<\/strong><\/span> im Nebentreppenhaus wurde vom gleichnamigen Bochumer K\u00fcnstler entworfen, der auch Architekt der Trauerhalle in Grumme war. <span style=\"font-size: 18pt;\"><strong>Egon Becker<\/strong><\/span> (1910-1989) hat die Lampe 1956\/57 geschaffen. Als Sch\u00fcler von Josef Albers und Wassily Kandinsky war er vom \u201aBauhaus\u2018 beeinflusst. Die Lampe ist als kinetischer Beleuchtungsk\u00f6rper in der Form eines Mobiles einmalig in Deutschland und galt damals als gewagtes innenarchitektonisches Experiment. Anfangs war sie als \u201cPicasso-Kunst\u201d verschrien. Man bef\u00fcrchtete auch, die Seelen der jungen M\u00e4dchen k\u00f6nnten Schaden nehmen.&nbsp;<\/span><span style=\"font-family: arial, helvetica, sans-serif; font-size: 14pt; color: #000000;\">Dr. Hans Hanke setzte sich sp\u00e4ter&nbsp;als Vorsitzender der Kortum-Gesellschaft Bochum e.V.&nbsp; f\u00fcr den Erhalt und die Restaurierung des Leuchters ein, der eigentlich entsorgt werden sollte.<\/span><\/p>\n<table style=\"border-collapse: collapse; width: 100%;\">\n<tbody>\n<tr>\n<td style=\"width: 50%;\">\n<p><figure style=\"width: 243px\" class=\"wp-caption aligncenter\"><img loading=\"lazy\" decoding=\"async\" src=\"https:\/\/ggg.grumme.de\/wp-content\/uploads\/Boell3_Hanke-rotated.jpeg\" alt=\"Heinrich-B\u00f6ll-Gesamtschule\" width=\"243\" height=\"324\"><figcaption class=\"wp-caption-text\">Fotos Hans H. Hanke.&nbsp;<\/figcaption><\/figure><\/td>\n<td style=\"width: 50%;\"><img alt=\"Heinrich-B\u00f6ll-Gesamtschule\" loading=\"lazy\" decoding=\"async\" class=\"aligncenter\" src=\"https:\/\/ggg.grumme.de\/wp-content\/uploads\/Freiherr-vom-Stein-Boell-Schule00008.jpeg\" width=\"247\" height=\"329\"><\/td>\n<\/tr>\n<\/tbody>\n<\/table>\n<p align=\"left\"><span style=\"color: #000000; font-size: 14pt; font-family: arial, helvetica, sans-serif;\">In dem riesigen <span style=\"font-size: 18pt;\"><strong>Glasfenster <\/strong><span style=\"font-size: 14pt;\">der Schule hat <\/span><strong>Ignatius Geitel<\/strong><\/span> 1958 <\/span><span style=\"color: #000000; font-size: 14pt; font-family: arial, helvetica, sans-serif;\">die vier Elemente Erde, Feuer, Wasser, Luft in transparentes Sonnenlicht getaucht&nbsp;<\/span><\/p>\n<table style=\"border-collapse: collapse; width: 100%;\">\n<tbody>\n<tr>\n<td style=\"width: 50%;\">\n<p><figure style=\"width: 391px\" class=\"wp-caption alignnone\"><img loading=\"lazy\" decoding=\"async\" class=\"\" src=\"https:\/\/ggg.grumme.de\/wp-content\/uploads\/Boell2_hanke.jpeg\" alt=\"Heinrich-B\u00f6ll-Gesamtschule\" width=\"391\" height=\"293\"><figcaption class=\"wp-caption-text\">Fotos Hans H. Hanke<\/figcaption><\/figure><\/td>\n<td style=\"width: 50%;\"><img alt=\"Heinrich-B\u00f6ll-Gesamtschule\" loading=\"lazy\" decoding=\"async\" class=\"\" src=\"https:\/\/ggg.grumme.de\/wp-content\/uploads\/IMG_5694.jpeg\" width=\"397\" height=\"298\"><\/td>\n<\/tr>\n<\/tbody>\n<\/table>\n<p><span style=\"font-family: arial, helvetica, sans-serif; font-size: 14pt; color: #000000;\"><strong>Ignatius Geitel<\/strong> (1913 &#8211; 1985) war an der internationalen Moderne orientiert und verachtete die nationalsozialistischen Ideen. N<\/span><span style=\"font-family: arial, helvetica, sans-serif; font-size: 14pt; color: #000000;\">ach zehn Jahren als Soldat und Kriegsgefangener in Russland kehrte er zur\u00fcck nach Bochum, wo er sich 1949 selbst ein Atelier in der Ruine der Freiherr-vom-Stein Schule an der Arndtstra\u00dfe mauerte. 1949 wurde er Mitglied des \u201eBochumer K\u00fcnstlerbundes\u201c, 1952 gr\u00fcndete er mit Gleichgesinnten die legend\u00e4re K\u00fcnstlervereinigung \u201eHellweg\u201c<\/span><\/p>\n<pre class=\"western\"><span style=\"color: #000000; font-family: arial, helvetica, sans-serif; font-size: 14pt;\">Im Jahr 2000 wurden die Geb\u00e4udeteile Foyer, Aula und Nebentreppenhaus mitsamt den Kunstwerken in die Denkmalliste der Stadt Bochum (A 518) eingetragen.<\/span><\/pre>\n<p><span style=\"font-family: arial, helvetica, sans-serif; color: #000000; font-size: 14pt;\">2024 und 2025 wurden auf dem Schulgel\u00e4nde <a style=\"color: #000000;\" href=\"https:\/\/ggg.grumme.de\/?page_id=2953\">Bomben aus dem 2. Weltkrieg<\/a> gefunden und entsch\u00e4rft.<\/span><\/p>\n<p><a href=\"https:\/\/hbg-bo.de\/\"><span style=\"font-family: arial, helvetica, sans-serif; color: #000000;\">h<span style=\"font-size: 12pt;\">ttps:\/\/hbg-bo.de\/<\/span><\/span><\/a><\/p>\n<p><span style=\"font-family: arial, helvetica, sans-serif; font-size: 12pt; color: #000000;\">vielen Dank an H. Hanke, E. Klinkm\u00fcller, H. J. Roskam und H. G. Spichartz f\u00fcr die zahlreichen Informationen<\/span><\/p>\n<p>&nbsp;<\/p>\n","protected":false},"excerpt":{"rendered":"<p>Die Heinrich-B\u00f6ll-Gesamtschule geh\u00f6rt zu Bochum-Grumme. Sie ist aus dem ehemaligen Gymnasium &#8218;Freiherr-vom-Stein-Schule&#8216;&nbsp;hervorgegangen. Die Heinrich-B\u00f6ll-Gesamtschule ist eine Ganztagsschule mit Unterricht von 8.00 bis 15.50 Uhr. Sie&#8230;<\/p>\n<div class=\"more-link-wrapper\"><a class=\"more-link\" href=\"https:\/\/ggg.grumme.de\/?page_id=5368\">Weiterlesen<span class=\"screen-reader-text\">Heinrich-B\u00f6ll-Gesamtschule<\/span><\/a><\/div>\n","protected":false},"author":2,"featured_media":0,"parent":2770,"menu_order":0,"comment_status":"closed","ping_status":"closed","template":"","meta":{"ngg_post_thumbnail":0,"iawp_total_views":11,"powered_cache_disable_cache":false,"footnotes":""},"class_list":["post-5368","page","type-page","status-publish","hentry","entry"],"_links":{"self":[{"href":"https:\/\/ggg.grumme.de\/index.php?rest_route=\/wp\/v2\/pages\/5368","targetHints":{"allow":["GET"]}}],"collection":[{"href":"https:\/\/ggg.grumme.de\/index.php?rest_route=\/wp\/v2\/pages"}],"about":[{"href":"https:\/\/ggg.grumme.de\/index.php?rest_route=\/wp\/v2\/types\/page"}],"author":[{"embeddable":true,"href":"https:\/\/ggg.grumme.de\/index.php?rest_route=\/wp\/v2\/users\/2"}],"replies":[{"embeddable":true,"href":"https:\/\/ggg.grumme.de\/index.php?rest_route=%2Fwp%2Fv2%2Fcomments&post=5368"}],"version-history":[{"count":16,"href":"https:\/\/ggg.grumme.de\/index.php?rest_route=\/wp\/v2\/pages\/5368\/revisions"}],"predecessor-version":[{"id":5415,"href":"https:\/\/ggg.grumme.de\/index.php?rest_route=\/wp\/v2\/pages\/5368\/revisions\/5415"}],"up":[{"embeddable":true,"href":"https:\/\/ggg.grumme.de\/index.php?rest_route=\/wp\/v2\/pages\/2770"}],"wp:attachment":[{"href":"https:\/\/ggg.grumme.de\/index.php?rest_route=%2Fwp%2Fv2%2Fmedia&parent=5368"}],"curies":[{"name":"wp","href":"https:\/\/api.w.org\/{rel}","templated":true}]}}