{"id":5080,"date":"2026-01-09T08:47:05","date_gmt":"2026-01-09T07:47:05","guid":{"rendered":"https:\/\/ggg.grumme.de\/?page_id=5080"},"modified":"2026-01-27T08:59:25","modified_gmt":"2026-01-27T07:59:25","slug":"fotos-vom-bau-der-b1-abzweig-harpen","status":"publish","type":"page","link":"https:\/\/ggg.grumme.de\/?page_id=5080","title":{"rendered":"Abzweig Harpen"},"content":{"rendered":"<p><span style=\"color: #000000;\"><strong><span style=\"font-family: arial, helvetica, sans-serif; font-size: 14pt;\">Der Abzweig Harpen vor dem ersten Weltkrieg&nbsp;<\/span><\/strong><\/span><\/p>\r\n\r\n<p class=\"is-layout-flex wp-container-core-columns-is-layout-9d6595d7 wp-block-columns-is-layout-flex\"><img alt=\"Abzweig Harpen\" loading=\"lazy\" decoding=\"async\" class=\"\" src=\"https:\/\/ggg.grumme.de\/wp-content\/uploads\/B10-1904-restaurant-zur-freiburg-hegenberg-kop-hung.jpg\" width=\"775\" height=\"501\"><\/p>\r\n<p><span style=\"font-family: arial, helvetica, sans-serif; color: #000000;\">Die Restauration Freiburg mit dem Wirt Hegenberg befand sich am Abzweig Harpen. Dort wurden zeitweise die katholischen Volkssch\u00fcler aus der V\u00f6de unterichtet.1903 war dort die Amtsverwaltung von Grumme untergebracht. Nach dem Konkurs von Hegenberg hat zun\u00e4chst die Brauerei die Wirtschaft \u00fcbernommen. Dann \u00fcbernahm Decker die Wirtschaft. 1943 wurde sie durch Bomben zerst\u00f6rt, 1963 ist sie an der Josephinenstr neu erstanden. Aktuell steht es leer nach \u00dcbernahme durch Metzger Drees und soll abgerissen werden.<\/span><\/p>\r\n<figure style=\"width: 222px\" class=\"wp-caption alignleft\"><img loading=\"lazy\" decoding=\"async\" src=\"https:\/\/ggg.grumme.de\/wp-content\/uploads\/AbzweigHarpen1928.jpg\" alt=\"Abzweig Harpen\" width=\"222\" height=\"335\"><figcaption class=\"wp-caption-text\">Plan von Bochum 1926<\/figcaption><\/figure>\r\n<figure style=\"width: 533px\" class=\"wp-caption alignright\"><img loading=\"lazy\" decoding=\"async\" class=\"\" src=\"https:\/\/ggg.grumme.de\/wp-content\/uploads\/1910-Abzweig-Harpen-links-Decker-Bo-Nord.jpg\" alt=\"Abzweig Harpen\" width=\"533\" height=\"303\"><figcaption class=\"wp-caption-text\">Abzweig Harpen 1910<\/figcaption><\/figure>\r\n<p>&nbsp;<\/p>\r\n<p>Die <span style=\"font-family: arial, helvetica, sans-serif; color: #000000;\"><br><\/span><\/p>\r\n<p>&nbsp;<\/p>\r\n<p>&nbsp;<\/p>\r\n<p>&nbsp;<\/p>\r\n<p>&nbsp;<\/p>\r\n<p>&nbsp;<\/p>\r\n<p>&nbsp;<\/p>\r\n<p style=\"text-align: left;\"><span style=\"font-family: arial, helvetica, sans-serif; color: #000000;\">Stra\u00dfenbahnen kamen die Castroper Stra\u00dfe hoch und fuhren am <strong>Abzweig Harpen<\/strong> entweder nach links \u00fcber den Castroper Hellweg nach Gerthe oder geradeaus weiter \u00fcber den Harpener Hellweg.nach Harpen.<\/span><\/p>\r\n<p>&nbsp;<\/p>\r\n<table style=\"border-collapse: collapse; width: 100%;\">\r\n<tbody>\r\n<tr>\r\n<td style=\"width: 50%;\"><img alt=\"Abzweig Harpen\" loading=\"lazy\" decoding=\"async\" class=\"\" src=\"https:\/\/ggg.grumme.de\/wp-content\/uploads\/AK-Grumme-Gaststaette-zum-Treffpunkt-Carl-Decker0001-scaled.jpg\" width=\"501\" height=\"329\"><\/td>\r\n<td style=\"width: 50%;\"><strong><img alt=\"Abzweig Harpen\" loading=\"lazy\" decoding=\"async\" class=\"\" src=\"https:\/\/ggg.grumme.de\/wp-content\/uploads\/1950-Gaststaette-Decker-Bo-Nord.jpg\" width=\"255\" height=\"262\"><\/strong><\/td>\r\n<\/tr>\r\n<\/tbody>\r\n<\/table>\r\n<div>\r\n<p style=\"text-align: center;\"><span style=\"font-family: arial, helvetica, sans-serif; color: #000000;\">Gastst\u00e4tte Decker vor und zerst\u00f6rt nach dem dem 2. Weltkrieg&nbsp;<\/span><\/p>\r\n<p><strong><span style=\"font-family: arial, helvetica, sans-serif; color: #000000; font-size: 14pt;\">Der Abzweig Harpen nach dem zweiten Weltkrieg&nbsp;<\/span><\/strong><\/p>\r\n<\/div>\r\n<div>\r\n<figure class=\"wp-block-image size-medium\"><img loading=\"lazy\" decoding=\"async\" width=\"666\" height=\"444\" class=\"wp-image-551\" src=\"http:\/\/ggg.grumme.de\/wp-content\/uploads\/04979-Castroper-Str-Kreuzung-Ruhrschnellweg-1957-666x444.jpg\" alt=\"Abzweig Harpen\" srcset=\"https:\/\/ggg.grumme.de\/wp-content\/uploads\/04979-Castroper-Str-Kreuzung-Ruhrschnellweg-1957-666x444.jpg 666w, https:\/\/ggg.grumme.de\/wp-content\/uploads\/04979-Castroper-Str-Kreuzung-Ruhrschnellweg-1957-1024x683.jpg 1024w, https:\/\/ggg.grumme.de\/wp-content\/uploads\/04979-Castroper-Str-Kreuzung-Ruhrschnellweg-1957-768x512.jpg 768w, https:\/\/ggg.grumme.de\/wp-content\/uploads\/04979-Castroper-Str-Kreuzung-Ruhrschnellweg-1957-1536x1024.jpg 1536w, https:\/\/ggg.grumme.de\/wp-content\/uploads\/04979-Castroper-Str-Kreuzung-Ruhrschnellweg-1957-2048x1365.jpg 2048w, https:\/\/ggg.grumme.de\/wp-content\/uploads\/04979-Castroper-Str-Kreuzung-Ruhrschnellweg-1957-1200x800.jpg 1200w\" sizes=\"auto, (max-width: 666px) 100vw, 666px\" \/><\/figure>\r\n<\/div>\r\n<div class=\"wp-block-column\" style=\"flex-basis: 100%; text-align: left;\"><span style=\"color: #000000;\"><span style=\"font-family: arial, helvetica, sans-serif;\">Abzweig Harpen1957 (Presseamt Bochum)<\/span><\/span><\/div>\r\n<div>&nbsp;<\/div>\r\n<div><img alt=\"Abzweig Harpen\" loading=\"lazy\" decoding=\"async\" class=\"aligncenter\" src=\"https:\/\/ggg.grumme.de\/wp-content\/uploads\/AbzweigHarpen_BeiunsBoNord.jpg\" width=\"684\" height=\"428\"><\/div>\r\n<div style=\"text-align: center;\"><span style=\"color: #000000;\"><span style=\"font-family: arial, helvetica, sans-serif;\">Abzweig Harpen 1955 <\/span><span style=\"font-family: arial, helvetica, sans-serif;\">(aus Bezirksvertretung Bochum Nord, Bei uns in Bochum Nord, Bochum S.96)<\/span><\/span><\/div>\r\n<div>&nbsp;<\/div>\r\n<div>&nbsp;<\/div>\r\n<div><strong><span style=\"font-family: arial, helvetica, sans-serif; font-size: 14pt; color: #000000;\">Umbau des Abzweigs Anfang der 1960er Jahre<\/span><\/strong><\/div>\r\n<div><span style=\"font-family: arial, helvetica, sans-serif; color: #000000;\">Der Abzweig Harpen wurde wegen des vierspurigen Ausbaus der B1 umgebaut. Der obere Teil der Castroper Stra\u00dfe wurde verlegt, drei bekannte Bochumer Gastst\u00e4tten (der \u201eAlter Esel\u201c, Decker und Zimmermann) wurden deshalb abgebrochen. So entstand die neue Kreuzung von Castroper Stra\u00dfe \/ Castroper Hellweg \/ Harpener Hellweg, heute eine der verkehrsreichsten der Stadt. Die NS VII (sp\u00e4ter Sheffieldring) kam sp\u00e4ter dazu. <\/span><\/div>\r\n<div><img alt=\"Abzweig Harpen\" loading=\"lazy\" decoding=\"async\" class=\"aligncenter\" src=\"https:\/\/ggg.grumme.de\/wp-content\/uploads\/B06-1962-Mitte-Castroper-Strasse-Alter-Esel2.jpg\" width=\"608\" height=\"403\"><\/div>\r\n<div style=\"text-align: center;\"><span style=\"font-family: arial, helvetica, sans-serif; color: #000000;\">Umbau 1962 &#8211; in der Mitte die Gastst\u00e4tte Alter Esel &#8211; links davon der Wasserturm<\/span><\/div>\r\n<div>&nbsp;<\/div>\r\n<div><img alt=\"Abzweig Harpen\" loading=\"lazy\" decoding=\"async\" class=\"aligncenter\" src=\"https:\/\/ggg.grumme.de\/wp-content\/uploads\/B1_NS7_KreuzBoNord.jpg\" width=\"690\" height=\"629\"><\/div>\r\n<div>&nbsp;<\/div>\r\n<div style=\"text-align: center;\"><span style=\"font-family: arial, helvetica, sans-serif; color: #000000;\"><strong>GROSSBAUSTELLE Kreuzung B1\/A40 &#8211; NSVII im Bau 1962<\/strong> &#8211; Sicht aus Richtung Kornharpen<br><span style=\"font-size: 8pt;\">(aus Bezirksvertretung Bochum Nord, Bei uns in Bochum Nord, Bochum S.97)<\/span><\/span><\/div>\r\n<div><img alt=\"Abzweig Harpen\" loading=\"lazy\" decoding=\"async\" class=\"\" src=\"https:\/\/ggg.grumme.de\/wp-content\/uploads\/KreuzB1NS7.jpg\" width=\"907\" height=\"510\"><\/div>\r\n<div><strong>siehe auch <\/strong><a href=\"https:\/\/ggg.grumme.de\/?page_id=460\"><strong>Grumme und die B1<\/strong><\/a><\/div>\r\n<div>&nbsp;<\/div>\r\n\r\n\r\n\r\n\r\n\r\n\r\n\r\n<p style=\"text-align: right;\">&nbsp;<\/p>\r\n\r\n\r\n\r\n<p>&nbsp;<\/p>\r\n","protected":false},"excerpt":{"rendered":"<p>Der Abzweig Harpen vor dem ersten Weltkrieg&nbsp; Die Restauration Freiburg mit dem Wirt Hegenberg befand sich am Abzweig Harpen. Dort wurden zeitweise die katholischen Volkssch\u00fcler&#8230;<\/p>\n<div class=\"more-link-wrapper\"><a class=\"more-link\" href=\"https:\/\/ggg.grumme.de\/?page_id=5080\">Weiterlesen<span class=\"screen-reader-text\">Abzweig Harpen<\/span><\/a><\/div>\n","protected":false},"author":2,"featured_media":0,"parent":2770,"menu_order":5,"comment_status":"closed","ping_status":"closed","template":"","meta":{"ngg_post_thumbnail":0,"iawp_total_views":86,"powered_cache_disable_cache":false,"footnotes":""},"class_list":["post-5080","page","type-page","status-publish","hentry","entry"],"_links":{"self":[{"href":"https:\/\/ggg.grumme.de\/index.php?rest_route=\/wp\/v2\/pages\/5080","targetHints":{"allow":["GET"]}}],"collection":[{"href":"https:\/\/ggg.grumme.de\/index.php?rest_route=\/wp\/v2\/pages"}],"about":[{"href":"https:\/\/ggg.grumme.de\/index.php?rest_route=\/wp\/v2\/types\/page"}],"author":[{"embeddable":true,"href":"https:\/\/ggg.grumme.de\/index.php?rest_route=\/wp\/v2\/users\/2"}],"replies":[{"embeddable":true,"href":"https:\/\/ggg.grumme.de\/index.php?rest_route=%2Fwp%2Fv2%2Fcomments&post=5080"}],"version-history":[{"count":33,"href":"https:\/\/ggg.grumme.de\/index.php?rest_route=\/wp\/v2\/pages\/5080\/revisions"}],"predecessor-version":[{"id":5245,"href":"https:\/\/ggg.grumme.de\/index.php?rest_route=\/wp\/v2\/pages\/5080\/revisions\/5245"}],"up":[{"embeddable":true,"href":"https:\/\/ggg.grumme.de\/index.php?rest_route=\/wp\/v2\/pages\/2770"}],"wp:attachment":[{"href":"https:\/\/ggg.grumme.de\/index.php?rest_route=%2Fwp%2Fv2%2Fmedia&parent=5080"}],"curies":[{"name":"wp","href":"https:\/\/api.w.org\/{rel}","templated":true}]}}