{"id":4718,"date":"2025-10-23T15:22:44","date_gmt":"2025-10-23T14:22:44","guid":{"rendered":"https:\/\/ggg.grumme.de\/?page_id=4718"},"modified":"2026-02-10T14:06:31","modified_gmt":"2026-02-10T13:06:31","slug":"hof-niederdrewermann","status":"publish","type":"page","link":"https:\/\/ggg.grumme.de\/?page_id=4718","title":{"rendered":"Hof Niederdrewermann"},"content":{"rendered":"\r\n<p><img alt=\"Hof Niederdrewermann\" decoding=\"async\" class=\"aligncenter\" src=\"https:\/\/ggg.grumme.de\/wp-content\/uploads\/Tafel_NieDrewmann.jpg\"><\/p>\r\n<p><span style=\"font-family: arial, helvetica, sans-serif; color: #000000;\">Am 10. Januar 26 haben wir die neue <a style=\"color: #000000;\" href=\"https:\/\/ggg.grumme.de\/?page_id=4718\"><strong>Geschichtstafel &#8218;Hof Niederdrewermann&#8216;<\/strong><\/a> an der Hiltroper Stra\u00dfe 195 installiert. Der ehemalige Bauernhof befindet sich in einem Gr\u00fcngebiet n\u00f6rdlich der Hiltroper Stra\u00dfe, das sich bis zur Berger M\u00fchle erstreckt und auch zu Grumme geh\u00f6rt.<\/span><br><span style=\"font-family: arial, helvetica, sans-serif; color: #000000;\">\u00dcber einen abfallenden Hohlweg gelangt man zu dem Hof. Zur Installation sind einige Mitglieder der GGG gekommen. Auch die Eigent\u00fcmer Dr. Stefan Horak (links) und Alexander Laube (mit Kind) sind dabei.<\/span><\/p>\r\n<p><span style=\"font-family: arial, helvetica, sans-serif; color: #000000;\">Wir freuen uns \u00fcber die Anwesenheit von Frau Sievering von der unteren Denkmalbeh\u00f6rde in Bochum, sie meint<\/span><\/p>\r\n<pre class=\"moz-quote-pre\"><span style=\"font-family: arial, helvetica, sans-serif; color: #000000;\"><em>\"Die Grummer Geschichtsgruppe brachte im Sinne des Denkmalschutzes eine informative Geschichtstafel am denkmalgesch\u00fctzten ehemaligen Fachwerkhof Niederdrewermann (heute Wohnhaus) an. Mit diesen Tafeln tr\u00e4gt die Gruppe zur Vermittlung von Informationen \u00fcber bedeutende Geb\u00e4ude im Stadtteil Grumme bei.\"<\/em><\/span><\/pre>\r\n<figure class=\"wp-block-table\">\r\n<table class=\"has-fixed-layout\">\r\n<tbody>\r\n<tr>\r\n<td><img alt=\"Hof Niederdrewermann\" loading=\"lazy\" decoding=\"async\" class=\"\" src=\"https:\/\/ggg.grumme.de\/wp-content\/uploads\/Hohlweg.jpg\" width=\"142\" height=\"189\"><\/td>\r\n<td>\r\n<p>&nbsp;<\/p>\r\n<figure style=\"width: 487px\" class=\"wp-caption alignnone\"><img loading=\"lazy\" decoding=\"async\" src=\"https:\/\/ggg.grumme.de\/wp-content\/uploads\/WAZ24jan26.jpg\" alt=\"Hof Niederdrewermann\" width=\"487\" height=\"358\"><figcaption class=\"wp-caption-text\">WAZ 241.26<\/figcaption><\/figure>\r\n<\/td>\r\n<\/tr>\r\n<\/tbody>\r\n<\/table>\r\n<\/figure>\r\n<p>&nbsp;<\/p>\r\n<p style=\"text-align: center;\">&nbsp;<\/p>","protected":false},"excerpt":{"rendered":"<p>Am 10. Januar 26 haben wir die neue Geschichtstafel &#8218;Hof Niederdrewermann&#8216; an der Hiltroper Stra\u00dfe 195 installiert. Der ehemalige Bauernhof befindet sich in einem Gr\u00fcngebiet&#8230;<\/p>\n<div class=\"more-link-wrapper\"><a class=\"more-link\" href=\"https:\/\/ggg.grumme.de\/?page_id=4718\">Weiterlesen<span class=\"screen-reader-text\">Hof Niederdrewermann<\/span><\/a><\/div>\n","protected":false},"author":2,"featured_media":0,"parent":1246,"menu_order":0,"comment_status":"closed","ping_status":"closed","template":"","meta":{"ngg_post_thumbnail":0,"iawp_total_views":99,"powered_cache_disable_cache":false,"footnotes":""},"class_list":["post-4718","page","type-page","status-publish","hentry","entry"],"_links":{"self":[{"href":"https:\/\/ggg.grumme.de\/index.php?rest_route=\/wp\/v2\/pages\/4718","targetHints":{"allow":["GET"]}}],"collection":[{"href":"https:\/\/ggg.grumme.de\/index.php?rest_route=\/wp\/v2\/pages"}],"about":[{"href":"https:\/\/ggg.grumme.de\/index.php?rest_route=\/wp\/v2\/types\/page"}],"author":[{"embeddable":true,"href":"https:\/\/ggg.grumme.de\/index.php?rest_route=\/wp\/v2\/users\/2"}],"replies":[{"embeddable":true,"href":"https:\/\/ggg.grumme.de\/index.php?rest_route=%2Fwp%2Fv2%2Fcomments&post=4718"}],"version-history":[{"count":8,"href":"https:\/\/ggg.grumme.de\/index.php?rest_route=\/wp\/v2\/pages\/4718\/revisions"}],"predecessor-version":[{"id":5315,"href":"https:\/\/ggg.grumme.de\/index.php?rest_route=\/wp\/v2\/pages\/4718\/revisions\/5315"}],"up":[{"embeddable":true,"href":"https:\/\/ggg.grumme.de\/index.php?rest_route=\/wp\/v2\/pages\/1246"}],"wp:attachment":[{"href":"https:\/\/ggg.grumme.de\/index.php?rest_route=%2Fwp%2Fv2%2Fmedia&parent=4718"}],"curies":[{"name":"wp","href":"https:\/\/api.w.org\/{rel}","templated":true}]}}