{"id":4669,"date":"2025-09-18T09:34:48","date_gmt":"2025-09-18T08:34:48","guid":{"rendered":"https:\/\/ggg.grumme.de\/?page_id=4669"},"modified":"2026-02-08T08:10:04","modified_gmt":"2026-02-08T07:10:04","slug":"hof-kleberg","status":"publish","type":"page","link":"https:\/\/ggg.grumme.de\/?page_id=4669","title":{"rendered":"Hof Kleberg"},"content":{"rendered":"<p>&nbsp;<\/p>\r\n<!-- \/wp:post-content -->\r\n\r\n<!-- wp:gallery {\"ids\":[126,127],\"linkTo\":\"none\"} -->\r\n<figure class=\"wp-block-gallery columns-2 is-cropped\">\r\n<p><img alt=\"Hof Kleberg\" loading=\"lazy\" decoding=\"async\" class=\"aligncenter\" src=\"https:\/\/ggg.grumme.de\/wp-content\/uploads\/Geschichtstafel-Kleberg1.jpg\" width=\"740\" height=\"1047\"><\/p>\r\n<p><br><span style=\"font-family: arial, helvetica, sans-serif; color: #000000;\">F\u00fcr den ehemaligen <a style=\"color: #000000;\" href=\"https:\/\/ggg.grumme.de\/?page_id=4669\"><strong>Hof Kleberg<\/strong><\/a> haben wir am 6. Februar 26 <strong>zwei Tafeln<\/strong> installiert, eine an der Heckertstra\u00dfe links neben der Einfahrt zum ehemaligen Hof, die andere an der Josefinenstra\u00dfe vor dem Transformatorenh\u00e4uschen. Da dort schon unsereTafel zum ehemaligen Gemeindehaus hing, haben wir dort eine Doppel-Tafel installiert.<\/span><\/p>\r\n<table>\r\n<tbody>\r\n<tr>\r\n<td><img alt=\"Hof Kleberg\" loading=\"lazy\" decoding=\"async\" class=\"aligncenter\" src=\"https:\/\/ggg.grumme.de\/wp-content\/uploads\/tutti1.jpg\" width=\"342\" height=\"268\"><\/td>\r\n<td><a href=\"https:\/\/ggg.grumme.de\/?page_id=4669\"><img alt=\"Hof Kleberg\" loading=\"lazy\" decoding=\"async\" class=\"aligncenter\" src=\"https:\/\/ggg.grumme.de\/wp-content\/uploads\/Geschichtstafel-Kleberg1.jpg\" width=\"226\" height=\"320\"><\/a><\/td>\r\n<\/tr>\r\n<tr>\r\n<td><img alt=\"Hof Kleberg\" loading=\"lazy\" decoding=\"async\" class=\"aligncenter\" src=\"https:\/\/ggg.grumme.de\/wp-content\/uploads\/JoKids.jpg\" width=\"205\" height=\"273\"><\/td>\r\n<td><img alt=\"Hof Kleberg\" loading=\"lazy\" decoding=\"async\" class=\"aligncenter\" src=\"https:\/\/ggg.grumme.de\/wp-content\/uploads\/Kleberg.jpg\" width=\"323\" height=\"242\"><\/td>\r\n<\/tr>\r\n<\/tbody>\r\n<\/table>\r\n<p style=\"text-align: center;\">&nbsp;<\/p>\r\n<\/figure>\r\n<!-- \/wp:gallery -->","protected":false},"excerpt":{"rendered":"<p>&nbsp; F\u00fcr den ehemaligen Hof Kleberg haben wir am 6. Februar 26 zwei Tafeln installiert, eine an der Heckertstra\u00dfe links neben der Einfahrt zum ehemaligen&#8230;<\/p>\n<div class=\"more-link-wrapper\"><a class=\"more-link\" href=\"https:\/\/ggg.grumme.de\/?page_id=4669\">Weiterlesen<span class=\"screen-reader-text\">Hof Kleberg<\/span><\/a><\/div>\n","protected":false},"author":2,"featured_media":0,"parent":1246,"menu_order":4,"comment_status":"closed","ping_status":"closed","template":"","meta":{"ngg_post_thumbnail":0,"iawp_total_views":69,"powered_cache_disable_cache":false,"footnotes":""},"class_list":["post-4669","page","type-page","status-publish","hentry","entry"],"_links":{"self":[{"href":"https:\/\/ggg.grumme.de\/index.php?rest_route=\/wp\/v2\/pages\/4669","targetHints":{"allow":["GET"]}}],"collection":[{"href":"https:\/\/ggg.grumme.de\/index.php?rest_route=\/wp\/v2\/pages"}],"about":[{"href":"https:\/\/ggg.grumme.de\/index.php?rest_route=\/wp\/v2\/types\/page"}],"author":[{"embeddable":true,"href":"https:\/\/ggg.grumme.de\/index.php?rest_route=\/wp\/v2\/users\/2"}],"replies":[{"embeddable":true,"href":"https:\/\/ggg.grumme.de\/index.php?rest_route=%2Fwp%2Fv2%2Fcomments&post=4669"}],"version-history":[{"count":12,"href":"https:\/\/ggg.grumme.de\/index.php?rest_route=\/wp\/v2\/pages\/4669\/revisions"}],"predecessor-version":[{"id":5306,"href":"https:\/\/ggg.grumme.de\/index.php?rest_route=\/wp\/v2\/pages\/4669\/revisions\/5306"}],"up":[{"embeddable":true,"href":"https:\/\/ggg.grumme.de\/index.php?rest_route=\/wp\/v2\/pages\/1246"}],"wp:attachment":[{"href":"https:\/\/ggg.grumme.de\/index.php?rest_route=%2Fwp%2Fv2%2Fmedia&parent=4669"}],"curies":[{"name":"wp","href":"https:\/\/api.w.org\/{rel}","templated":true}]}}