{"id":4395,"date":"2025-06-23T18:53:27","date_gmt":"2025-06-23T17:53:27","guid":{"rendered":"https:\/\/ggg.grumme.de\/?page_id=4395"},"modified":"2026-01-23T08:24:02","modified_gmt":"2026-01-23T07:24:02","slug":"kolonie-prinz-von-preussen-der-suedostzipfel-von-grumme","status":"publish","type":"page","link":"https:\/\/ggg.grumme.de\/?page_id=4395","title":{"rendered":"Kolonie Prinz von Preu\u00dfen &#8211; Der &#8218;S\u00fcdost-Zipfel&#8216; von Grumme"},"content":{"rendered":"<p class=\"western\"><span style=\"font-family: arial, helvetica, sans-serif; color: #000000; font-size: 12pt;\">Der \u201aS\u00fcdost-Zipfel\u2018 von Grumme geh\u00f6rt von Anfang an zur Gemarkung Grumme. Schon auf der <a style=\"color: #000000;\" href=\"https:\/\/ggg.grumme.de\/?page_id=496\">\u201eGemeinde-Charte des Parcellar Katasters der Gemeinde Grumme Regierungsbezirk Arnsberg&#8220;<\/a> ist er so verzeichnet.<\/span><\/p>\n<figure style=\"width: 170px\" class=\"wp-caption alignleft\"><img loading=\"lazy\" decoding=\"async\" src=\"https:\/\/ggg.grumme.de\/wp-content\/uploads\/SuedOstZipfel.jpg\" alt=\"Kolonie Prinz von Preu\u00dfen - Der &#039;S\u00fcdost-Zipfel&#039; von Grumme\" width=\"170\" height=\"217\"><figcaption class=\"wp-caption-text\">Ausschnitt aus dem <a href=\"https:\/\/ggg.grumme.de\/?page_id=4361\">Plan der Stadt Bochum 1884<\/a><\/figcaption><\/figure>\n<p><span style=\"font-family: arial, helvetica, sans-serif; color: #000000; font-size: 12pt;\">1868 begann die Magdeburger Bau- und Credit-Bank an der neu angelegten Koloniestra\u00dfe (danach , <span style=\"font-family: Arial, Helvetica;\">&#8218;Zechenweg&#8216;, seit 1<\/span><\/span><span style=\"font-family: arial, helvetica, sans-serif; color: #000000; font-size: 12pt;\">929 \u201aAn der Bochumer Landerwehr\u2018) im Auftrag der Harpener Bergbau A.G<a style=\"color: #000000;\" href=\"https:\/\/de.wikipedia.org\/wiki\/Harpen_AG\">.<\/a> eine Zechenkolonie zu errichten. 1873 wurde diese auf 10 Doppelh\u00e4user erweitert (Nr. 15-33). 1897 kamen 2 Mehrfamilienh\u00e4user dazu. (s. Karte unten, <strong><span style=\"color: #ff0000;\">rote<\/span><\/strong> Umrandung<\/span><\/p>\n<p><span style=\"font-family: arial, helvetica, sans-serif; color: #000000;\">1874 wurden die I. und II. Parallelstra\u00dfe (Gemarkung Bochum <strong><span style=\"color: #0000ff;\">blaue<\/span><\/strong> Umrandung) und daran eine ganz \u00e4hnliche Zechenkolonie gebaut.<\/span><\/p>\n<p>&nbsp;<\/p>\n<p>&nbsp;<\/p>\n<figure style=\"width: 525px\" class=\"wp-caption alignright\"><img loading=\"lazy\" decoding=\"async\" src=\"https:\/\/ggg.grumme.de\/wp-content\/uploads\/ZipfelEncke1905Markierg-1.jpg\" alt=\"Kolonie Prinz von Preu\u00dfen - Der &#039;S\u00fcdost-Zipfel&#039; von Grumme\" width=\"525\" height=\"330\"><figcaption class=\"wp-caption-text\">Ausschnitt aus dem &#8218;Encke Plan&#8216; der Stadt Bochum 1905<\/figcaption><\/figure>\n<p><span style=\"font-family: arial, helvetica, sans-serif; color: #000000; font-size: 12pt;\"><br \/>\nIn diesen Siedlungen wohnten Bergleute der Zeche Prinz von Preu\u00dfen, die 1861 mit der F\u00f6rderung auf Schacht Oeynhausen bei Kornharpen begonnen hatte. 1921 \u00fcbernahm die Zeche Caroline diese Zeche, beide befanden sich in etwa auf dem Gel\u00e4nde der heutigen Zentraldeponie Kornharpen.<br \/>\nDie H\u00e4user beider Siedlungen stehen noch heute und sind sehr unterschiedlich aus- und umgebaut worden.<br \/>\n<\/span><\/p>\n<p>&nbsp;<\/p>\n<p>&nbsp;<\/p>\n<figure style=\"width: 233px\" class=\"wp-caption alignleft\"><img loading=\"lazy\" decoding=\"async\" src=\"https:\/\/ggg.grumme.de\/wp-content\/uploads\/IMG_20250604_163319-scaled.jpg\" alt=\"Kolonie Prinz von Preu\u00dfen - Der &#039;S\u00fcdost-Zipfel&#039; von Grumme\" width=\"233\" height=\"175\"><figcaption class=\"wp-caption-text\">Kolonie Prinz von Preu\u00dfen Juni 2025&nbsp;<\/figcaption><\/figure>\n<figure style=\"width: 238px\" class=\"wp-caption aligncenter\"><img loading=\"lazy\" decoding=\"async\" src=\"https:\/\/ggg.grumme.de\/wp-content\/uploads\/IMG_20250604_162843-scaled.jpg\" alt=\"Kolonie Prinz von Preu\u00dfen - Der &#039;S\u00fcdost-Zipfel&#039; von Grumme\" width=\"238\" height=\"179\"><figcaption class=\"wp-caption-text\">Fotos H. Schlinkert<\/figcaption><\/figure>\n<p>&nbsp;<\/p>\n<p><strong><span style=\"font-family: arial, helvetica, sans-serif; color: #000000;\">Bauskizzen der beiden Siedlungen:<\/span><\/strong><\/p>\n<table style=\"border-collapse: collapse; width: 100%; height: 529px;\">\n<tbody>\n<tr style=\"height: 529px;\">\n<td style=\"width: 50%; height: 529px;\">\n<p><figure style=\"width: 330px\" class=\"wp-caption alignnone\"><img loading=\"lazy\" decoding=\"async\" src=\"https:\/\/ggg.grumme.de\/wp-content\/uploads\/SkizzeSiedlgPrPreussen.jpg\" alt=\"Kolonie Prinz von Preu\u00dfen - Der &#039;S\u00fcdost-Zipfel&#039; von Grumme\" width=\"330\" height=\"455\"><figcaption class=\"wp-caption-text\">www.digipeer.de\/<\/figcaption><\/figure><\/td>\n<td style=\"width: 50%; height: 529px;\"><img alt=\"Kolonie Prinz von Preu\u00dfen - Der &#039;S\u00fcdost-Zipfel&#039; von Grumme\" decoding=\"async\" src=\"https:\/\/ggg.grumme.de\/wp-content\/uploads\/SiedlgParStr.jpg\"><\/td>\n<\/tr>\n<\/tbody>\n<\/table>\n<p><span style=\"font-size: 12pt; color: #000000;\"><span style=\"font-family: arial, helvetica, sans-serif;\">Von 1901 bis 1919 befand sich auf dem westlichen Teil dieses Grummer Gel\u00e4ndes die Ziegelei Otto Cramer mit einem ovalen Ringofen (s. Karte <span style=\"color: #ff9900;\"><strong>gelbes<\/strong> <\/span>Oval).<br \/>\n<\/span><span style=\"font-family: Arial, sans-serif;\"><span style=\"font-family: arial, helvetica, sans-serif;\">Direkt hinter der Siedlung verlief die Strecke einer Zechenbahn, <\/span><span style=\"font-family: arial, helvetica, sans-serif;\">die <\/span><span style=\"font-family: arial, helvetica, sans-serif;\">zur Zeche Lothringen IV f\u00fchrte. Die <\/span><span style=\"font-family: arial, helvetica, sans-serif;\">Strecke f\u00fchrte <\/span><span style=\"font-family: arial, helvetica, sans-serif;\">weiter \u00fcber <\/span><span style=\"font-family: arial, helvetica, sans-serif;\">einen Damm (&#8222;Schlackenhalde&#8220;), den die <\/span><span style=\"font-family: arial, helvetica, sans-serif;\">Eisen- und H\u00fcttenwerke AG in den 20er Jahren im oberen Grummer Bachtal errichtet <\/span><span style=\"font-family: arial, helvetica, sans-serif;\">hatte. <\/span><\/span><span style=\"font-family: arial, helvetica, sans-serif;\">Heute verl\u00e4uft dort ein Radweg \u00fcber die &#8218;Lothringen-Trasse&#8216;.<br \/>\n<\/span><span style=\"font-family: arial, helvetica, sans-serif;\">Weiter \u00f6stlich wurde 1963 die NS VII (heute Sheffield Ring) gebaut.<\/span><\/span><\/p>\n<figure style=\"width: 328px\" class=\"wp-caption alignright\"><img loading=\"lazy\" decoding=\"async\" src=\"https:\/\/ggg.grumme.de\/wp-content\/uploads\/B00-1911-MkSpr0216-Schau-Fliegen-Castroper-Strasse-scaled.jpg\" alt=\"Kolonie Prinz von Preu\u00dfen - Der &#039;S\u00fcdost-Zipfel&#039; von Grumme\" width=\"328\" height=\"385\"><figcaption class=\"wp-caption-text\">M\u00e4rkischer Sprecher 21.6.1911<\/figcaption><\/figure>\n<p><span style=\"font-family: arial, helvetica, sans-serif; color: #000000;\">1911 fand auf der langen Wiese \u00f6stlich der Zechenbahn ein &#8218;Schau-Fliegen&#8216; statt.<\/span><\/p>\n<p>&nbsp;<\/p>\n<p>&nbsp;<\/p>\n<p>&nbsp;<\/p>\n<p>&nbsp;<\/p>\n<p>&nbsp;<\/p>\n<p><span style=\"font-family: arial, helvetica, sans-serif; color: #000000;\">LITERATUR:<\/span><br \/>\n<span style=\"font-family: arial, helvetica, sans-serif; color: #000000;\">Hendrix, Jens, Historische Siedlungen in: Bochum -Ein Querschnitt von 1868 bis 1918,&nbsp; Stadt Bochum, Baudezernat (Hrsg) 2010<\/span><\/p>\n<p><span style=\"font-family: arial, helvetica, sans-serif; color: #000000;\">https:\/\/de.wikipedia.org\/wiki\/Zeche_Prinz_von_Preu%C3%9Fen<\/span><\/p>\n<p><span style=\"font-family: arial, helvetica, sans-serif; color: #000000;\">http:\/\/www.digipeer.de\/<\/span><\/p>\n","protected":false},"excerpt":{"rendered":"<p>Der \u201aS\u00fcdost-Zipfel\u2018 von Grumme geh\u00f6rt von Anfang an zur Gemarkung Grumme. Schon auf der \u201eGemeinde-Charte des Parcellar Katasters der Gemeinde Grumme Regierungsbezirk Arnsberg&#8220; ist er&#8230;<\/p>\n<div class=\"more-link-wrapper\"><a class=\"more-link\" href=\"https:\/\/ggg.grumme.de\/?page_id=4395\">Weiterlesen<span class=\"screen-reader-text\">Kolonie Prinz von Preu\u00dfen &#8211; Der &#8218;S\u00fcdost-Zipfel&#8216; von Grumme<\/span><\/a><\/div>\n","protected":false},"author":2,"featured_media":0,"parent":2768,"menu_order":0,"comment_status":"closed","ping_status":"closed","template":"","meta":{"ngg_post_thumbnail":0,"iawp_total_views":75,"powered_cache_disable_cache":false,"footnotes":""},"class_list":["post-4395","page","type-page","status-publish","hentry","entry"],"_links":{"self":[{"href":"https:\/\/ggg.grumme.de\/index.php?rest_route=\/wp\/v2\/pages\/4395","targetHints":{"allow":["GET"]}}],"collection":[{"href":"https:\/\/ggg.grumme.de\/index.php?rest_route=\/wp\/v2\/pages"}],"about":[{"href":"https:\/\/ggg.grumme.de\/index.php?rest_route=\/wp\/v2\/types\/page"}],"author":[{"embeddable":true,"href":"https:\/\/ggg.grumme.de\/index.php?rest_route=\/wp\/v2\/users\/2"}],"replies":[{"embeddable":true,"href":"https:\/\/ggg.grumme.de\/index.php?rest_route=%2Fwp%2Fv2%2Fcomments&post=4395"}],"version-history":[{"count":52,"href":"https:\/\/ggg.grumme.de\/index.php?rest_route=\/wp\/v2\/pages\/4395\/revisions"}],"predecessor-version":[{"id":5224,"href":"https:\/\/ggg.grumme.de\/index.php?rest_route=\/wp\/v2\/pages\/4395\/revisions\/5224"}],"up":[{"embeddable":true,"href":"https:\/\/ggg.grumme.de\/index.php?rest_route=\/wp\/v2\/pages\/2768"}],"wp:attachment":[{"href":"https:\/\/ggg.grumme.de\/index.php?rest_route=%2Fwp%2Fv2%2Fmedia&parent=4395"}],"curies":[{"name":"wp","href":"https:\/\/api.w.org\/{rel}","templated":true}]}}