{"id":4361,"date":"2025-06-10T11:18:53","date_gmt":"2025-06-10T10:18:53","guid":{"rendered":"https:\/\/ggg.grumme.de\/?page_id=4361"},"modified":"2025-06-16T14:17:17","modified_gmt":"2025-06-16T13:17:17","slug":"bochum-1881","status":"publish","type":"page","link":"https:\/\/ggg.grumme.de\/?page_id=4361","title":{"rendered":"Bochum 1884"},"content":{"rendered":"<p>&nbsp;<\/p>\n<p><img alt=\"Bochum 1884\" decoding=\"async\" src=\"https:\/\/ggg.grumme.de\/wp-content\/uploads\/InnenstadtBochum1884OverhoffScan-1-scaled.jpg\"><\/p>\n<pre class=\"moz-quote-pre\">\u00a9 Stadt Bochum, 1884, dl-de\/by-2-0<\/pre>\n<p><img alt=\"Bochum 1884\" decoding=\"async\" class=\"aligncenter\" src=\"https:\/\/ggg.grumme.de\/wp-content\/uploads\/bo1886Schriftzug.jpg\"><\/p>\n<p style=\"text-align: center;\"><em><span style=\"font-family: arial, helvetica, sans-serif; color: #000000;\">Schriftzug auf der Karte oben l<\/span>inks<\/em><\/p>\n<p><span style=\"font-family: arial, helvetica, sans-serif; color: #000000;\">Bochum 1884 Der Bochumer Verein hat an der Essener Stra\u00dfe seine gro\u00dfen Fabrikhallen errichtet. Der Rheinische und der M\u00e4rkische Bahnhof sind in Betrieb. Auf der &#8218;Kleinen V\u00f6de&#8216; ist der erste Teil des <\/span><span style=\"font-family: arial, helvetica, sans-serif; color: #000000;\">Stadtparks entstanden, der obere Teil ist noch als &#8218;Stadtweide&#8216; ausgewiesen.<\/span><span style=\"font-family: arial, helvetica, sans-serif; color: #000000;\">&nbsp;<\/span><\/p>\n<figure style=\"width: 148px\" class=\"wp-caption alignleft\"><img loading=\"lazy\" decoding=\"async\" class=\"\" src=\"https:\/\/ggg.grumme.de\/wp-content\/uploads\/SuedOstZipfel.jpg\" alt=\"Bochum 1884\" width=\"148\" height=\"188\"><figcaption class=\"wp-caption-text\">&#8218;S\u00fcdostzipfel&#8216; von Grumme (&#8218;An der Landerwehr&#8216;, damals &#8218;Koloniestra\u00dfe&#8216;)<\/figcaption><\/figure>\n<p>&nbsp;<\/p>\n<p><span style=\"font-family: arial, helvetica, sans-serif; color: #000000;\">Im &#8218;S\u00fcdost-Zipfel&#8216; von Grumme wurde 1868 die <strong>&#8218;Kolonie Prinz von Preu\u00dfen<\/strong>&#8218; der gleichnamigen Zeche gebaut, eine weitere an der I. und II. Parallelstra\u00dfe. Grumme geh\u00f6rte damals noch nicht zur Stadt Bochum.<br \/>\n<\/span><span style=\"font-family: arial, helvetica, sans-serif; color: #000000;\">Die ehemalige &#8218;Koloniestra\u00dfe&#8216; wurde am 20.10.1929 in &#8218;An der Landerwehr&#8216; umbenannt.<\/span><\/p>\n","protected":false},"excerpt":{"rendered":"<p>&nbsp; \u00a9 Stadt Bochum, 1884, dl-de\/by-2-0 Schriftzug auf der Karte oben links Bochum 1884 Der Bochumer Verein hat an der Essener Stra\u00dfe seine gro\u00dfen Fabrikhallen&#8230;<\/p>\n<div class=\"more-link-wrapper\"><a class=\"more-link\" href=\"https:\/\/ggg.grumme.de\/?page_id=4361\">Weiterlesen<span class=\"screen-reader-text\">Bochum 1884<\/span><\/a><\/div>\n","protected":false},"author":2,"featured_media":0,"parent":426,"menu_order":4,"comment_status":"closed","ping_status":"closed","template":"","meta":{"ngg_post_thumbnail":0,"iawp_total_views":103,"powered_cache_disable_cache":false,"footnotes":""},"class_list":["post-4361","page","type-page","status-publish","hentry","entry"],"_links":{"self":[{"href":"https:\/\/ggg.grumme.de\/index.php?rest_route=\/wp\/v2\/pages\/4361","targetHints":{"allow":["GET"]}}],"collection":[{"href":"https:\/\/ggg.grumme.de\/index.php?rest_route=\/wp\/v2\/pages"}],"about":[{"href":"https:\/\/ggg.grumme.de\/index.php?rest_route=\/wp\/v2\/types\/page"}],"author":[{"embeddable":true,"href":"https:\/\/ggg.grumme.de\/index.php?rest_route=\/wp\/v2\/users\/2"}],"replies":[{"embeddable":true,"href":"https:\/\/ggg.grumme.de\/index.php?rest_route=%2Fwp%2Fv2%2Fcomments&post=4361"}],"version-history":[{"count":17,"href":"https:\/\/ggg.grumme.de\/index.php?rest_route=\/wp\/v2\/pages\/4361\/revisions"}],"predecessor-version":[{"id":4393,"href":"https:\/\/ggg.grumme.de\/index.php?rest_route=\/wp\/v2\/pages\/4361\/revisions\/4393"}],"up":[{"embeddable":true,"href":"https:\/\/ggg.grumme.de\/index.php?rest_route=\/wp\/v2\/pages\/426"}],"wp:attachment":[{"href":"https:\/\/ggg.grumme.de\/index.php?rest_route=%2Fwp%2Fv2%2Fmedia&parent=4361"}],"curies":[{"name":"wp","href":"https:\/\/api.w.org\/{rel}","templated":true}]}}