{"id":4154,"date":"2025-05-03T11:37:46","date_gmt":"2025-05-03T10:37:46","guid":{"rendered":"https:\/\/ggg.grumme.de\/?page_id=4154"},"modified":"2026-03-30T18:14:29","modified_gmt":"2026-03-30T17:14:29","slug":"neu_literatur-zum-thema-zwangsarbeit","status":"publish","type":"page","link":"https:\/\/ggg.grumme.de\/?page_id=4154","title":{"rendered":"Literatur zum Thema Zwangsarbeit"},"content":{"rendered":"<p><span style=\"font-size: 14pt; font-family: arial, helvetica, sans-serif; color: #000000;\"><strong>Literatur zum Ersten Weltkrieg<\/strong><\/span><\/p>\n<p><span style=\"font-family: arial, helvetica, sans-serif; color: #000000;\">Hirschfeld, Gerhard, Krumeich, Gerd, <\/span><span style=\"font-family: arial, helvetica, sans-serif; color: #000000;\">Deutschland im Ersten Weltkrieg FfM 2013<\/span><\/p>\n<p><span style=\"font-family: arial, helvetica, sans-serif; color: #000000;\">Meier, Norbert<\/span><br \/>\n<span style=\"font-family: arial, helvetica, sans-serif; color: #000000;\">&#8211; Zeche Constantin der Gro\u00dfe \u2013 Schwarzes Gold unter Bochum und Herne, Dortmund 2014<\/span><br \/>\n<span style=\"font-family: arial, helvetica, sans-serif; color: #000000;\">&#8211; Zeche Emscher-Lippe Steinkohlenbergbau unter dem Kanalkreuz Datteln, Dortmund 2013<\/span><\/p>\n<p><span style=\"font-family: arial, helvetica, sans-serif; color: #000000;\">Piasecki, Peter<\/span><br \/>\n<span style=\"font-family: arial, helvetica, sans-serif; color: #000000;\">&#8211; Das Lagergeld f\u00fcr Kriegsgefangene in Bochum und Herne im Ersten Weltkrieg auf der Zeche \u201aConstantin der Gro\u00dfe\u2018 in: M\u00fcnzen Revue 7+8\/2023 S.48ff<\/span><br \/>\n<span style=\"font-family: arial, helvetica, sans-serif; color: #000000;\">&#8211; Gefangenenlager und Lagergeld der Zeche Friedrich der Gro\u00dfe in Herne im Ersten Weltkrieg&nbsp; in: Der Anschnitt 74, Bochum 2022 H.1 (als pdf unter https:\/\/www.bergbaumuseum.de\/fileadmin\/forschung\/zeitschriften\/der-anschnitt\/2022\/2022-01\/anschnitt-1-2022-Piasecki-Gefangenenlager-und-Lagerfeld.pdf, abger. 14.5.24)<\/span><\/p>\n<p><span style=\"font-family: arial, helvetica, sans-serif; color: #000000;\">Rawe, Kai<\/span><br \/>\n<span style=\"font-family: arial, helvetica, sans-serif; color: #000000;\">&#8222;&#8230; wir werden sie schon zur Arbeit bringen!&#8220; Ausl\u00e4nderbesch\u00e4ftigung und Zwangsarbeit im Ruhrkohlenbergbau w\u00e4hrend des Ersten Weltkrieges Essen : Klartext-Verlag 2005<\/span><\/p>\n<p><span style=\"font-family: arial, helvetica, sans-serif; color: #000000;\">Seidel, Hans; Tenfelde, Klaus (Hg.)<\/span><br \/>\n<span style=\"font-family: arial, helvetica, sans-serif; color: #000000;\">Zwangsarbeit im Bergwerk. Der Arbeitseinsatz im Kohlenbergbau des Deutschen Reiches und der besetzten Gebiet im Ersten und Zweiten Weltkrieg Essen 2005: Klartext-Verlag 2 B\u00e4nde<\/span><\/p>\n<p><span style=\"font-size: 14pt; font-family: arial, helvetica, sans-serif; color: #000000;\"><strong>Literatur zum Zweiten Weltkrieg<\/strong><\/span><\/p>\n<p><span style=\"color: #000000; font-family: arial, helvetica, sans-serif;\">Braumann, Georg<strong>,<\/strong><br \/>\nStriktes Gehorchen und freies Denken \u2013 Die altsprachliche Klasse des staatlichen Gymnasium Bochum 1941 \u2013 1951 mit Oberschul-Parallelklasse 1943 \u2013 1946, erschienen 1998<\/span><\/p>\n<p><span style=\"color: #000000; font-family: arial, helvetica, sans-serif;\">Festschrift aus Anla\u00df des 75j\u00e4hrigen Bestehens der Gewerkschaft Ver. Constantin der Gro\u00dfe 1849 &#8211; 1924 Bochum 1925<\/span><\/p>\n<p><span style=\"color: #000000; font-family: arial, helvetica, sans-serif;\">Festschrift zum 100j\u00e4hrigen Bestehen der Gewerkschaft Ver. Constantin der Gro\u00dfe [1849 \u2013 1949] Bochum 1949<\/span><\/p>\n<p><span style=\"color: #000000; font-family: arial, helvetica, sans-serif; font-size: 12pt;\">\u201aInitiative Gedenkort Bochum-Bergen\/ Gesellschaft Bochum-Donezk e.V., \u201eAls die Holzschuhe zerbrachen, ging ich barfu\u00df\u201c Essen 2025<\/span><\/p>\n<p><span style=\"color: #000000; font-family: arial, helvetica, sans-serif;\">Jachnow, Waltraud, Kr\u00e4mer, Sabine , Korngiebel, Wilfried, Slobodzian, Susanne (Hrsg.) f\u00fcr die Initiative \u201eEntsch\u00e4digung jetzt\u201c&nbsp; &nbsp;\u201a\u2026und die Erinnerung tragen wir im Herzen\u2018&nbsp; Bochum 2002<\/span><\/p>\n<p><span style=\"color: #000000; font-family: arial, helvetica, sans-serif; font-size: 12pt;\">Meier, Norbert,<br \/>\nZeche Constantin der Gro\u00dfe \u2013 Schwarzes Gold unter Bochum und Herne. F\u00f6rderverein Bergbauhistorischer St\u00e4tten Ruhrrevier e.V., Dortmund 2014<\/span><\/p>\n<p><span style=\"font-family: arial, helvetica, sans-serif; font-size: 12pt; color: #000000;\">Mono, Thomas,<br \/>\nDie Geschichte des Bochumer Stadtteils Grumme zwischen 1900 und 1980 im Spiegel erz\u00e4hlender Quellen und Erinnerungen Bochum 1981<\/span><\/p>\n<p><span style=\"color: #000000; font-family: arial, helvetica, sans-serif;\"><span style=\"font-size: 12pt;\">Seidel, Hans-Christoph,<br \/>\n&#8211;<\/span><span style=\"font-size: medium;\"> Der<\/span><span style=\"font-size: medium;\"> \u201e<a style=\"color: #000000;\">Russenstreb<\/a>\u201c, die betriebliche Organisation des Ausl\u00e4nder- und Zwangsarbeitereinsatzes im Ruhrbergbau w\u00e4hrend des Zweiten Weltkrieges in: Geschichte und Gesellschaft. 31. Jahrg. (2005), <\/span>H. 1, Arbeitseinsatz und Zwangsarbeit im besetzten Europa (Jan. &#8211; Mar., 2005), S. 8-37 (download unter <a style=\"color: #000000;\" href=\"https:\/\/www.jstor.org\/stable\/40186111\">https:\/\/www.jstor.org\/stable\/40186111<\/a>)<\/span><br \/>\n<span style=\"font-family: arial, helvetica, sans-serif; color: #000000;\"><span style=\"font-size: 12pt;\">&#8211; Kein \u201eMelting Pot(t)\u201c \u2013 Zwangsarbeit im Ruhrgebiet in den beiden Weltkriegen, in: Forum Geschichtskultur Ruhr, Essen 2019, S.11-16<br \/>\n&#8211; D<\/span><span style=\"font-size: small;\"><span style=\"font-size: medium;\">er Ruhrbergbau im Zweiten Weltkrieg Zechen \u2013 Bergarbeiter \u2013 Zwangsarbeiter Essen 2010<\/span><\/span><\/span><\/p>\n<p><span style=\"font-family: arial, helvetica, sans-serif; color: #000000;\">Seidel, Hans-Christoph,Tenfelde, Klaus,<br \/>\nZwangsarbeit im Bergwerk 2 Bde. Essen 2005<\/span><\/p>\n<p><span style=\"font-family: arial, helvetica, sans-serif; font-size: 12pt; color: #000000;\">Swoboda, Rolf<\/span><br \/>\n<span style=\"font-family: arial, helvetica, sans-serif; font-size: 12pt; color: #000000;\">Die Stahlwerke Bochum und ihre Eisenbahn, M\u00f6nchengladbach 2024<\/span><\/p>\n<p><span style=\"color: #000000; font-family: arial, helvetica, sans-serif;\"><span style=\"font-size: 12pt;\">S<\/span>pichartz, Heinz-G\u00fcnter,<\/span><br \/>\n<span style=\"color: #000000; font-family: arial, helvetica, sans-serif;\">Die \u201eKaiser-Aue\u201c in: Bochumer Zeitpunkte Nr. 28 2013 S. 31ff<\/span><\/p>\n<p align=\"left\"><span style=\"font-family: arial, helvetica, sans-serif; color: #000000;\"><span style=\"font-size: 12pt;\"><span style=\"font-family: arial, helvetica, sans-serif;\">Urban, Thomas,<\/span><br \/>\n\u00dcber Leben und Sterben von Zwangsarbeitern im Ruhrbergbau&nbsp; <\/span><span style=\"font-size: 12pt;\">M\u00fcnster 2002<\/span><\/span><\/p>\n<p align=\"left\"><span style=\"color: #000000; font-family: arial, helvetica, sans-serif;\">Werkzeitung Constantin 18\/39 Bochum 1939<\/span><\/p>\n<p align=\"left\"><span style=\"color: #000000; font-family: arial, helvetica, sans-serif;\">Wiborni, M., Bochum im Bombenkrieg 4. November 1944&nbsp;&nbsp; Gudensberg 2004<\/span><\/p>\n<p><span style=\"font-size: 14pt; color: #000000;\"><strong><em><span style=\"font-family: arial, helvetica, sans-serif;\">links:<\/span><\/em><\/strong><\/span><\/p>\n<p><span style=\"color: #000000; font-family: arial, helvetica, sans-serif; font-size: 12pt;\">Das Bochumer Stadtarchiv hat auf der website der Stadt unter dem Titel <a style=\"color: #000000;\" href=\"https:\/\/www.bochum.de\/Stadtarchiv\/Bochum-in-der-NS-Zeit\">\u201aBochum in der Zeit des Nationalsozialismus\u2018<\/a> viele Informationen zusammengestellt.<\/span><\/p>\n<p><span style=\"color: #000000;\"><span style=\"font-family: Arial, sans-serif;\"><span style=\"font-size: small;\"><span style=\"font-family: arial, helvetica, sans-serif; font-size: 12pt; color: #000000;\">Kriegsgefangenen-, Zwangsarbeiter-, Konzentrationslager und Gef\u00e4ngnisse w\u00e4hrend des Faschismus in Bochum s. <\/span><a href=\"http:\/\/www.bochumgegenrechts.de\/kriegsgefangenen-zwangsarbeiter-konzentrationslager-und-gefaengnisse-waehrend-des-faschismus-in-bochum\/\"><span style=\"font-family: arial, helvetica, sans-serif; font-size: 12pt;\"><span style=\"color: #000000;\">Bochumer B\u00fcndnis gegen Rechts<\/span><\/span><\/a><\/span><\/span><\/span><\/p>\n<p><span style=\"font-family: arial, helvetica, sans-serif; color: #000000;\">NS-Zwangsarbeit in Bochum und Wattenscheid bei <\/span><a href=\"https:\/\/de.wikipedia.org\/wiki\/NS-Zwangsarbeit_in_Bochum_und_Wattenscheid\"><span style=\"font-family: arial, helvetica, sans-serif; color: #000000;\">wikipedia<\/span><\/a><\/p>\n<p><span style=\"font-family: arial, helvetica, sans-serif; color: #000000;\"><strong>Abk\u00fcrzungen<\/strong><\/span><\/p>\n<p><span style=\"font-family: arial, helvetica, sans-serif; color: #000000;\">BBA&nbsp; Bergbauarchiv Bergbau-Museum Bochum<\/span><\/p>\n<p>&nbsp;<\/p>\n","protected":false},"excerpt":{"rendered":"<p>Literatur zum Ersten Weltkrieg Hirschfeld, Gerhard, Krumeich, Gerd, Deutschland im Ersten Weltkrieg FfM 2013 Meier, Norbert &#8211; Zeche Constantin der Gro\u00dfe \u2013 Schwarzes Gold unter&#8230;<\/p>\n<div class=\"more-link-wrapper\"><a class=\"more-link\" href=\"https:\/\/ggg.grumme.de\/?page_id=4154\">Weiterlesen<span class=\"screen-reader-text\">Literatur zum Thema Zwangsarbeit<\/span><\/a><\/div>\n","protected":false},"author":2,"featured_media":0,"parent":4086,"menu_order":0,"comment_status":"closed","ping_status":"closed","template":"","meta":{"ngg_post_thumbnail":0,"iawp_total_views":28,"powered_cache_disable_cache":false,"footnotes":""},"class_list":["post-4154","page","type-page","status-publish","hentry","entry"],"_links":{"self":[{"href":"https:\/\/ggg.grumme.de\/index.php?rest_route=\/wp\/v2\/pages\/4154","targetHints":{"allow":["GET"]}}],"collection":[{"href":"https:\/\/ggg.grumme.de\/index.php?rest_route=\/wp\/v2\/pages"}],"about":[{"href":"https:\/\/ggg.grumme.de\/index.php?rest_route=\/wp\/v2\/types\/page"}],"author":[{"embeddable":true,"href":"https:\/\/ggg.grumme.de\/index.php?rest_route=\/wp\/v2\/users\/2"}],"replies":[{"embeddable":true,"href":"https:\/\/ggg.grumme.de\/index.php?rest_route=%2Fwp%2Fv2%2Fcomments&post=4154"}],"version-history":[{"count":7,"href":"https:\/\/ggg.grumme.de\/index.php?rest_route=\/wp\/v2\/pages\/4154\/revisions"}],"predecessor-version":[{"id":5416,"href":"https:\/\/ggg.grumme.de\/index.php?rest_route=\/wp\/v2\/pages\/4154\/revisions\/5416"}],"up":[{"embeddable":true,"href":"https:\/\/ggg.grumme.de\/index.php?rest_route=\/wp\/v2\/pages\/4086"}],"wp:attachment":[{"href":"https:\/\/ggg.grumme.de\/index.php?rest_route=%2Fwp%2Fv2%2Fmedia&parent=4154"}],"curies":[{"name":"wp","href":"https:\/\/api.w.org\/{rel}","templated":true}]}}