{"id":3998,"date":"2025-04-27T16:40:14","date_gmt":"2025-04-27T15:40:14","guid":{"rendered":"https:\/\/ggg.grumme.de\/?page_id=3998"},"modified":"2025-11-23T17:14:30","modified_gmt":"2025-11-23T16:14:30","slug":"sportplatz-und-stadion","status":"publish","type":"page","link":"https:\/\/ggg.grumme.de\/?page_id=3998","title":{"rendered":"Vom Sportplatz zum Stadion"},"content":{"rendered":"<p><span style=\"font-family: arial, helvetica, sans-serif; color: #000000;\">Auch das Stadion des VFL Bochum geh\u00f6rt zu Grumme. Als der Fu\u00dfball in der zweiten H\u00e4lfte des 19. Jahrhunderts auch im Ruhrgebiet,zum Massensport wurde, nahmen die Turnvereine diesen Sport in ihr Programm auf. Seit 1911 wurde auf dem Grundst\u00fcck an der Castroper Stra\u00dfe Fu\u00dfball gespielt. Der Verein \u201eSpiel und Sport\u201c hatte an der Castroper Stra\u00dfe 173a vom Bauern Diekmann eine Wiese als Spielfl\u00e4che gepachtet. Am 8. Oktober 1911 wurde die Anlage er\u00f6ffnet und zun\u00e4chst \u201aSportplatz an der Castroper Stra\u00dfe\u2018, ab 1921 dann \u201aStadion an der Castroper Stra\u00dfe\u2018 genannt.<br \/>\nNach dem Ersten Weltkrieg wurde an der Ostseite ein breiter Stehwall gebaut, zus\u00e4tzlich wurden 400 Sitzpl\u00e4tze an einer L\u00e4ngsseite installiert.<br \/>\n<\/span><\/p>\n<p><span style=\"font-family: arial, helvetica, sans-serif; color: #000000;\"><strong>Das Stadion im Nationalsozialismus<\/strong><\/span><\/p>\n<figure style=\"width: 352px\" class=\"wp-caption alignleft\"><img loading=\"lazy\" decoding=\"async\" class=\"\" src=\"https:\/\/ggg.grumme.de\/wp-content\/uploads\/BoStadionNazi1939.jpg\" alt=\"Vom Sportplatz zum Stadion\" width=\"352\" height=\"194\"><figcaption class=\"wp-caption-text\">NS-Aufmarsch im Stadion der Gauhauptstadt Bochum, 1939 (\u00a9 Stadt Bochum, Kommunikationsservice)<\/figcaption><\/figure>\n<p><span style=\"font-family: arial, helvetica, sans-serif; color: #000000;\">Hitler hielt am 24. Juli 1932 in diesem Stadion eine Rede im Reichswahlkampf. Schon am 1. Mai 1933 fand dort die erste Massenparade der NSDAP statt, auch gro\u00dfe Gau- und Kreisparteitage wurden dort abgehalten. Pl\u00e4ne, die Fl\u00e4che zu einer gigantischen Aufmarschfl\u00e4che umzugestalten, wurden zu Beginn des Zweiten Weltkrieges zur\u00fcckgestellt. Das Stadion selbst wurde w\u00e4hrend der Bombardierungen kaum besch\u00e4digt. <\/span><span style=\"font-family: arial, helvetica, sans-serif; color: #000000;\">Die drei Sportvereine \u201aTuS Bochum\u2019, \u2018Germania Bochum 06\u2018 und der \u201aTurnverein Bochum 1848\u2018 wurden 1938 von den Nationalsozialisten im Rahmen der Gleichschaltung zum \u201a<strong>Verein f\u00fcr Leibes\u00fcbungen VfL Bochum 1848<\/strong>\u2018 vereinigt.<\/span><\/p>\n<p><img alt=\"Vom Sportplatz zum Stadion\" loading=\"lazy\" decoding=\"async\" class=\"alignleft\" src=\"https:\/\/ggg.grumme.de\/wp-content\/uploads\/OwensWettlauf1936.jpg\" width=\"428\" height=\"237\"><\/p>\n<p><span style=\"font-family: arial, helvetica, sans-serif; color: #000000;\">1936 fanden die nacholympischen Leichtathletik-Wettk\u00e4mpfe im Bochumer Stadion statt.<\/span><\/p>\n<p>&nbsp;<\/p>\n<p>&nbsp;<\/p>\n<p>&nbsp;<\/p>\n<p>&nbsp;<\/p>\n<figure style=\"width: 371px\" class=\"wp-caption alignleft\"><img loading=\"lazy\" decoding=\"async\" class=\"\" src=\"https:\/\/ggg.grumme.de\/wp-content\/uploads\/LammerJOwens.jpg\" alt=\"Vom Sportplatz zum Stadion\" width=\"371\" height=\"295\"><figcaption class=\"wp-caption-text\">Bochumer Anzeiger 13. 8. 1936<\/figcaption><\/figure>\n<p>&nbsp;<\/p>\n<p><span style=\"font-family: arial, helvetica, sans-serif; color: #000000;\">Bei dem Jungen auf dem Foto , der sich ein Autogramm von J. Owens geholt hat, handelt es sich um Ferdinand Lammert, den ehemaligen Direktor des Verkehrsvereins Bochum, CDU Ratsherrn und Vater des fr\u00fcheren Bundestagspr\u00e4sidenten Norbert Lammert.<\/span><\/p>\n<p>&nbsp;<\/p>\n<p>&nbsp;<\/p>\n<p>&nbsp;<\/p>\n<p>&nbsp;<\/p>\n<p><span style=\"font-size: 14pt;\"><strong><span style=\"font-family: arial, helvetica, sans-serif; color: #000000;\">Das Stadion nach dem 2. Weltkrieg<\/span><\/strong><\/span><\/p>\n<p><span style=\"font-family: arial, helvetica, sans-serif; color: #000000;\"><img alt=\"Vom Sportplatz zum Stadion\" loading=\"lazy\" decoding=\"async\" class=\"alignright\" src=\"https:\/\/ggg.grumme.de\/wp-content\/uploads\/1949-WAZ0303-Bochumer-Glashuette0001-scaled.jpg\" width=\"355\" height=\"404\"><\/span><\/p>\n<p><span style=\"font-family: arial, helvetica, sans-serif; color: #000000;\">Nach dem Krieg nahm 1949 die <strong>Bochumer Glash\u00fctte GmbH<\/strong> in der Scheune des Bauern Dieckmann neben dem Stadion <\/span><span style=\"font-family: arial, helvetica, sans-serif; color: #000000;\">ihre Produktion auf.<\/span><\/p>\n<p><span style=\"font-family: arial, helvetica, sans-serif; color: #000000;\">Die WAZ berichtete am 3. Mai 1949:<\/span><\/p>\n<p><em><span style=\"font-family: arial, helvetica, sans-serif; color: #000000;\">&#8222;Seit gestern blasen Gablonzer Glasbl\u00e4ser in der Scheune des Diekmann-Hofes. In siebzehn Wochen verwandelte sie sich &#8230; in eine moderne Glash\u00fctte. T\u00e4glich werden 1,5 Tonnen produziert..<\/span><\/em><br \/>\n<span style=\"font-family: arial, helvetica, sans-serif; color: #000000;\"><em>Die Gl\u00fcckw\u00fcnsche der Stadt \u00fcbermittelte der Oberb\u00fcrgermeister. Er begr\u00fc\u00dfte das Streben der Glash\u00fctte GmbH, besonders Ostvertriebenen, Kriegsversehrten und Frauen Arbeitsm\u00f6glichkeit zu verschaffen.&#8220;<\/em> <\/span><\/p>\n<p><span style=\"font-family: arial, helvetica, sans-serif; color: #000000;\">1953 wurde die Scheune abgerissen und das Stadion umgebaut. Eine Trib\u00fcne mit 6.500 Sitzpl\u00e4tzen wurde errichtet und die Zahl der Stehpl\u00e4tze auf 40.000 erh\u00f6ht.<\/span><\/p>\n<table style=\"border-collapse: collapse; width: 105.984%; height: 345px;\">\n<tbody>\n<tr style=\"height: 398px;\">\n<td style=\"width: 50%; height: 345px;\">\n<p><figure style=\"width: 397px\" class=\"wp-caption alignnone\"><img loading=\"lazy\" decoding=\"async\" class=\"\" src=\"https:\/\/ggg.grumme.de\/wp-content\/uploads\/rett-04-stadion-1953.jpg\" alt=\"Vom Sportplatz zum Stadion\" width=\"397\" height=\"253\"><figcaption class=\"wp-caption-text\">Stadion 1953<\/figcaption><\/figure><\/td>\n<td style=\"width: 98.8854%; height: 345px;\"><span style=\"font-family: arial, helvetica, sans-serif;\"><img alt=\"Vom Sportplatz zum Stadion\" loading=\"lazy\" decoding=\"async\" class=\"\" src=\"https:\/\/ggg.grumme.de\/wp-content\/uploads\/rett-14-stadion-1953.jpg\" width=\"381\" height=\"245\"><\/span><\/td>\n<\/tr>\n<\/tbody>\n<\/table>\n<figure style=\"width: 1200px\" class=\"wp-caption alignnone\"><img loading=\"lazy\" decoding=\"async\" src=\"https:\/\/ggg.grumme.de\/wp-content\/uploads\/BOCHUM_1950erA.jpg\" alt=\"Vom Sportplatz zum Stadion\" width=\"1200\" height=\"900\"><figcaption class=\"wp-caption-text\">\u00a9 Stadt Bochum, Bildarchiv<\/figcaption><\/figure>\n<p style=\"text-align: center;\"><span style=\"font-family: arial, helvetica, sans-serif; color: #000000;\">Dieses Foto aus den 50er Jahren zeigt rechts oben das Stadion mit der Trib\u00fcne, au\u00dferdem das Gef\u00e4ngnis, die Polizeikaserne, den Kirmesplatz und den Sportplatz Kr\u00fcmmede, Neubauten an der Blumenstra\u00dfe, das Hildegardis Lyzeum, den Stadtpark mit dem Bismarckturm, dahinter Teile von Grumme<\/span><\/p>\n<p>&nbsp;<\/p>\n<figure style=\"width: 348px\" class=\"wp-caption alignright\"><img loading=\"lazy\" decoding=\"async\" src=\"https:\/\/ggg.grumme.de\/wp-content\/uploads\/2010-06-05_Rewirpowerstadion_01.jpg\" alt=\"Vom Sportplatz zum Stadion\" width=\"348\" height=\"232\"><figcaption class=\"wp-caption-text\"><span style=\"font-family: arial, helvetica, sans-serif; color: #000000;\">Foto: wikipedia https:\/\/ggg.grumme.de\/wp-content\/uploads\/2010-06-05_Rewirpowerstadion_01.jpg<\/span><\/figcaption><\/figure>\n<p><span style=\"font-family: arial, helvetica, sans-serif; color: #000000;\">1975 entstanden die ersten Entw\u00fcrfe f\u00fcr ein reines Fu\u00dfballstadion ohne Laufbahnen, bei dem alle Pl\u00e4tze \u00fcberdacht sein sollten. Es wurde in zwei Bauabschnitten 1975 bis 1976 und 1976 bis 1979 f\u00fcr 26 Millionen DM errichtet.Anfangs fasste es knapp 50.000 Zuschauer. Nach mehreren Umbauten waren es 2013 nur noch 29.299 Pl\u00e4tze, davon 16.174 Sitz- und 13.125 Stehpl\u00e4tze.<br \/>\n2006 wurde es in rewirpower Stadion, 2016 in Vonovia-Ruhrstadion umbenannt.<\/span><\/p>\n<p>&nbsp;<\/p>\n<p><span style=\"font-family: arial, helvetica, sans-serif; color: #000000;\">Literatur:<\/span><br \/>\n<span style=\"font-family: arial, helvetica, sans-serif; color: #000000;\">Hans H. Hanke, Das zweitsch\u00f6nste Stadion der Welt, Die Fu\u00dfballarena \u201eRuhrstadion\u201c in Bochum in: Zeitpunkte 41 Bochum 2020 S. 6 ff<\/span><\/p>\n<p><a href=\"https:\/\/de.wikipedia.org\/wiki\/Ruhrstadion\"><span style=\"color: #000000;\">https:\/\/de.wikipedia.org\/wiki\/Ruhrstadion<\/span><\/a><\/p>\n","protected":false},"excerpt":{"rendered":"<p>Auch das Stadion des VFL Bochum geh\u00f6rt zu Grumme. Als der Fu\u00dfball in der zweiten H\u00e4lfte des 19. Jahrhunderts auch im Ruhrgebiet,zum Massensport wurde, nahmen&#8230;<\/p>\n<div class=\"more-link-wrapper\"><a class=\"more-link\" href=\"https:\/\/ggg.grumme.de\/?page_id=3998\">Weiterlesen<span class=\"screen-reader-text\">Vom Sportplatz zum Stadion<\/span><\/a><\/div>\n","protected":false},"author":2,"featured_media":0,"parent":2770,"menu_order":0,"comment_status":"closed","ping_status":"closed","template":"","meta":{"ngg_post_thumbnail":0,"iawp_total_views":107,"powered_cache_disable_cache":false,"footnotes":""},"class_list":["post-3998","page","type-page","status-publish","hentry","entry"],"_links":{"self":[{"href":"https:\/\/ggg.grumme.de\/index.php?rest_route=\/wp\/v2\/pages\/3998","targetHints":{"allow":["GET"]}}],"collection":[{"href":"https:\/\/ggg.grumme.de\/index.php?rest_route=\/wp\/v2\/pages"}],"about":[{"href":"https:\/\/ggg.grumme.de\/index.php?rest_route=\/wp\/v2\/types\/page"}],"author":[{"embeddable":true,"href":"https:\/\/ggg.grumme.de\/index.php?rest_route=\/wp\/v2\/users\/2"}],"replies":[{"embeddable":true,"href":"https:\/\/ggg.grumme.de\/index.php?rest_route=%2Fwp%2Fv2%2Fcomments&post=3998"}],"version-history":[{"count":48,"href":"https:\/\/ggg.grumme.de\/index.php?rest_route=\/wp\/v2\/pages\/3998\/revisions"}],"predecessor-version":[{"id":4822,"href":"https:\/\/ggg.grumme.de\/index.php?rest_route=\/wp\/v2\/pages\/3998\/revisions\/4822"}],"up":[{"embeddable":true,"href":"https:\/\/ggg.grumme.de\/index.php?rest_route=\/wp\/v2\/pages\/2770"}],"wp:attachment":[{"href":"https:\/\/ggg.grumme.de\/index.php?rest_route=%2Fwp%2Fv2%2Fmedia&parent=3998"}],"curies":[{"name":"wp","href":"https:\/\/api.w.org\/{rel}","templated":true}]}}