{"id":3930,"date":"2025-03-20T16:40:57","date_gmt":"2025-03-20T15:40:57","guid":{"rendered":"https:\/\/ggg.grumme.de\/?page_id=3930"},"modified":"2025-11-20T08:47:55","modified_gmt":"2025-11-20T07:47:55","slug":"grumme-gemarkung-und-bezirk","status":"publish","type":"page","link":"https:\/\/ggg.grumme.de\/?page_id=3930","title":{"rendered":"Grumme &#8211; Gemarkung und Bezirk"},"content":{"rendered":"<figure id=\"attachment_471\" aria-describedby=\"caption-attachment-471\" style=\"width: 258px\" class=\"wp-caption aligncenter\"><img loading=\"lazy\" decoding=\"async\" class=\"wp-image-471\" src=\"http:\/\/ggg.grumme.de\/wp-content\/uploads\/gemarkgGRRRR-1024x599.jpg\" alt=\"Grumme - Gemarkung und Bezirk\" width=\"258\" height=\"151\"><figcaption id=\"caption-attachment-471\" class=\"wp-caption-text\"><em>Gemarkung Grumme<\/em><\/figcaption><\/figure>\r\n<h3 style=\"text-align: center;\"><em><span style=\"font-size: 14pt; font-family: arial, helvetica, sans-serif;\"> Oft ist die Rede von Bochumer Stadt- oder Ortsteilen,<br>doch nur die Begriffe &#8218;Stadtbezirk&#8216; und &#8218;Gemarkung&#8216; sind rechtlich relevant.<\/span><\/em><\/h3>\r\n<p>&nbsp;<\/p>\r\n<h3><span style=\"font-family: arial, helvetica, sans-serif; color: #000000; font-size: 18pt;\">Stadtbezirk Grumme<\/span><\/h3>\r\n<p><span style=\"font-family: arial, helvetica, sans-serif; color: #000000;\"><strong>Die Stadt Bochum ist in sechs <em>Stadtbezirke<\/em> unterteilt, die jeweils in statistische Bezirke als Verwaltungseinheiten gegliedert sind. Grumme ist der statistische Bezirk Nr. 10 im Stadtbezirk Mitte.<\/strong><\/span><\/p>\r\n<table style=\"border=0; width: 100%;\">\r\n<tbody>\r\n<tr>\r\n<td style=\"width: 50%;\">\r\n<figure style=\"width: 301px\" class=\"wp-caption alignnone\"><img loading=\"lazy\" decoding=\"async\" src=\"https:\/\/ggg.grumme.de\/wp-content\/uploads\/Bochum-Stadtbezirke.jpg\" alt=\"Grumme - Gemarkung und Bezirk\" width=\"301\" height=\"213\"><figcaption class=\"wp-caption-text\">\u00a9 Stadt Bochum&nbsp;&nbsp; <a href=\"https:\/\/de.wikipedia.org\/wiki\/Stadtgliederung_Bochums#\"><span class=\"mw-page-title-main\">Stadtgliederung Bochums<\/span><\/a><\/figcaption><\/figure>\r\n<\/td>\r\n<td style=\"width: 50%;\">\r\n<figure style=\"width: 192px\" class=\"wp-caption alignnone\"><img loading=\"lazy\" decoding=\"async\" src=\"https:\/\/ggg.grumme.de\/wp-content\/uploads\/Bochum-StadtbezirkeGrumme10.jpg\" alt=\"Grumme - Gemarkung und Bezirk\" width=\"192\" height=\"240\"><figcaption class=\"wp-caption-text\">\u00a9 Stadt Bochum<\/figcaption><\/figure>\r\n<\/td>\r\n<\/tr>\r\n<\/tbody>\r\n<\/table>\r\n<p><strong><span style=\"font-family: arial, helvetica, sans-serif; color: #000000; font-size: 18pt;\">Gemarkung Grumme<\/span><\/strong><\/p>\r\n<!-- \/wp:post-content -->\r\n\r\n<!-- wp:paragraph \/-->\r\n\r\n<!-- wp:tadv\/classic-paragraph \/-->\r\n\r\n<!-- wp:image {\"align\":\"center\",\"id\":471,\"sizeSlug\":\"large\",\"linkDestination\":\"none\",\"style\":{\"color\":[]}} -->\r\n<div><span style=\"font-family: arial, helvetica, sans-serif; color: #000000;\"><strong>Die Gemarkung Grumme Nr. 1096 ist nicht identisch mit dem statistischen Bezirk Grumme.<\/strong> Eine Gemarkung ist keine Verwaltungseinheit, sondern eine Fl\u00e4cheneinheit des Liegenschaftskatasters. Die Grenzen des statistischen Bezirks Grumme sind deshalb ganz andere als die der Gemarkung.<\/span><\/div>\r\n<div>\r\n<table style=\"border-collapse: collapse; width: 100%;\">\r\n<tbody>\r\n<tr>\r\n<td style=\"width: 50%;\">\r\n<figure style=\"width: 366px\" class=\"wp-caption alignnone\"><img loading=\"lazy\" decoding=\"async\" src=\"https:\/\/ggg.grumme.de\/wp-content\/uploads\/Grumme1823-scaled-e1626621955310.jpeg\" alt=\"Grumme - Gemarkung und Bezirk\" width=\"366\" height=\"279\"><figcaption class=\"wp-caption-text\">Gemeinde-Charte des Parcellar Katasters der Gemeinde Grumme Regierungsbezirk Arnsberg Landkreis Bochum.1823 \u00a9 Stadt Bochum dl-de\/by-2-0<\/figcaption><\/figure>\r\n<\/td>\r\n<td style=\"width: 50%;\">\r\n<figure style=\"width: 424px\" class=\"wp-caption aligncenter\"><img loading=\"lazy\" decoding=\"async\" class=\"\" src=\"https:\/\/ggg.grumme.de\/wp-content\/uploads\/GemarkungGRUMKME_GEOPORTAL.jpg\" alt=\"Grumme - Gemarkung und Bezirk\" width=\"424\" height=\"261\"><figcaption class=\"wp-caption-text\">Gemarkuing Grumme aktuell&nbsp; https:\/\/upload.wikimedia.org\/wikipedia\/commons\/d\/db\/Gemarkungen_der_Stadt_Bochum.jpg<\/figcaption><\/figure>\r\n<\/td>\r\n<\/tr>\r\n<\/tbody>\r\n<\/table>\r\n<\/div>\r\n<div class=\"wp-block-image\"><span style=\"color: #000000;\"><span style=\"font-family: arial, helvetica, sans-serif;\">Die <a style=\"color: #000000;\" href=\"https:\/\/upload.wikimedia.org\/wikipedia\/commons\/d\/db\/Gemarkungen_der_Stadt_Bochum.jpg\">28 Gemarkungen Bochums<\/a> wurden bei der preu\u00dfischen Landesvermessung in den Jahren 1823 bis 1824 zusammen mit dem Urkataster erstellt. <\/span>So zeigt schon die Gemeindekarte von 1823 einen ganz \u00e4hnlichen Grenzverlauf wie heute.<\/span><\/div>\r\n<div class=\"wp-block-image\"><span style=\"font-size: 18pt; color: #000000;\"><strong><span style=\"font-family: arial, helvetica, sans-serif;\">\u00c4nderungen der Gemarkungsgrenzen<\/span><\/strong><\/span><\/div>\r\n<div><span style=\"font-family: arial, helvetica, sans-serif; color: #000000;\">Im Laufe der letzten fast 200 Jahre hat es f\u00fcr Grumme einige Grenz\u00e4nderungen gegeben, die<strong> Gemarkung<\/strong> ist aber im Wesentlichen erhalten geblieben und <strong>bildet darum die Grundlage f\u00fcr unsere Arbeit als Geschichtsgruppe. <\/strong>Dar\u00fcber hinaus k\u00f6nnen auch angrenzende Bereiche der ehemaligen V\u00f6de einbezogen werden, um Entwicklungen zu beschreiben, die nicht nur Grumme betreffen.<\/span><\/div>\r\n<div>&nbsp;<\/div>\r\n<div><span style=\"font-size: 14pt;\"><strong><span style=\"color: #000000;\">1914 Harpener Feld von Harpen nach Grumme<\/span><\/strong><\/span><\/div>\r\n<div>\r\n<figure style=\"width: 457px\" class=\"wp-caption aligncenter\"><img loading=\"lazy\" decoding=\"async\" src=\"https:\/\/ggg.grumme.de\/wp-content\/uploads\/GemarkungGrumme1904a.jpg\" alt=\"Grumme - Gemarkung und Bezirk\" width=\"457\" height=\"265\"><figcaption class=\"wp-caption-text\">Ausschnitt aus: Kreis Bochum Stadt, Gemarkung Grumme Nr. 36 \u00dcbersichtskarte 1908 Stadt Bochum<\/figcaption><\/figure>\r\n<\/div>\r\n<div><span style=\"color: #000000;\">&#8230;..<\/span><\/div>\r\n<div>\r\n<figure style=\"width: 355px\" class=\"wp-caption alignleft\"><img loading=\"lazy\" decoding=\"async\" src=\"https:\/\/ggg.grumme.de\/wp-content\/uploads\/1914-MkSpr051614-Eingemeindung-Teile-von-Harpen-scaled.jpg\" alt=\"Grumme - Gemarkung und Bezirk\" width=\"355\" height=\"264\"><figcaption class=\"wp-caption-text\">M\u00e4rkischer Sprecher 1914, Archiv Spichartz<\/figcaption><\/figure>\r\n<\/div>\r\n<div><span style=\"color: #000000;\">Am 30. April 1914 wurden per Erlass des K\u00f6nigs Teile der Landgemeinde Harpen der Gemarkung Grumme zugeschlagen, die gleichzeitig in die Stadt Bochum eingegliedert wurde (auf der Karte rot eingetragen). Es handelt sich vor allem um das Harpener Feld. Dort am Abzweig Harpen befanden sich das Verbandswasserwerk (rotes Quadrat im Plan) und die Gastst\u00e4tten &#8218;Alter Esel&#8216; und Hegenberg.<\/span><\/div>\r\n<div><span style=\"color: #000000;\">Damit galten f\u00fcr Grumme nun auch andere Vorschriften als vorher, als es noch zum Amt Harpen geh\u00f6rte.<\/span><\/div>\r\n<div><span style=\"color: #000000;\">Mit dem sp\u00e4teren Umbau des Abzweigs Harpen wurde die Castroper Stra\u00dfe weiter geradeaus zu einer gro\u00dfen Kreuzung gef\u00fchrt, in die sp\u00e4ter auch die NS VII einm\u00fcndete.<\/span><\/div>\r\n<div>&nbsp;<\/div>\r\n<div>\r\n<table style=\"border-collapse: collapse; width: 100%;\">\r\n<tbody>\r\n<tr>\r\n<td style=\"width: 50%;\">\r\n<figure style=\"width: 376px\" class=\"wp-caption alignnone\"><img loading=\"lazy\" decoding=\"async\" src=\"https:\/\/ggg.grumme.de\/wp-content\/uploads\/verbandswasserwerk-castroper.jpg\" alt=\"Grumme - Gemarkung und Bezirk\" width=\"376\" height=\"282\"><figcaption class=\"wp-caption-text\">Verbandswasserwerk, Archiv Spichartz<\/figcaption><\/figure>\r\n<\/td>\r\n<td style=\"width: 50%;\">\r\n<figure style=\"width: 359px\" class=\"wp-caption alignright\"><img loading=\"lazy\" decoding=\"async\" src=\"https:\/\/ggg.grumme.de\/wp-content\/uploads\/1914_Auszug_EingemeindgTeileHarpen.jpg\" alt=\"Grumme - Gemarkung und Bezirk\" width=\"359\" height=\"335\"><figcaption class=\"wp-caption-text\">M\u00e4rkischer Sprecher 1914, Archiv Spichartz<\/figcaption><\/figure>\r\n<\/td>\r\n<\/tr>\r\n<\/tbody>\r\n<\/table>\r\n<\/div>\r\n<div><span style=\"font-size: 14pt;\"><strong><span style=\"color: #000000;\">60er Jahre &#8211; Gel\u00e4nde des Ruhrstadions nach Grumme &#8218;eingemeindet&#8216;<br><\/span><\/strong><span style=\"color: #000000;\">Noch 1960 geh\u00f6rte das Gel\u00e4nde des Ruhrstadions zur Gemarkung Bochum. Inzwischen geh\u00f6rt es zur Gemarkung Grumme, die Grenze verl\u00e4uft nur noch um das K\u00fcppers-Karree herum.<\/span><\/span><\/div>\r\n<div>\r\n<table style=\"border-collapse: collapse; width: 100%;\">\r\n<tbody>\r\n<tr>\r\n<td style=\"width: 50%;\">\r\n<figure style=\"width: 446px\" class=\"wp-caption alignnone\"><img loading=\"lazy\" decoding=\"async\" src=\"https:\/\/ggg.grumme.de\/wp-content\/uploads\/1935.jpg\" alt=\"Grumme - Gemarkung und Bezirk\" width=\"446\" height=\"322\"><figcaption class=\"wp-caption-text\">Plan der Stadt Bochumn 1935 Die Gemarkungsgrenze ist mit einem Strich und einem Punkt gezeichnet<\/figcaption><\/figure>\r\n<\/td>\r\n<td style=\"width: 50%;\">\r\n<figure style=\"width: 459px\" class=\"wp-caption alignnone\"><img loading=\"lazy\" decoding=\"async\" src=\"https:\/\/ggg.grumme.de\/wp-content\/uploads\/BoStadionGemGrenzeAktuell.jpg\" alt=\"Grumme - Gemarkung und Bezirk\" width=\"459\" height=\"297\"><figcaption class=\"wp-caption-text\">Stadt Bochum Stadtplan aktuell; Gemarkungsgrenzen sind mit einem Strich und zwei Punkten gezeichnet<\/figcaption><\/figure>\r\n<\/td>\r\n<\/tr>\r\n<\/tbody>\r\n<\/table>\r\n<\/div>\r\n<div>&#8230;&#8230;&#8230;&#8230;&#8230;&#8230;&#8230;&#8230;&#8230;&#8230;&#8230;&#8230;&#8230;&#8230;&#8230;..<\/div>\r\n<div><span style=\"font-size: 14pt;\"><strong><span style=\"color: #000000;\">Anfang der 90er Jahre &#8211; n\u00f6rdlicher Streifen des Stadtparks geht an Gemarkung Bochum<\/span><\/strong><\/span><\/div>\r\n<div>\r\n<table style=\"border-collapse: collapse; width: 100%;\">\r\n<tbody>\r\n<tr>\r\n<td style=\"width: 30.6122%;\">\r\n<figure style=\"width: 224px\" class=\"wp-caption alignnone\"><img loading=\"lazy\" decoding=\"async\" src=\"https:\/\/ggg.grumme.de\/wp-content\/uploads\/Stpark1992.jpg\" alt=\"Grumme - Gemarkung und Bezirk\" width=\"224\" height=\"214\"><figcaption class=\"wp-caption-text\">Gemarkungsgrenze 1992<\/figcaption><\/figure>\r\n<\/td>\r\n<td style=\"width: 41.0431%;\"><span style=\"font-family: arial, helvetica, sans-serif; color: #000000;\">Der obere Teil des Stadtparks von der Gudrunstra\u00dfe bis zur Mitte des &#8217;neuen&#8216; Teichs geh\u00f6rte urspr\u00fcnglich zur Gemarkung Grumme. Die Becke, die damals in etwa quer durch den heutigen Teich zur Schmechtingwiese lief, k\u00f6nnte die Grenze gewesen sein. Die Gudrunstra\u00dfe wurde nach der letzten Parkerweiterung bis 1930 bebaut. Noch 1992 verlief die Grenze durch den Teich (s. gestrichelt-punktierte Linie, in der Karte links). Sp\u00e4ter wurde das Gel\u00e4nde bis zur Gudrunstra\u00dfe der Gemarkung Bochum zugeschlagen:<\/span><\/td>\r\n<td style=\"width: 28.3446%;\">\r\n<figure style=\"width: 226px\" class=\"wp-caption alignnone\"><img loading=\"lazy\" decoding=\"async\" src=\"https:\/\/ggg.grumme.de\/wp-content\/uploads\/StParkGudrinstr2023.jpg\" alt=\"Grumme - Gemarkung und Bezirk\" width=\"226\" height=\"169\"><figcaption class=\"wp-caption-text\">Gemarkungsgrenze aktuell<\/figcaption><\/figure>\r\n<\/td>\r\n<\/tr>\r\n<\/tbody>\r\n<\/table>\r\n<\/div>\r\n<div><span style=\"color: #000000;\"><strong><span style=\"font-size: 14pt;\"><span style=\"font-family: arial, helvetica, sans-serif;\">2015 &#8211; Grummer Teil des Zillertals geht an Gemarkung Riemke<\/span><\/span><\/strong><\/span><\/div>\r\n<div>&nbsp;<\/div>\r\n<div><span style=\"font-family: arial, helvetica, sans-serif; color: #000000;\">Karten unter map.apps verraten, dass 2015 ein Teil des Zillertals, das bis dahin zur Gemarkung Grumme geh\u00f6rte, an die Gemarkung Riemke ging. Die neuen Gemarkungsgrenzen sind mit einer roten Linie eingezeichnet.<\/span>\r\n<figure style=\"width: 283px\" class=\"wp-caption aligncenter\"><img loading=\"lazy\" decoding=\"async\" src=\"https:\/\/ggg.grumme.de\/wp-content\/uploads\/2015a.jpg\" alt=\"Grumme - Gemarkung und Bezirk\" width=\"283\" height=\"222\"><figcaption class=\"wp-caption-text\">map.apps Karte zu Bochum 2014; rote Markierung von H. Schlinkert<\/figcaption><\/figure>\r\n<\/div>","protected":false},"excerpt":{"rendered":"<p>Oft ist die Rede von Bochumer Stadt- oder Ortsteilen,doch nur die Begriffe &#8218;Stadtbezirk&#8216; und &#8218;Gemarkung&#8216; sind rechtlich relevant. &nbsp; Stadtbezirk Grumme Die Stadt Bochum ist&#8230;<\/p>\n<div class=\"more-link-wrapper\"><a class=\"more-link\" href=\"https:\/\/ggg.grumme.de\/?page_id=3930\">Weiterlesen<span class=\"screen-reader-text\">Grumme &#8211; Gemarkung und Bezirk<\/span><\/a><\/div>\n","protected":false},"author":2,"featured_media":0,"parent":458,"menu_order":0,"comment_status":"closed","ping_status":"closed","template":"","meta":{"ngg_post_thumbnail":0,"iawp_total_views":62,"powered_cache_disable_cache":false,"footnotes":""},"class_list":["post-3930","page","type-page","status-publish","hentry","entry"],"_links":{"self":[{"href":"https:\/\/ggg.grumme.de\/index.php?rest_route=\/wp\/v2\/pages\/3930","targetHints":{"allow":["GET"]}}],"collection":[{"href":"https:\/\/ggg.grumme.de\/index.php?rest_route=\/wp\/v2\/pages"}],"about":[{"href":"https:\/\/ggg.grumme.de\/index.php?rest_route=\/wp\/v2\/types\/page"}],"author":[{"embeddable":true,"href":"https:\/\/ggg.grumme.de\/index.php?rest_route=\/wp\/v2\/users\/2"}],"replies":[{"embeddable":true,"href":"https:\/\/ggg.grumme.de\/index.php?rest_route=%2Fwp%2Fv2%2Fcomments&post=3930"}],"version-history":[{"count":67,"href":"https:\/\/ggg.grumme.de\/index.php?rest_route=\/wp\/v2\/pages\/3930\/revisions"}],"predecessor-version":[{"id":4790,"href":"https:\/\/ggg.grumme.de\/index.php?rest_route=\/wp\/v2\/pages\/3930\/revisions\/4790"}],"up":[{"embeddable":true,"href":"https:\/\/ggg.grumme.de\/index.php?rest_route=\/wp\/v2\/pages\/458"}],"wp:attachment":[{"href":"https:\/\/ggg.grumme.de\/index.php?rest_route=%2Fwp%2Fv2%2Fmedia&parent=3930"}],"curies":[{"name":"wp","href":"https:\/\/api.w.org\/{rel}","templated":true}]}}