{"id":3610,"date":"2025-01-18T11:23:56","date_gmt":"2025-01-18T10:23:56","guid":{"rendered":"https:\/\/ggg.grumme.de\/?page_id=3610"},"modified":"2025-07-11T16:47:27","modified_gmt":"2025-07-11T15:47:27","slug":"3610-2","status":"publish","type":"page","link":"https:\/\/ggg.grumme.de\/?page_id=3610","title":{"rendered":"Grumme und der Bochumer Stadtpark"},"content":{"rendered":"<p><img loading=\"lazy\" decoding=\"async\" class=\"alignleft\" src=\"https:\/\/ggg.grumme.de\/wp-content\/uploads\/Stadtpark150J.jpg\" alt=\"Grumme und der Bochumer Stadtpark\" width=\"521\" height=\"391\"><\/p>\n<p>&nbsp;<\/p>\n<p>&nbsp;<\/p>\n<p>&nbsp;<\/p>\n<p style=\"text-align: center;\"><span style=\"color: #000000;\"><strong><span style=\"font-family: arial, helvetica, sans-serif;\">Im Jahr 2025 wird der Bochumer Stadtpark zu seinem &#8218;150. Geburtstag&#8216; <a href=\"https:\/\/www.bochum.de\/Pressemeldungen\/17-Oktober-2024\/150-Jahre-Stadtpark-Denkmalgerechte-Instandsetzung-startet\">abschnittsweise saniert<\/a> und f\u00fcr die IGA 2027 vorbereitet.<\/span><\/strong><\/span><\/p>\n<p>&nbsp;<\/p>\n<p>&nbsp;<\/p>\n<p>&nbsp;<\/p>\n<p><span style=\"font-family: arial, helvetica, sans-serif; color: #000000;\"><br \/>\n1875 war zun\u00e4chst der untere Teil des Parks auf dem Gel\u00e4nde der Kleinen V\u00f6de* angelegt worden. 1889\u20131894 und nach der Eingemeindung Grummes 1904 wurde der Park nach Norden hin erweitert.<br \/>\n<\/span><\/p>\n<figure style=\"width: 258px\" class=\"wp-caption alignleft\"><img loading=\"lazy\" decoding=\"async\" class=\"\" src=\"https:\/\/ggg.grumme.de\/wp-content\/uploads\/Stpark1992.jpg\" alt=\"Grumme und der Bochumer Stadtpark\" width=\"258\" height=\"247\"><figcaption class=\"wp-caption-text\"><span style=\"font-family: arial, helvetica, sans-serif;\">Stadt Bochum<\/span><\/figcaption><\/figure>\n<p><span style=\"color: #000000; font-family: arial, helvetica, sans-serif;\">Der obere Teil des Parks von der Gudrunstra\u00dfe bis zur Mitte des &#8217;neuen&#8216; Teichs geh\u00f6rte urspr\u00fcnglich zur Gemarkung Grumme. <\/span><span style=\"color: #000000; font-family: arial, helvetica, sans-serif;\">Die Becke, die damals in etwa quer durch den heutigen Teich zur Schmechtingwiese lief, k\u00f6nnte die Grenze gewesen sein. <\/span><span style=\"color: #000000; font-family: arial, helvetica, sans-serif;\">Die Gudrunstra\u00dfe war noch in den Pl\u00e4nen von 1910\/14 als Fluchtlinie ausgewiesen und wurde nach der letzten Parkerweiterung bis 1930 bebaut.<br \/>\nDie 1904 gerade frisch eingemeindeten Grummer B\u00fcrger erhielten einen eigenen Eingang in das damals umz\u00e4unte Parkgel\u00e4nde.<br \/>\nDer Gutsbesitzer Helf, der den Kaiseraue-Teich angelegt hatte, gr\u00fcndete damals eine \u201aTerraingesellschaft\u2018 genannte Baugesellschaft, die die ersten 98 H\u00e4user des neu entstehenden \u201aStadtparkviertels\u2018 errichtete.&nbsp;&nbsp;&nbsp;<\/span><br \/>\n<span style=\"color: #000000; font-family: arial, helvetica, sans-serif;\">Noch 1992 verlief die Grenze durch den Teich (s. gestrichelt-punktierte Linie, die durch den Teich geht, in der Karte links).<br \/>\n<\/span><\/p>\n<p><span style=\"font-family: arial, helvetica, sans-serif; color: #000000;\">Sp\u00e4ter wurde das Gel\u00e4nde bis zur Gudrunstra\u00dfe der Gemarkung Bochum zugeschlagen:<br \/>\n<\/span><\/p>\n<p><span style=\"font-family: arial, helvetica, sans-serif; color: #000000;\"><img loading=\"lazy\" decoding=\"async\" class=\"alignleft\" src=\"https:\/\/ggg.grumme.de\/wp-content\/uploads\/StParkGudrinstr2023.jpg\" alt=\"Grumme und der Bochumer Stadtpark\" width=\"226\" height=\"169\"><\/span><img alt=\"Grumme und der Bochumer Stadtpark\" loading=\"lazy\" decoding=\"async\" class=\"alignleft\" src=\"https:\/\/ggg.grumme.de\/wp-content\/uploads\/PlangPDFStPark.jpg\" width=\"278\" height=\"419\"><\/p>\n<p>&nbsp;<\/p>\n<p>&nbsp;<\/p>\n<p>&nbsp;<\/p>\n<p>&nbsp;<\/p>\n<p><span style=\"font-family: arial, helvetica, sans-serif; color: #000000;\">Viele Informationen finden sich im <a style=\"color: #000000;\" href=\"https:\/\/www.bochum.de\/C125830C0042AB74\/vwContentByKey\/W2C9FGSG365BOCMDE\/$File\/Stadtparkviertel_Gestaltungshandbuch.pdf\">Gestaltungshandbuch<\/a> der Stadt Bochum.<\/span><\/p>\n<p><span style=\"font-family: arial, helvetica, sans-serif; color: #000000;\">s. auch Hans Hanke, Bochum zu Fu\u00df, Rundgang 4 &#8218;Bauern mit Kohle&#8216; Essen 1991 S.81ff<br \/>\n<\/span><\/p>\n<p>&nbsp;<\/p>\n<table style=\"border-collapse: collapse; width: 100%;\">\n<tbody>\n<tr>\n<td style=\"width: 50%;\">\n<p><figure style=\"width: 418px\" class=\"wp-caption alignnone\"><img loading=\"lazy\" decoding=\"async\" src=\"https:\/\/ggg.grumme.de\/wp-content\/uploads\/StParkTeich.jpg\" alt=\"Grumme und der Bochumer Stadtpark\" width=\"418\" height=\"268\"><figcaption class=\"wp-caption-text\">Oberer Teich im Umbau Januar 2025 Foto H. Schlinkert<\/figcaption><\/figure><\/td>\n<td style=\"width: 50%;\"><img alt=\"Grumme und der Bochumer Stadtpark\" loading=\"lazy\" decoding=\"async\" class=\"\" src=\"https:\/\/ggg.grumme.de\/wp-content\/uploads\/IMG_20241229_142534-scaled.jpg\" width=\"341\" height=\"256\"><\/td>\n<\/tr>\n<\/tbody>\n<\/table>\n<p><span style=\"font-family: arial, helvetica, sans-serif; color: #000000;\">Auf dem Foto rechts sieht man, wie sich aus einem Kanal Niederschlagswasser durch den Boden des Teichs seinen Weg sucht.Hier verlief fr\u00fcher eine Becke, die weiter herunter bis ins Schmechtingtal floss. Vor ca. 20 Jahren scheiterte an einer B\u00fcrgerinitiative ein Vorhaben der Stadt Bochum, den Bach zu renaturieren und entlang der Herder Allee ins Schmechtingtal zu f\u00fchren.<\/span><\/p>\n<p><span style=\"font-family: arial, helvetica, sans-serif; color: #000000;\">* zur Vorgeschichte des Stadtpark-Gel\u00e4ndes:<\/span><\/p>\n<blockquote class=\"wp-embedded-content\" data-secret=\"OCyPelzg1O\"><p><a href=\"https:\/\/ggg.grumme.de\/?page_id=1261\">Die Geschichte der Bochumer V\u00f6de<\/a><\/p><\/blockquote>\n<p><iframe loading=\"lazy\" class=\"wp-embedded-content\" sandbox=\"allow-scripts\" security=\"restricted\" style=\"position: absolute; visibility: hidden;\" title=\"&#8222;Die Geschichte der Bochumer V\u00f6de&#8220; &#8212; GeschichtsGruppeGrumme\" src=\"https:\/\/ggg.grumme.de\/?page_id=1261&#038;embed=true#?secret=69BSnSkar4#?secret=OCyPelzg1O\" data-secret=\"OCyPelzg1O\" width=\"500\" height=\"282\" frameborder=\"0\" marginwidth=\"0\" marginheight=\"0\" scrolling=\"no\"><\/iframe><\/p>\n","protected":false},"excerpt":{"rendered":"<p>&nbsp; &nbsp; &nbsp; Im Jahr 2025 wird der Bochumer Stadtpark zu seinem &#8218;150. Geburtstag&#8216; abschnittsweise saniert und f\u00fcr die IGA 2027 vorbereitet. &nbsp; &nbsp; &nbsp;&#8230;<\/p>\n<div class=\"more-link-wrapper\"><a class=\"more-link\" href=\"https:\/\/ggg.grumme.de\/?page_id=3610\">Weiterlesen<span class=\"screen-reader-text\">Grumme und der Bochumer Stadtpark<\/span><\/a><\/div>\n","protected":false},"author":2,"featured_media":0,"parent":2768,"menu_order":0,"comment_status":"closed","ping_status":"closed","template":"","meta":{"ngg_post_thumbnail":0,"iawp_total_views":130,"powered_cache_disable_cache":false,"footnotes":""},"class_list":["post-3610","page","type-page","status-publish","hentry","entry"],"_links":{"self":[{"href":"https:\/\/ggg.grumme.de\/index.php?rest_route=\/wp\/v2\/pages\/3610","targetHints":{"allow":["GET"]}}],"collection":[{"href":"https:\/\/ggg.grumme.de\/index.php?rest_route=\/wp\/v2\/pages"}],"about":[{"href":"https:\/\/ggg.grumme.de\/index.php?rest_route=\/wp\/v2\/types\/page"}],"author":[{"embeddable":true,"href":"https:\/\/ggg.grumme.de\/index.php?rest_route=\/wp\/v2\/users\/2"}],"replies":[{"embeddable":true,"href":"https:\/\/ggg.grumme.de\/index.php?rest_route=%2Fwp%2Fv2%2Fcomments&post=3610"}],"version-history":[{"count":32,"href":"https:\/\/ggg.grumme.de\/index.php?rest_route=\/wp\/v2\/pages\/3610\/revisions"}],"predecessor-version":[{"id":4465,"href":"https:\/\/ggg.grumme.de\/index.php?rest_route=\/wp\/v2\/pages\/3610\/revisions\/4465"}],"up":[{"embeddable":true,"href":"https:\/\/ggg.grumme.de\/index.php?rest_route=\/wp\/v2\/pages\/2768"}],"wp:attachment":[{"href":"https:\/\/ggg.grumme.de\/index.php?rest_route=%2Fwp%2Fv2%2Fmedia&parent=3610"}],"curies":[{"name":"wp","href":"https:\/\/api.w.org\/{rel}","templated":true}]}}