{"id":3031,"date":"2024-08-28T06:29:20","date_gmt":"2024-08-28T06:29:20","guid":{"rendered":"https:\/\/ggg.grumme.de\/?page_id=3031"},"modified":"2025-01-01T10:04:30","modified_gmt":"2025-01-01T09:04:30","slug":"a40-gesperrt","status":"publish","type":"page","link":"https:\/\/ggg.grumme.de\/?page_id=3031","title":{"rendered":"A40 gesperrt"},"content":{"rendered":"<p style=\"text-align: center;\"><span style=\"color: #000000; font-family: arial, helvetica, sans-serif; font-size: 18pt;\">August 2024 &#8211; Die A 40 ist wegen des Neubaus der Schlachthof-Br\u00fccke gesperrt <\/span><span style=\"font-family: arial, helvetica, sans-serif;\"><span style=\"color: #000000;\"><img loading=\"lazy\" decoding=\"async\" class=\"aligncenter\" src=\"https:\/\/ggg.grumme.de\/wp-content\/uploads\/Stilleben2010-scaled.jpg\" alt=\"A40 gesperrt\" width=\"383\" height=\"255\"><\/span><\/span><\/p>\n<p style=\"text-align: center;\"><span style=\"font-family: arial, helvetica, sans-serif; font-size: 14pt; color: #000000;\">Das kennen wir noch vom Still-Leben 2010<\/span><\/p>\n<table style=\"border-collapse: collapse; width: 100%;\">\n<tbody>\n<tr>\n<td style=\"width: 50%;\"><img alt=\"A40 gesperrt\" decoding=\"async\" src=\"https:\/\/ggg.grumme.de\/wp-content\/uploads\/a40b-1-scaled.jpg\"><\/td>\n<td style=\"width: 50%;\"><img decoding=\"async\" src=\"https:\/\/ggg.grumme.de\/wp-content\/uploads\/a40AuffHRT2.jpg\" alt=\"A40 gesperrt\"><\/td>\n<\/tr>\n<\/tbody>\n<\/table>\n<p style=\"text-align: center;\"><span style=\"font-family: arial, helvetica, sans-serif; font-size: 14pt; color: #000000;\">In Grumme sind diesmal nur die Fahrbahnen in Richtung Essen gesperrt<br \/>\nzwischen dem Westkreuz und der Herner Stra\u00dfe.<\/span><\/p>\n<table style=\"border-collapse: collapse; width: 100%;\">\n<tbody>\n<tr>\n<td style=\"width: 50%;\"><img alt=\"A40 gesperrt\" decoding=\"async\" src=\"https:\/\/ggg.grumme.de\/wp-content\/uploads\/a40c-1-scaled.jpg\"><\/td>\n<td style=\"width: 50%;\"><img alt=\"A40 gesperrt\" decoding=\"async\" src=\"https:\/\/ggg.grumme.de\/wp-content\/uploads\/a40Bike-1.jpeg\"><\/td>\n<\/tr>\n<\/tbody>\n<\/table>\n<p style=\"text-align: center;\"><span style=\"font-size: 14pt; font-family: arial, helvetica, sans-serif; color: #000000;\">Hier gehts erstmal nicht weiter &nbsp; &nbsp;&nbsp; &nbsp;&nbsp;&nbsp; Fahrradfahren ist leider nicht erlaubt<\/span><\/p>\n<table style=\"border-collapse: collapse; width: 100%;\">\n<tbody>\n<tr>\n<td style=\"width: 33.3333%;\"><img alt=\"A40 gesperrt\" decoding=\"async\" src=\"https:\/\/ggg.grumme.de\/wp-content\/uploads\/AaUFGANG-scaled.jpg\"><\/td>\n<td style=\"width: 33.3333%;\"><img alt=\"A40 gesperrt\" decoding=\"async\" src=\"https:\/\/ggg.grumme.de\/wp-content\/uploads\/a40Treppe-scaled.jpg\"><\/td>\n<td style=\"width: 33.3333%;\"><img alt=\"A40 gesperrt\" decoding=\"async\" src=\"https:\/\/ggg.grumme.de\/wp-content\/uploads\/AtUER-scaled.jpg\"><\/td>\n<\/tr>\n<\/tbody>\n<\/table>\n<p style=\"text-align: center;\"><span style=\"font-family: arial, helvetica, sans-serif; font-size: 14pt; color: #000000;\">An der Bergstra\u00dfe f\u00fchrt eine Treppe zu einer T\u00fcr, hinter der sich ein Ausblick direkt auf die A40 bietet.<\/span><\/p>\n<p>&nbsp;&#8211; alle Fotos: Heinz Schlinkert &#8211;<\/p>\n<p><span style=\"font-family: arial, helvetica, sans-serif; color: #000000; font-size: 14pt;\">Unter &#8218;Grumme und die B1&#8216; ist die <strong>Geschichte des Baus dieser Stra\u00dfe auf Grummer Gebiet<\/strong> dargestellt:<\/span><\/p>\n<blockquote class=\"wp-embedded-content\" data-secret=\"hL4m6kxS3B\"><p><a href=\"https:\/\/ggg.grumme.de\/themen\/grumme-seit-1945\/grumme-und-die-b1\/\">Grumme und die B1<\/a><\/p><\/blockquote>\n<p><iframe loading=\"lazy\" class=\"wp-embedded-content\" sandbox=\"allow-scripts\" security=\"restricted\" style=\"position: absolute; visibility: hidden;\" title=\"&#8222;Grumme und die B1&#8220; &#8212; GeschichtsGruppeGrumme\" src=\"https:\/\/ggg.grumme.de\/themen\/grumme-seit-1945\/grumme-und-die-b1\/embed\/#?secret=5MOdf81ORW#?secret=hL4m6kxS3B\" data-secret=\"hL4m6kxS3B\" width=\"500\" height=\"282\" frameborder=\"0\" marginwidth=\"0\" marginheight=\"0\" scrolling=\"no\"><\/iframe><\/p>\n","protected":false},"excerpt":{"rendered":"<p>August 2024 &#8211; Die A 40 ist wegen des Neubaus der Schlachthof-Br\u00fccke gesperrt Das kennen wir noch vom Still-Leben 2010 In Grumme sind diesmal nur&#8230;<\/p>\n<div class=\"more-link-wrapper\"><a class=\"more-link\" href=\"https:\/\/ggg.grumme.de\/?page_id=3031\">Weiterlesen<span class=\"screen-reader-text\">A40 gesperrt<\/span><\/a><\/div>\n","protected":false},"author":2,"featured_media":0,"parent":2204,"menu_order":0,"comment_status":"closed","ping_status":"closed","template":"","meta":{"ngg_post_thumbnail":0,"iawp_total_views":48,"powered_cache_disable_cache":false,"footnotes":""},"class_list":["post-3031","page","type-page","status-publish","hentry","entry"],"_links":{"self":[{"href":"https:\/\/ggg.grumme.de\/index.php?rest_route=\/wp\/v2\/pages\/3031","targetHints":{"allow":["GET"]}}],"collection":[{"href":"https:\/\/ggg.grumme.de\/index.php?rest_route=\/wp\/v2\/pages"}],"about":[{"href":"https:\/\/ggg.grumme.de\/index.php?rest_route=\/wp\/v2\/types\/page"}],"author":[{"embeddable":true,"href":"https:\/\/ggg.grumme.de\/index.php?rest_route=\/wp\/v2\/users\/2"}],"replies":[{"embeddable":true,"href":"https:\/\/ggg.grumme.de\/index.php?rest_route=%2Fwp%2Fv2%2Fcomments&post=3031"}],"version-history":[{"count":21,"href":"https:\/\/ggg.grumme.de\/index.php?rest_route=\/wp\/v2\/pages\/3031\/revisions"}],"predecessor-version":[{"id":3547,"href":"https:\/\/ggg.grumme.de\/index.php?rest_route=\/wp\/v2\/pages\/3031\/revisions\/3547"}],"up":[{"embeddable":true,"href":"https:\/\/ggg.grumme.de\/index.php?rest_route=\/wp\/v2\/pages\/2204"}],"wp:attachment":[{"href":"https:\/\/ggg.grumme.de\/index.php?rest_route=%2Fwp%2Fv2%2Fmedia&parent=3031"}],"curies":[{"name":"wp","href":"https:\/\/api.w.org\/{rel}","templated":true}]}}