{"id":3013,"date":"2024-08-24T06:33:35","date_gmt":"2024-08-24T06:33:35","guid":{"rendered":"https:\/\/ggg.grumme.de\/?page_id=3013"},"modified":"2025-12-24T15:13:56","modified_gmt":"2025-12-24T14:13:56","slug":"der-schwalbengrund","status":"publish","type":"page","link":"https:\/\/ggg.grumme.de\/?page_id=3013","title":{"rendered":"Der Schwalbengrund"},"content":{"rendered":"<p style=\"text-align: center;\"><span style=\"font-size: 14pt;\"><strong><em><span style=\"font-family: arial, helvetica, sans-serif; color: #000000;\">Diese Seite ist im Aufbau.<br \/>\nWir suchen noch weitere Informationen und Fotos<br \/>\nzur Geschichte des Schwalbengrunds.<\/span><\/em><\/strong><\/span><\/p>\n<p style=\"text-align: center;\"><span style=\"font-size: 14pt;\"><strong><em><span style=\"font-family: arial, helvetica, sans-serif; color: #000000;\">Wer noch etwas wei\u00df oder Unterlagen besitzt, bitte Nachricht an<br \/>\nHeinz Schlinkert &nbsp; Schwalbengrund 32&nbsp; ggg[at]schlinkert.eu<\/span><\/em><\/strong><\/span><\/p>\n<table style=\"border-collapse: collapse; width: 100%;\">\n<tbody>\n<tr>\n<td style=\"width: 50%;\"><img alt=\"Der Schwalbengrund\" decoding=\"async\" class=\"aligncenter\" src=\"https:\/\/ggg.grumme.de\/wp-content\/uploads\/SchildSchwgrund.jpg\"><\/td>\n<td style=\"width: 50%;\"><img loading=\"lazy\" decoding=\"async\" src=\"https:\/\/ggg.grumme.de\/wp-content\/uploads\/EingangSchwGrund-scaled.jpg\" alt=\"Der Schwalbengrund\" width=\"315\" height=\"235\"><\/td>\n<\/tr>\n<\/tbody>\n<\/table>\n<figure style=\"width: 678px\" class=\"wp-caption aligncenter\"><img loading=\"lazy\" decoding=\"async\" src=\"https:\/\/ggg.grumme.de\/wp-content\/uploads\/Schwgrfd1905Encke-scaled.jpg\" alt=\"Der Schwalbengrund\" width=\"678\" height=\"583\"><figcaption class=\"wp-caption-text\">Ausschnitt aus dem Encke-Plan 1905<\/figcaption><\/figure>\n<p><span style=\"font-family: arial, helvetica, sans-serif; color: #000000;\"><strong>1905<\/strong> kurz nach der Eingemeindung in die Stadt Bochum. Schr\u00e4g zwischen Heckert- und Josefinenstra\u00dfe verlaufen die Felder der Bauern H\u00f6hne, Helf und Kleberg<br \/>\n<\/span><\/p>\n<table style=\"border-collapse: collapse; width: 100%; height: 500px;\">\n<tbody>\n<tr style=\"height: 500px;\">\n<td style=\"width: 51.0684%; height: 500px;\">\n<figure style=\"width: 541px\" class=\"wp-caption alignnone\"><img loading=\"lazy\" decoding=\"async\" src=\"https:\/\/ggg.grumme.de\/wp-content\/uploads\/1955o1957-Luftbild-Zeche-Constantin-VI-VII-Josefinenstr-Grumme-Dortmunder-Str-scaled.jpg\" alt=\"Der Schwalbengrund\" width=\"541\" height=\"426\"><figcaption class=\"wp-caption-text\">Foto: Stadt Bochum<\/figcaption><\/figure>\n<p><span style=\"font-family: arial, helvetica, sans-serif; color: #000000;\">Luftbild ca.<strong>1955<\/strong>: Der Schwalbengrund ist noch nicht gebaut, die Felder sind noch intakt. Mittig quer verl\u00e4uft die Josephinenstra\u00dfe, am linken Rand die Heckertstra\u00dfe. Im Hintergrund die Zeche Constantin 6\/7, im Vordergrund die alte B1 als Landstra\u00dfe. <\/span><\/td>\n<td style=\"width: 48.9316%; height: 500px;\">\n<figure style=\"width: 344px\" class=\"wp-caption alignnone\"><img loading=\"lazy\" decoding=\"async\" src=\"https:\/\/ggg.grumme.de\/wp-content\/uploads\/50erHeckertstrasseAusschnitt.jpg\" alt=\"Der Schwalbengrund\" width=\"344\" height=\"256\"><figcaption class=\"wp-caption-text\">Foto Sammlung Spichartz<\/figcaption><\/figure>\n<p><span style=\"color: #000000; font-family: arial, helvetica, sans-serif;\">Mitte der 19<strong>50er Jahre<\/strong>: Heckertstra\u00dfe mit Blick auf die Grummer Kirche.<br \/>\nRechts hinter den H\u00e4usern verl\u00e4uft heute der Schwalbengrund.<br \/>\n<\/span><\/td>\n<\/tr>\n<\/tbody>\n<\/table>\n<table style=\"border-collapse: collapse; width: 100%;\">\n<tbody>\n<tr>\n<td style=\"width: 50%;\">\n<p><figure style=\"width: 421px\" class=\"wp-caption alignnone\"><img loading=\"lazy\" decoding=\"async\" class=\"\" src=\"https:\/\/ggg.grumme.de\/wp-content\/uploads\/B295-1961-neubauten-schwalbengrund.jpg\" alt=\"Der Schwalbengrund\" width=\"421\" height=\"272\"><figcaption class=\"wp-caption-text\">Foto: Sammlung Spichartz<\/figcaption><\/figure><\/td>\n<td style=\"width: 50%;\"><span style=\"font-family: arial, helvetica, sans-serif; color: #000000;\">Die ersten H\u00e4userreihen wurden auf der rechten Stra\u00dfenseite gebaut, ca. <strong>1960<\/strong>.<br \/>\nAuf diesem Foto sind auf der linken Seite die ersten 4 der 6 H\u00e4userreihen zu sehen, die jeweils aus drei H\u00e4usern bestehen. An&nbsp; das erste Haus in der Kurve wurde noch die Arztpraxis Remberg angebaut. Bautr\u00e4ger: Scholven AG<br \/>\n<\/span><\/td>\n<\/tr>\n<\/tbody>\n<\/table>\n<figure style=\"width: 616px\" class=\"wp-caption alignnone\"><img loading=\"lazy\" decoding=\"async\" src=\"https:\/\/ggg.grumme.de\/wp-content\/uploads\/Luftbild-Schwalbengrund29-Aug-1961.jpg\" alt=\"Der Schwalbengrund\" width=\"616\" height=\"557\"><figcaption class=\"wp-caption-text\">Foto Stadt Bochum<\/figcaption><\/figure>\n<p><span style=\"font-family: arial, helvetica, sans-serif; color: #000000;\">Luftbild 1961&nbsp;&nbsp; Der Schwalbengrund ist seit dem 12.10.1957 eine neue Stra\u00dfe in Bochum. Die ersten H\u00e4user stehen, die B1 im Hintergrund wird zur Autobahn ausgebaut<\/span><\/p>\n<figure style=\"width: 613px\" class=\"wp-caption alignnone\"><img loading=\"lazy\" decoding=\"async\" src=\"https:\/\/ggg.grumme.de\/wp-content\/uploads\/SchwalbengrundHinten1961.jpg\" alt=\"Der Schwalbengrund\" width=\"613\" height=\"437\"><figcaption class=\"wp-caption-text\">Foto: Stadt Bochum<\/figcaption><\/figure>\n<p><span style=\"font-family: arial, helvetica, sans-serif; color: #000000;\">Luftbild <strong>1961<\/strong>: Das Gel\u00e4nde rechts vor dem Wendehammer ist noch nicht bebaut.<br \/>\nDer schr\u00e4g verlaufende Zaun vor den H\u00e4usern rechts markiert noch die fr\u00fchere Grenze der Felder der Bauern. Die Pfosten aus Beton stehen noch heute im mittleren Teil.<br \/>\n<\/span><\/p>\n<p>&nbsp;<\/p>\n<p>&nbsp;<\/p>\n<p>&nbsp;<\/p>\n","protected":false},"excerpt":{"rendered":"<p>Diese Seite ist im Aufbau. Wir suchen noch weitere Informationen und Fotos zur Geschichte des Schwalbengrunds. Wer noch etwas wei\u00df oder Unterlagen besitzt, bitte Nachricht&#8230;<\/p>\n<div class=\"more-link-wrapper\"><a class=\"more-link\" href=\"https:\/\/ggg.grumme.de\/?page_id=3013\">Weiterlesen<span class=\"screen-reader-text\">Der Schwalbengrund<\/span><\/a><\/div>\n","protected":false},"author":2,"featured_media":0,"parent":2770,"menu_order":0,"comment_status":"closed","ping_status":"closed","template":"","meta":{"ngg_post_thumbnail":0,"iawp_total_views":181,"powered_cache_disable_cache":false,"footnotes":""},"class_list":["post-3013","page","type-page","status-publish","hentry","entry"],"_links":{"self":[{"href":"https:\/\/ggg.grumme.de\/index.php?rest_route=\/wp\/v2\/pages\/3013","targetHints":{"allow":["GET"]}}],"collection":[{"href":"https:\/\/ggg.grumme.de\/index.php?rest_route=\/wp\/v2\/pages"}],"about":[{"href":"https:\/\/ggg.grumme.de\/index.php?rest_route=\/wp\/v2\/types\/page"}],"author":[{"embeddable":true,"href":"https:\/\/ggg.grumme.de\/index.php?rest_route=\/wp\/v2\/users\/2"}],"replies":[{"embeddable":true,"href":"https:\/\/ggg.grumme.de\/index.php?rest_route=%2Fwp%2Fv2%2Fcomments&post=3013"}],"version-history":[{"count":45,"href":"https:\/\/ggg.grumme.de\/index.php?rest_route=\/wp\/v2\/pages\/3013\/revisions"}],"predecessor-version":[{"id":5025,"href":"https:\/\/ggg.grumme.de\/index.php?rest_route=\/wp\/v2\/pages\/3013\/revisions\/5025"}],"up":[{"embeddable":true,"href":"https:\/\/ggg.grumme.de\/index.php?rest_route=\/wp\/v2\/pages\/2770"}],"wp:attachment":[{"href":"https:\/\/ggg.grumme.de\/index.php?rest_route=%2Fwp%2Fv2%2Fmedia&parent=3013"}],"curies":[{"name":"wp","href":"https:\/\/api.w.org\/{rel}","templated":true}]}}