{"id":2768,"date":"2024-04-20T13:28:01","date_gmt":"2024-04-20T13:28:01","guid":{"rendered":"https:\/\/ggg.grumme.de\/?page_id=2768"},"modified":"2026-02-21T16:09:45","modified_gmt":"2026-02-21T15:09:45","slug":"grumme-bis-1900","status":"publish","type":"page","link":"https:\/\/ggg.grumme.de\/?page_id=2768","title":{"rendered":"Grumme bis 1900"},"content":{"rendered":"<blockquote class=\"wp-embedded-content\" data-secret=\"BnwhR7WOfD\"><p><a href=\"https:\/\/ggg.grumme.de\/?page_id=1261\">Die Geschichte der Bochumer V\u00f6de<\/a><\/p><\/blockquote>\n<p><iframe loading=\"lazy\" class=\"wp-embedded-content\" sandbox=\"allow-scripts\" security=\"restricted\" style=\"position: absolute; visibility: hidden;\" title=\"&#8222;Die Geschichte der Bochumer V\u00f6de&#8220; &#8211; GeschichtsGruppeGrumme\" src=\"https:\/\/ggg.grumme.de\/?page_id=1261&#038;embed=true#?secret=RgWSglxiGx#?secret=BnwhR7WOfD\" data-secret=\"BnwhR7WOfD\" width=\"500\" height=\"282\" frameborder=\"0\" marginwidth=\"0\" marginheight=\"0\" scrolling=\"no\"><\/iframe><\/p>\n<blockquote class=\"wp-embedded-content\" data-secret=\"dZlqV4fldJ\"><p><a href=\"https:\/\/ggg.grumme.de\/?page_id=4395\">Kolonie Prinz von Preu\u00dfen &#8211; Der &#8218;S\u00fcdost-Zipfel&#8216; von Grumme<\/a><\/p><\/blockquote>\n<p><iframe loading=\"lazy\" class=\"wp-embedded-content\" sandbox=\"allow-scripts\" security=\"restricted\" style=\"position: absolute; visibility: hidden;\" title=\"&#8222;Kolonie Prinz von Preu\u00dfen &#8211; Der &#8218;S\u00fcdost-Zipfel&#8216; von Grumme&#8220; &#8211; GeschichtsGruppeGrumme\" src=\"https:\/\/ggg.grumme.de\/?page_id=4395&#038;embed=true#?secret=QyH4Ly6WMI#?secret=dZlqV4fldJ\" data-secret=\"dZlqV4fldJ\" width=\"500\" height=\"282\" frameborder=\"0\" marginwidth=\"0\" marginheight=\"0\" scrolling=\"no\"><\/iframe><\/p>\n<blockquote class=\"wp-embedded-content\" data-secret=\"Kd5wT0qoj2\"><p><a href=\"https:\/\/ggg.grumme.de\/?page_id=5348\">Erste Schulgr\u00fcndungen in Grumme<\/a><\/p><\/blockquote>\n<p><iframe loading=\"lazy\" class=\"wp-embedded-content\" sandbox=\"allow-scripts\" security=\"restricted\" style=\"position: absolute; visibility: hidden;\" title=\"&#8222;Erste Schulgr\u00fcndungen in Grumme&#8220; &#8211; GeschichtsGruppeGrumme\" src=\"https:\/\/ggg.grumme.de\/?page_id=5348&#038;embed=true#?secret=cAznr7XOdh#?secret=Kd5wT0qoj2\" data-secret=\"Kd5wT0qoj2\" width=\"500\" height=\"282\" frameborder=\"0\" marginwidth=\"0\" marginheight=\"0\" scrolling=\"no\"><\/iframe><\/p>\n<blockquote class=\"wp-embedded-content\" data-secret=\"Ucfavz1qmV\"><p><a href=\"https:\/\/ggg.grumme.de\/?page_id=3610\">Grumme und der Bochumer Stadtpark<\/a><\/p><\/blockquote>\n<p><iframe loading=\"lazy\" class=\"wp-embedded-content\" sandbox=\"allow-scripts\" security=\"restricted\" style=\"position: absolute; visibility: hidden;\" title=\"&#8222;Grumme und der Bochumer Stadtpark&#8220; &#8211; GeschichtsGruppeGrumme\" src=\"https:\/\/ggg.grumme.de\/?page_id=3610&#038;embed=true#?secret=QTCOb6AxPj#?secret=Ucfavz1qmV\" data-secret=\"Ucfavz1qmV\" width=\"500\" height=\"282\" frameborder=\"0\" marginwidth=\"0\" marginheight=\"0\" scrolling=\"no\"><\/iframe><\/p>\n<p>&nbsp;<\/p>\n","protected":false},"excerpt":{"rendered":"<p>Die Geschichte der Bochumer V\u00f6de Kolonie Prinz von Preu\u00dfen &#8211; Der &#8218;S\u00fcdost-Zipfel&#8216; von Grumme Erste Schulgr\u00fcndungen in Grumme Grumme und der Bochumer Stadtpark &nbsp;<\/p>\n","protected":false},"author":2,"featured_media":0,"parent":458,"menu_order":0,"comment_status":"closed","ping_status":"closed","template":"","meta":{"ngg_post_thumbnail":0,"iawp_total_views":49,"powered_cache_disable_cache":false,"footnotes":""},"class_list":["post-2768","page","type-page","status-publish","hentry","entry"],"_links":{"self":[{"href":"https:\/\/ggg.grumme.de\/index.php?rest_route=\/wp\/v2\/pages\/2768","targetHints":{"allow":["GET"]}}],"collection":[{"href":"https:\/\/ggg.grumme.de\/index.php?rest_route=\/wp\/v2\/pages"}],"about":[{"href":"https:\/\/ggg.grumme.de\/index.php?rest_route=\/wp\/v2\/types\/page"}],"author":[{"embeddable":true,"href":"https:\/\/ggg.grumme.de\/index.php?rest_route=\/wp\/v2\/users\/2"}],"replies":[{"embeddable":true,"href":"https:\/\/ggg.grumme.de\/index.php?rest_route=%2Fwp%2Fv2%2Fcomments&post=2768"}],"version-history":[{"count":5,"href":"https:\/\/ggg.grumme.de\/index.php?rest_route=\/wp\/v2\/pages\/2768\/revisions"}],"predecessor-version":[{"id":5367,"href":"https:\/\/ggg.grumme.de\/index.php?rest_route=\/wp\/v2\/pages\/2768\/revisions\/5367"}],"up":[{"embeddable":true,"href":"https:\/\/ggg.grumme.de\/index.php?rest_route=\/wp\/v2\/pages\/458"}],"wp:attachment":[{"href":"https:\/\/ggg.grumme.de\/index.php?rest_route=%2Fwp%2Fv2%2Fmedia&parent=2768"}],"curies":[{"name":"wp","href":"https:\/\/api.w.org\/{rel}","templated":true}]}}