{"id":275,"date":"2021-05-30T06:45:35","date_gmt":"2021-05-30T06:45:35","guid":{"rendered":"http:\/\/ggg.grumme.de\/?page_id=275"},"modified":"2022-03-18T06:14:38","modified_gmt":"2022-03-18T06:14:38","slug":"lit","status":"publish","type":"page","link":"https:\/\/ggg.grumme.de\/?page_id=275","title":{"rendered":"LITERATUR &#038; LINKS"},"content":{"rendered":"\n<table id=\"tablepress-6\" class=\"tablepress tablepress-id-6\">\n<thead>\n<tr class=\"row-1\">\n\t<th class=\"column-1\">LITERATUR<\/th><th class=\"column-2\">links<\/th>\n<\/tr>\n<\/thead>\n<tbody class=\"row-striping row-hover\">\n<tr class=\"row-2\">\n\t<td class=\"column-1\">Habich, Johannes, Wie die Autobahn nach Bochum kam in: Bochumer Zeitpunkte Nr. 39 2018<\/td><td class=\"column-2\"><a href=\"https:\/\/de.wikipedia.org\/wiki\/Grumme_(Bochum)\" rel=\"noopener\" target=\"_blank\">Wikipedia Bochum Grumme<\/a><\/td>\n<\/tr>\n<tr class=\"row-3\">\n\t<td class=\"column-1\">Hanke, Hans, Das zweitsch\u00f6nste Stadion der Welt, Die Fu\u00dfballarena \u201eRuhrstadion\u201c in Bochum in: Bochumer Zeitpunkte Nr. 41 2020 S.6ff<\/td><td class=\"column-2\"><a href=\"https:\/\/de.wikipedia.org\/wiki\/Grummer_Bach\" rel=\"noopener\" target=\"_blank\">Wikipedia Grummer Bach<\/a><\/td>\n<\/tr>\n<tr class=\"row-4\">\n\t<td class=\"column-1\"><a href=\"https:\/\/www.kortumgesellschaft.de\/id-2-heimatbuch-1928-alte-markenwaelder-in-der-umgebung-von-bochum.html\" rel=\"noopener\" target=\"_blank\">H\u00f6fken, Dr., Alte Markenw\u00e4lder in der Umgebung <\/a> 1928<\/td><td class=\"column-2\"><a href=\"https:\/\/www.kortumgesellschaft.de\/startseite.html\" rel=\"noopener\" target=\"_blank\">Kortumgesellschaft<\/a><\/td>\n<\/tr>\n<tr class=\"row-5\">\n\t<td class=\"column-1\"><a href=\"http:\/\/H\u00f6fken, Dr., Geschichte der Bochumer Voede 1930\" rel=\"noopener\" target=\"_blank\">H\u00f6fken, Dr., Geschichte der Bochumer Voede<\/a> 1930<\/td><td class=\"column-2\"><a href=\"http:\/\/ig.grumme.de\/\" rel=\"noopener\" target=\"_blank\">ig.grumme.de<\/a><\/td>\n<\/tr>\n<tr class=\"row-6\">\n\t<td class=\"column-1\"><a href=\"https:\/\/sammlungen.ulb.uni-muenster.de\/hd\/content\/titleinfo\/231329?query=Grumme\" rel=\"noopener\" target=\"_blank\">F\u00fchrer durch Bochum und Umgebung Stumpf<\/a> 1908<\/td><td class=\"column-2\"><a href=\"https:\/\/www.bochum.de\/C125830C0038F229\/CurrentBaseLink\/W27CEFL7716BOLDDE\" rel=\"noopener\" target=\"_blank\">Historische Karten Stadt Bochum<\/a><\/td>\n<\/tr>\n<tr class=\"row-7\">\n\t<td class=\"column-1\">Freund, Karl, Heimatkundliches aus Grumme 1951<\/td><td class=\"column-2\"><a href=\"http:\/\/dfg-viewer.de\/show?tx_dlf%5Bdouble%5D=0&amp;tx_dlf%5Bid%5D=http%3A%2F%2Fwww.landesarchiv-nrw.de%2Fdigitalisate%2FAbt_Westfalen%2FKartensammlung_A%2F~165%2F16574%2Fmets.xml&amp;tx_dlf%5Bpage%5D=1&amp;cHash=1de166243597e2d7d92a47d42833819b\" rel=\"noopener\" target=\"_blank\">DfG-Viewer<\/a><\/td>\n<\/tr>\n<tr class=\"row-8\">\n\t<td class=\"column-1\">Schlinkert, Heinz, <br \/>\nDie historischen B\u00e4che im Einzugsbereich der Emscher, Ihre Entwicklung im Nordwesten Bochums in: Bochumer Zeitpunkte Nr. 44 2024 S.18ff<\/td><td class=\"column-2\"><\/td>\n<\/tr>\n<tr class=\"row-9\">\n\t<td class=\"column-1\">Spichartz, Heinz-G\u00fcnter, Bei uns am Wachtelweg Bochum o.O.<\/td><td class=\"column-2\"><a href=\"http:\/\/www.historisches-ehrenfeld.de\/\" rel=\"noopener\" target=\"_blank\">Historisches Ehrenfeld<\/a><\/td>\n<\/tr>\n<tr class=\"row-10\">\n\t<td class=\"column-1\">Spichartz, Heinz-G\u00fcnter, Auf den Spuren der Ziegelb\u00e4cker in Grumme, V\u00f6de und Bochum, Stadt und Land\u00a0 in: Bochumer Zeitpunkte Nr. 26\u00a0 2011 S.3ff<\/td><td class=\"column-2\"><a href=\"http:\/\/ruhrzechenaus.de\/\">Ruhrgebietszechen<\/a><\/td>\n<\/tr>\n<tr class=\"row-11\">\n\t<td class=\"column-1\"><a href=\"https:\/\/ggg.grumme.de\/?page_id=1063\" rel=\"noopener\" target=\"_blank\"><\/a>Spichartz, Heinz-G\u00fcnter, Die \"Kaiser-Aue\"  in: Bochumer Zeitpunkte Nr. 28 2013 S. 31ff<\/td><td class=\"column-2\"><\/td>\n<\/tr>\n<tr class=\"row-12\">\n\t<td class=\"column-1\">Bergmann,W., Boschmann, W., Monsieur Paillot im Nirgendwo  Bottrop 2019<\/td><td class=\"column-2\"><\/td>\n<\/tr>\n<tr class=\"row-13\">\n\t<td class=\"column-1\">Mono, Thomas,, Die Geschichte des Bochumer Stadtteils Grumme zwischen 1900 und 1980 im Spiegel erz\u00e4hlender Quellen und Erinnerungen Bochum 1981<\/td><td class=\"column-2\"><\/td>\n<\/tr>\n<tr class=\"row-14\">\n\t<td class=\"column-1\">Zepp, H., Schmitt, Th., Otto, Karl-Heinz  \u00d6kologische und klimatische Perspektiven auf die Stadtlandschaft Bochums 2020 Aschendorff Verlag<\/td><td class=\"column-2\"><\/td>\n<\/tr>\n<tr class=\"row-15\">\n\t<td class=\"column-1\">Meier, Norbert, Zeche Constantin der Gro\u00dfe \u2013 Schwarzes Gold unter Bochum und Herne. F\u00f6rderverein Bergbauhistorischer St\u00e4tten Ruhrrevier e.V., Dortmund 2014<\/td><td class=\"column-2\"><\/td>\n<\/tr>\n<tr class=\"row-16\">\n\t<td class=\"column-1\">Haeske, Cornelia, Die Grummer Geschichte Bochum 2021<\/td><td class=\"column-2\"><\/td>\n<\/tr>\n<tr class=\"row-17\">\n\t<td class=\"column-1\">Hagemeister, Peter, Das GRUMMEr Geschichtsbuch Bochum o.J.<\/td><td class=\"column-2\"><\/td>\n<\/tr>\n<\/tbody>\n<\/table>\n<!-- #tablepress-6 from cache -->\n\n\n\n<p class=\"has-drop-cap\"><\/p>\n","protected":false},"excerpt":{"rendered":"","protected":false},"author":2,"featured_media":0,"parent":458,"menu_order":25,"comment_status":"closed","ping_status":"closed","template":"","meta":{"ngg_post_thumbnail":0,"iawp_total_views":179,"powered_cache_disable_cache":false,"footnotes":""},"class_list":["post-275","page","type-page","status-publish","hentry","entry"],"_links":{"self":[{"href":"https:\/\/ggg.grumme.de\/index.php?rest_route=\/wp\/v2\/pages\/275","targetHints":{"allow":["GET"]}}],"collection":[{"href":"https:\/\/ggg.grumme.de\/index.php?rest_route=\/wp\/v2\/pages"}],"about":[{"href":"https:\/\/ggg.grumme.de\/index.php?rest_route=\/wp\/v2\/types\/page"}],"author":[{"embeddable":true,"href":"https:\/\/ggg.grumme.de\/index.php?rest_route=\/wp\/v2\/users\/2"}],"replies":[{"embeddable":true,"href":"https:\/\/ggg.grumme.de\/index.php?rest_route=%2Fwp%2Fv2%2Fcomments&post=275"}],"version-history":[{"count":5,"href":"https:\/\/ggg.grumme.de\/index.php?rest_route=\/wp\/v2\/pages\/275\/revisions"}],"predecessor-version":[{"id":281,"href":"https:\/\/ggg.grumme.de\/index.php?rest_route=\/wp\/v2\/pages\/275\/revisions\/281"}],"up":[{"embeddable":true,"href":"https:\/\/ggg.grumme.de\/index.php?rest_route=\/wp\/v2\/pages\/458"}],"wp:attachment":[{"href":"https:\/\/ggg.grumme.de\/index.php?rest_route=%2Fwp%2Fv2%2Fmedia&parent=275"}],"curies":[{"name":"wp","href":"https:\/\/api.w.org\/{rel}","templated":true}]}}