{"id":2617,"date":"2024-04-04T08:09:06","date_gmt":"2024-04-04T08:09:06","guid":{"rendered":"https:\/\/ggg.grumme.de\/?page_id=2617"},"modified":"2024-04-04T08:12:00","modified_gmt":"2024-04-04T08:12:00","slug":"judenverfolgung-in-grumme","status":"publish","type":"page","link":"https:\/\/ggg.grumme.de\/?page_id=2617","title":{"rendered":"Judenverfolgung in Grumme"},"content":{"rendered":"<p><span style=\"font-family: arial, helvetica, sans-serif; color: #000000; font-size: 14pt;\">Im Laufe der Geschichte haben in Grumme nur wenige j\u00fcdische Mitb\u00fcrger gelebt. Der Ort war vor allem durch die Katholische Kirche gepr\u00e4gt, auch evangelische B\u00fcrger blieben lange eine Minderheit. <\/span><span style=\"font-family: arial, helvetica, sans-serif; font-size: 14pt;\"><span style=\"color: #000000;\">\u00dcber j\u00fcdische Mitb\u00fcrger in Grumme ist deshalb nur bekannt.<\/span><\/span><\/p>\n<p><span style=\"font-family: arial, helvetica, sans-serif; font-size: 14pt;\"><span style=\"color: #000000;\">Die Villa des Fabrikanten <\/span><span style=\"color: #000000;\"><strong>Otto Weinberg<\/strong> steht an der Grenze zu Grumme an der Bergstra\u00dfe. Zu Weinbergs Firma geh\u00f6rte auch ein Zweigbetrieb in Grumme. <\/span><\/span><\/p>\n<blockquote class=\"wp-embedded-content\" data-secret=\"33kvCEWSSy\"><p><a href=\"https:\/\/ggg.grumme.de\/?page_id=2404\">Juden-Verfolgung in Grumme &#8211; Otto Weinberg<\/a><\/p><\/blockquote>\n<p><iframe loading=\"lazy\" class=\"wp-embedded-content\" sandbox=\"allow-scripts\" security=\"restricted\" style=\"position: absolute; clip: rect(1px, 1px, 1px, 1px);\" title=\"&#8222;Juden-Verfolgung in Grumme &#8211; Otto Weinberg&#8220; &#8212; GeschichtsGruppeGrumme\" src=\"https:\/\/ggg.grumme.de\/?page_id=2404&#038;embed=true#?secret=gn6NceeDZk#?secret=33kvCEWSSy\" data-secret=\"33kvCEWSSy\" width=\"500\" height=\"282\" frameborder=\"0\" marginwidth=\"0\" marginheight=\"0\" scrolling=\"no\"><\/iframe><\/p>\n<p><span style=\"font-family: arial, helvetica, sans-serif; font-size: 14pt; color: #000000;\">Grummer B\u00fcrger haben die Verfolgung der Juden miterlebt. Es gab viele T\u00e4ter, doch auch heimliche Helfer, wie ein Text \u00fcber die Unterst\u00fctzung des Juden <strong>Leo Marx<\/strong> zeigt.<\/span><\/p>\n<blockquote class=\"wp-embedded-content\" data-secret=\"nDJbBbWHZ8\"><p><a href=\"https:\/\/ggg.grumme.de\/?page_id=2382\">Juden-Verfolgung in Grumme &#8211; Leo Marx<\/a><\/p><\/blockquote>\n<p><iframe loading=\"lazy\" class=\"wp-embedded-content\" sandbox=\"allow-scripts\" security=\"restricted\" style=\"position: absolute; clip: rect(1px, 1px, 1px, 1px);\" title=\"&#8222;Juden-Verfolgung in Grumme &#8211; Leo Marx&#8220; &#8212; GeschichtsGruppeGrumme\" src=\"https:\/\/ggg.grumme.de\/?page_id=2382&#038;embed=true#?secret=qaGUxtRlgi#?secret=nDJbBbWHZ8\" data-secret=\"nDJbBbWHZ8\" width=\"500\" height=\"282\" frameborder=\"0\" marginwidth=\"0\" marginheight=\"0\" scrolling=\"no\"><\/iframe><\/p>\n<p><span style=\"font-family: arial, helvetica, sans-serif; font-size: 14pt; color: #000000;\">Der fr\u00fchere Oberb\u00fcrgermeister der Stadt Bochum <strong>Dr. Ruer<\/strong> hat an der Gudrunstra\u00dfe in Grumme gewohnt. <\/span><\/p>\n<blockquote class=\"wp-embedded-content\" data-secret=\"xNmysapxdZ\"><p><a href=\"https:\/\/ggg.grumme.de\/?page_id=2440\">Juden-Verfolgung in Grumme &#8211; Otto Ruer<\/a><\/p><\/blockquote>\n<p><iframe loading=\"lazy\" class=\"wp-embedded-content\" sandbox=\"allow-scripts\" security=\"restricted\" style=\"position: absolute; clip: rect(1px, 1px, 1px, 1px);\" title=\"&#8222;Juden-Verfolgung in Grumme &#8211; Otto Ruer&#8220; &#8212; GeschichtsGruppeGrumme\" src=\"https:\/\/ggg.grumme.de\/?page_id=2440&#038;embed=true#?secret=STxb174F39#?secret=xNmysapxdZ\" data-secret=\"xNmysapxdZ\" width=\"500\" height=\"282\" frameborder=\"0\" marginwidth=\"0\" marginheight=\"0\" scrolling=\"no\"><\/iframe><\/p>\n","protected":false},"excerpt":{"rendered":"<p>Im Laufe der Geschichte haben in Grumme nur wenige j\u00fcdische Mitb\u00fcrger gelebt. Der Ort war vor allem durch die Katholische Kirche gepr\u00e4gt, auch evangelische B\u00fcrger&#8230;<\/p>\n<div class=\"more-link-wrapper\"><a class=\"more-link\" href=\"https:\/\/ggg.grumme.de\/?page_id=2617\">Weiterlesen<span class=\"screen-reader-text\">Judenverfolgung in Grumme<\/span><\/a><\/div>\n","protected":false},"author":2,"featured_media":0,"parent":2413,"menu_order":5,"comment_status":"closed","ping_status":"closed","template":"","meta":{"ngg_post_thumbnail":0,"iawp_total_views":1135,"powered_cache_disable_cache":false,"footnotes":""},"class_list":["post-2617","page","type-page","status-publish","hentry","entry"],"_links":{"self":[{"href":"https:\/\/ggg.grumme.de\/index.php?rest_route=\/wp\/v2\/pages\/2617","targetHints":{"allow":["GET"]}}],"collection":[{"href":"https:\/\/ggg.grumme.de\/index.php?rest_route=\/wp\/v2\/pages"}],"about":[{"href":"https:\/\/ggg.grumme.de\/index.php?rest_route=\/wp\/v2\/types\/page"}],"author":[{"embeddable":true,"href":"https:\/\/ggg.grumme.de\/index.php?rest_route=\/wp\/v2\/users\/2"}],"replies":[{"embeddable":true,"href":"https:\/\/ggg.grumme.de\/index.php?rest_route=%2Fwp%2Fv2%2Fcomments&post=2617"}],"version-history":[{"count":2,"href":"https:\/\/ggg.grumme.de\/index.php?rest_route=\/wp\/v2\/pages\/2617\/revisions"}],"predecessor-version":[{"id":2621,"href":"https:\/\/ggg.grumme.de\/index.php?rest_route=\/wp\/v2\/pages\/2617\/revisions\/2621"}],"up":[{"embeddable":true,"href":"https:\/\/ggg.grumme.de\/index.php?rest_route=\/wp\/v2\/pages\/2413"}],"wp:attachment":[{"href":"https:\/\/ggg.grumme.de\/index.php?rest_route=%2Fwp%2Fv2%2Fmedia&parent=2617"}],"curies":[{"name":"wp","href":"https:\/\/api.w.org\/{rel}","templated":true}]}}