{"id":2440,"date":"2024-03-07T09:43:00","date_gmt":"2024-03-07T09:43:00","guid":{"rendered":"https:\/\/ggg.grumme.de\/?page_id=2440"},"modified":"2024-04-04T08:20:47","modified_gmt":"2024-04-04T08:20:47","slug":"juden-verfolgung-in-grumme-otto-ruer","status":"publish","type":"page","link":"https:\/\/ggg.grumme.de\/?page_id=2440","title":{"rendered":"Juden-Verfolgung in Grumme &#8211; Otto Ruer"},"content":{"rendered":"<p><!--more--><\/p>\n<table style=\"width: 91.7159%; height: 422px;\">\n<tbody>\n<tr>\n<td style=\"width: 90px; border-width: 0px;\"><img loading=\"lazy\" decoding=\"async\" class=\"aligncenter\" src=\"https:\/\/ggg.grumme.de\/wp-content\/uploads\/Otto_ruer_1879-1933.jpg\" alt=\"Juden-Verfolgung in Grumme - Otto Ruer\" width=\"158\" height=\"246\"><\/td>\n<td style=\"width: 90px; border-width: 0px;\">\n<p style=\"text-align: center;\"><span style=\"font-family: arial black, sans-serif; color: #333333;\"><span style=\"font-size: 18pt;\">Dr. Otto Ruer<\/span> <\/span><\/p>\n<p style=\"text-align: center;\"><span style=\"font-size: 14pt; font-family: arial black, sans-serif; color: #000000;\">Oberb\u00fcrgermeister<br \/>\n1925 &#8211; 1933<\/span><\/p>\n<\/td>\n<td style=\"width: 90px; height: 40px; border-width: 0px;\">\n<p><figure style=\"width: 231px\" class=\"wp-caption aligncenter\"><img loading=\"lazy\" decoding=\"async\" class=\"\" src=\"https:\/\/ggg.grumme.de\/wp-content\/uploads\/StolpersteinRuer.jpg\" alt=\"Juden-Verfolgung in Grumme - Otto Ruer\" width=\"231\" height=\"167\"><figcaption class=\"wp-caption-text\">Stolperstein auf dem Dr. Ruer Platz<\/figcaption><\/figure><\/td>\n<\/tr>\n<\/tbody>\n<\/table>\n<p><span style=\"font-family: arial, helvetica, sans-serif; color: #000000;\"><strong>Dr. Otto Ruer<\/strong> wurde am 5. Januar 1879 als Sohn einer j\u00fcdischen Arzt-Familie in M\u00fcnster geboren. 1924 w\u00e4hlte die Bochumer Stadtverordneten-Versammlung den der DDP (Deutsche Demokratische Partei) nahestehenden, aber parteilosen Otto Ruer zum Oberb\u00fcrgermeister. Er war am Ende der Weimarer Republik der letzte demokratisch gew\u00e4hlte Bochumer OB.<\/span><\/p>\n<p><span style=\"font-family: arial, helvetica, sans-serif; color: #000000;\">Dr. Ruer setzte sich f\u00fcr Kultur und Bildung ein, er bemerkte, dass es &#8222;<em>selbstverst\u00e4ndlich (ist), dass St\u00e4dte im Industriegebiet nicht nur \u00f6de Steinw\u00fcsten mit Rauch und Russ sein k\u00f6nnen, dass wir die besondere Pflicht gerade f\u00fcr die arbeitende Bev\u00f6lkerung haben, f\u00fcr St\u00e4tten der Kunst und Bildung zu sorgen.<\/em>&#8222;<\/span><\/p>\n<p><span style=\"font-family: arial, helvetica, sans-serif; color: #000000;\">Neue Stra\u00dfen wurden gebaut und Gr\u00fcnanlagen, Spiel- und Sportpl\u00e4tze und Freib\u00e4der f\u00fcr die arbeitende Bev\u00f6lkerung. Neue Verwaltungsgeb\u00e4ude und Schulen wie die M\u00e4dchen-Berufs- und Haushaltsschule wurden errichtet. Der Bau des neuen Rathauses, des Milchhofes und die Gr\u00fcndung des Bergbaumuseum 1930 fallen in seine Amtszeit.<\/span><\/p>\n<p><span style=\"font-family: arial, helvetica, sans-serif; color: #000000;\">Schon Ende der 1920er-Jahre wurde Dr. Ruer wegen seiner Herkunft, zur Zielscheibe nationalsozialistischer Angriffe. Ihm wurde unkorrekte Amtsf\u00fchrung und Verschwendung \u00f6ffentlicher Gelder vorgeworfen. Am 11. M\u00e4rz 1933 wurde er von den Nationalsozialisten aus dem Amt gedr\u00e4ngt. Ruer floh nach Berlin, wo er verhaftet und ins Bochumer Amtsgef\u00e4ngnis gebracht wurde. Nach der Haftentlassung am 11.Mai ging er zur\u00fcck nach Berlin und k\u00e4mpfte dort erfolglos f\u00fcr seine Rehabilitierung. In seiner Verzweiflung fl\u00fcchtete er sich am 29. Juli 1933 in den Freitod.<br \/>\n<\/span><\/p>\n<table style=\"border-collapse: collapse; width: 100%;\">\n<tbody>\n<tr>\n<td style=\"width: 33.3333%;\"><img loading=\"lazy\" decoding=\"async\" class=\"aligncenter\" src=\"https:\/\/ggg.grumme.de\/wp-content\/uploads\/Gudrunstr5.jpg\" alt=\"Juden-Verfolgung in Grumme - Otto Ruer\" width=\"273\" height=\"343\"><\/td>\n<td style=\"width: 33.3333%; text-align: center;\"><span style=\"font-family: arial, helvetica, sans-serif; color: #000000;\">Die Villa an der Gudrunstra\u00dfe 5 in Grumme war die Dienstwohnung von Otto Ruer. Da in seiner Wohnung auch Empf\u00e4nge gegeben werden mussten und es kein repr\u00e4sentatives Hotel gab, wurde die Villa ausgew\u00e4hlt. Der OB setzte sp\u00e4ter durch, dass in Bochum ein geeignetes Hotel gebaut wurde. Dieses \u201aHaus Rechen\u2018 genannte Hotel an der K\u00f6nigsallee wurde am Ende des Krieges durch Bomben zerst\u00f6rt.<\/span><\/td>\n<td style=\"width: 33.3333%;\">\n<p><figure style=\"width: 285px\" class=\"wp-caption aligncenter\"><img loading=\"lazy\" decoding=\"async\" src=\"https:\/\/ggg.grumme.de\/wp-content\/uploads\/VillaGudrunstr.jpg\" alt=\"Juden-Verfolgung in Grumme - Otto Ruer\" width=\"285\" height=\"250\"><figcaption class=\"wp-caption-text\">aktuelle Ansicht<\/figcaption><\/figure><\/td>\n<\/tr>\n<\/tbody>\n<\/table>\n<p><span style=\"font-family: arial, helvetica, sans-serif; color: #000000;\">1959 wurde der <a style=\"color: #000000;\" href=\"https:\/\/de.wikipedia.org\/wiki\/Dr.-Ruer-Platz\">Dr.-Ruer-Platz<\/a> in Andenken an den ehemaligen Oberb\u00fcrgermeister benannt. Am 31.Mai 2006 wurde auf dem Bochumer Rathausplatz ein Stolperstein eingelassen mit der Gravur:<\/span><\/p>\n<p><span style=\"font-family: arial, helvetica, sans-serif; color: #000000;\">\u201eHIER WIRKTE DR. OTTO RUER JG. 1879 OBERB\u00dcRGERMEISTER 1925\u20131933 FLUCHT IN DEN TOD\u201c.<\/span><\/p>\n<table style=\"border-collapse: collapse; width: 100%;\">\n<tbody>\n<tr>\n<td style=\"width: 50%;\"><span style=\"font-family: arial, helvetica, sans-serif; color: #000000;\">Literatur<\/span><\/p>\n<p><span style=\"font-family: arial, helvetica, sans-serif; color: #000000;\">Ernst-Albrecht Plieg, Dr. Otto Ruer&nbsp; Oberb\u00fcrgermeister von Bochum 1925-1933 (in der Stadtb\u00fccherei ausleihbar)<\/span><\/p>\n<p>&nbsp;<\/td>\n<td style=\"width: 50%;\"><img loading=\"lazy\" decoding=\"async\" class=\"\" src=\"https:\/\/ggg.grumme.de\/wp-content\/uploads\/ruerBuch.jpg\" alt=\"Juden-Verfolgung in Grumme - Otto Ruer\" width=\"184\" height=\"265\"><\/td>\n<\/tr>\n<\/tbody>\n<\/table>\n","protected":false},"excerpt":{"rendered":"","protected":false},"author":2,"featured_media":0,"parent":2617,"menu_order":4,"comment_status":"closed","ping_status":"closed","template":"","meta":{"ngg_post_thumbnail":0,"iawp_total_views":82,"powered_cache_disable_cache":false,"footnotes":""},"class_list":["post-2440","page","type-page","status-publish","hentry","entry"],"_links":{"self":[{"href":"https:\/\/ggg.grumme.de\/index.php?rest_route=\/wp\/v2\/pages\/2440","targetHints":{"allow":["GET"]}}],"collection":[{"href":"https:\/\/ggg.grumme.de\/index.php?rest_route=\/wp\/v2\/pages"}],"about":[{"href":"https:\/\/ggg.grumme.de\/index.php?rest_route=\/wp\/v2\/types\/page"}],"author":[{"embeddable":true,"href":"https:\/\/ggg.grumme.de\/index.php?rest_route=\/wp\/v2\/users\/2"}],"replies":[{"embeddable":true,"href":"https:\/\/ggg.grumme.de\/index.php?rest_route=%2Fwp%2Fv2%2Fcomments&post=2440"}],"version-history":[{"count":31,"href":"https:\/\/ggg.grumme.de\/index.php?rest_route=\/wp\/v2\/pages\/2440\/revisions"}],"predecessor-version":[{"id":2483,"href":"https:\/\/ggg.grumme.de\/index.php?rest_route=\/wp\/v2\/pages\/2440\/revisions\/2483"}],"up":[{"embeddable":true,"href":"https:\/\/ggg.grumme.de\/index.php?rest_route=\/wp\/v2\/pages\/2617"}],"wp:attachment":[{"href":"https:\/\/ggg.grumme.de\/index.php?rest_route=%2Fwp%2Fv2%2Fmedia&parent=2440"}],"curies":[{"name":"wp","href":"https:\/\/api.w.org\/{rel}","templated":true}]}}