{"id":2413,"date":"2024-03-04T07:32:10","date_gmt":"2024-03-04T07:32:10","guid":{"rendered":"https:\/\/ggg.grumme.de\/?page_id=2413"},"modified":"2025-05-07T06:09:24","modified_gmt":"2025-05-07T05:09:24","slug":"juden-verfolgung-in-grumme-2","status":"publish","type":"page","link":"https:\/\/ggg.grumme.de\/?page_id=2413","title":{"rendered":"Grumme im Nationalsozialismus"},"content":{"rendered":"<p><span style=\"font-family: arial, helvetica, sans-serif; font-size: 14pt; color: #000000;\">Unter <b>THEMEN <\/b>berichten wir aktuell \u00fcber Grumme in der Zeit des Nationalsozialismus. Die GeschichtsGruppeGrumme nimmt mit diesen Texten Stellung gegen rechtsradikale Str\u00f6mungen in der AFD und in anderen Gruppen. Antisemitismus und Ausl\u00e4nderfeindlichkeit d\u00fcrfen nicht wieder hoff\u00e4hig gemacht werden. Wir unterst\u00fctzen ausdr\u00fccklich alle Initiativen, die sich der Diskriminierung und den Vertreibungs-Pl\u00e4nen entgegenstellen und f\u00fcr eine offene demokratische Gesellschaft eintreten.<\/span><\/p>\n<p><span style=\"font-family: arial, helvetica, sans-serif; font-size: 14pt; color: #000000;\">Gerade das Ruhrgebiet ist ohne Integration von Migranten nicht denkbar. Nach bald 200 Jahren Einwanderungsgeschichte gibt es hier kaum jemanden, in dessen Stammbaum keine Migranten zu finden w\u00e4ren. <\/span><span style=\"font-family: arial, helvetica, sans-serif; font-size: 14pt; color: #000000;\">Migranten waren und sind wichtige Arbeitskr\u00e4fte, die Wirtschaft und soziale Systeme am Laufen halten. Doch wichtig sind sie auch in anderer Hinsicht, nur wegen der kulturellen Vielfalt konnte im \u201aSchmelztiegel Ruhrgebiet\u2018 sich ein vergleichsweise offenes Integrationsklima entwickeln.<\/span><\/p>\n<p><span style=\"font-family: arial, helvetica, sans-serif; font-size: 14pt; color: #000000;\">Geschichtsforschung ist f\u00fcr die GeschichtsGruppeGrumme kein Selbstzweck, sondern steht im Zusammenhang mit aktuellen Entwicklungen in sozialer, \u00f6kologischer und politischer Hinsicht, wie es besonders am Thema Nationalsozialismus deutlich wird.<\/span><\/p>\n<p><span style=\"color: #000000; font-family: arial, helvetica, sans-serif;\"><strong><em><span style=\"font-size: 18pt;\">&#8211; <a href=\"https:\/\/ggg.grumme.de\/?page_id=2617\">Juden-Verfolgung in Grumme<\/a><\/span><\/em><\/strong><br \/>\n<span style=\"font-size: 18pt;\"><em>Otto Weinberg &#8211; Leo Marx &#8211; Otto Ruer<\/em><\/span><\/span><\/p>\n<p><span style=\"font-family: arial, helvetica, sans-serif;\"><em><strong><span style=\"font-size: 18pt; color: #000000;\">&#8211; <a href=\"https:\/\/ggg.grumme.de\/?page_id=4086\">Zwangsarbeit auf der Zeche Constantin der Gro\u00dfe<\/a><\/span><\/strong><\/em>&nbsp;<\/span><br \/>\n<span style=\"font-size: 18pt; color: #000000;\"><em><span style=\"font-family: arial, helvetica, sans-serif;\">Lebensbedingungen und Arbeitseinsatz<\/span> <\/em><\/span><\/p>\n<p><img loading=\"lazy\" decoding=\"async\" class=\"\" src=\"https:\/\/ggg.grumme.de\/wp-content\/uploads\/JugendheimNS1938-scaled.jpg\" alt=\"Grumme im Nationalsozialismus\" width=\"560\" height=\"389\"><\/p>\n<p><span style=\"font-family: arial, helvetica, sans-serif; color: #000000;\">Auch in Grumme waren die Nazis aktiv. 1938 wurden f\u00fcr die Hitler-Jugend R\u00e4ume der Schule an der Josephinenstra\u00dfe umgebaut. Es wurde ein besonderer Eingang geschaffen und es gab getrennte R\u00e4ume f\u00fcr Jungen und M\u00e4dchen. Im Krieg wurde das Geb\u00e4ude zerst\u00f6rt.<\/span><\/p>\n<p>&nbsp;<\/p>\n","protected":false},"excerpt":{"rendered":"<p>Unter THEMEN berichten wir aktuell \u00fcber Grumme in der Zeit des Nationalsozialismus. Die GeschichtsGruppeGrumme nimmt mit diesen Texten Stellung gegen rechtsradikale Str\u00f6mungen in der AFD&#8230;<\/p>\n<div class=\"more-link-wrapper\"><a class=\"more-link\" href=\"https:\/\/ggg.grumme.de\/?page_id=2413\">Weiterlesen<span class=\"screen-reader-text\">Grumme im Nationalsozialismus<\/span><\/a><\/div>\n","protected":false},"author":2,"featured_media":0,"parent":458,"menu_order":5,"comment_status":"closed","ping_status":"closed","template":"","meta":{"ngg_post_thumbnail":0,"iawp_total_views":139,"powered_cache_disable_cache":false,"footnotes":""},"class_list":["post-2413","page","type-page","status-publish","hentry","entry"],"_links":{"self":[{"href":"https:\/\/ggg.grumme.de\/index.php?rest_route=\/wp\/v2\/pages\/2413","targetHints":{"allow":["GET"]}}],"collection":[{"href":"https:\/\/ggg.grumme.de\/index.php?rest_route=\/wp\/v2\/pages"}],"about":[{"href":"https:\/\/ggg.grumme.de\/index.php?rest_route=\/wp\/v2\/types\/page"}],"author":[{"embeddable":true,"href":"https:\/\/ggg.grumme.de\/index.php?rest_route=\/wp\/v2\/users\/2"}],"replies":[{"embeddable":true,"href":"https:\/\/ggg.grumme.de\/index.php?rest_route=%2Fwp%2Fv2%2Fcomments&post=2413"}],"version-history":[{"count":33,"href":"https:\/\/ggg.grumme.de\/index.php?rest_route=\/wp\/v2\/pages\/2413\/revisions"}],"predecessor-version":[{"id":4237,"href":"https:\/\/ggg.grumme.de\/index.php?rest_route=\/wp\/v2\/pages\/2413\/revisions\/4237"}],"up":[{"embeddable":true,"href":"https:\/\/ggg.grumme.de\/index.php?rest_route=\/wp\/v2\/pages\/458"}],"wp:attachment":[{"href":"https:\/\/ggg.grumme.de\/index.php?rest_route=%2Fwp%2Fv2%2Fmedia&parent=2413"}],"curies":[{"name":"wp","href":"https:\/\/api.w.org\/{rel}","templated":true}]}}