{"id":2404,"date":"2024-03-04T07:39:06","date_gmt":"2024-03-04T07:39:06","guid":{"rendered":"https:\/\/ggg.grumme.de\/?page_id=2404"},"modified":"2024-06-06T06:35:29","modified_gmt":"2024-06-06T06:35:29","slug":"juden-verfolgung-in-grumme-otto-weinberg","status":"publish","type":"page","link":"https:\/\/ggg.grumme.de\/?page_id=2404","title":{"rendered":"Juden-Verfolgung in Grumme &#8211; Otto Weinberg"},"content":{"rendered":"<table style=\"border-collapse: collapse; width: 100%;\">\n<tbody>\n<tr>\n<td style=\"width: 50%;\"><span style=\"font-family: arial, helvetica, sans-serif; color: #000000; font-size: 14pt;\"><strong>Otto Weinberg<\/strong> wurde am 19.8. 1885 in Rheda\/Wiedenbr\u00fcck geboren. Er absolvierte eine kaufm\u00e4nnische Ausbildung bei der Firma Aron Meyer in Bochum. 1911 wurde er Teilhaber in dieser Firma, die vor allem Kittel, Sch\u00fcrzen und Kleidung produzierte.<br \/>\n<\/span><\/td>\n<td style=\"width: 50%;\"><span style=\"color: #000000;\"><img loading=\"lazy\" decoding=\"async\" class=\"aligncenter\" src=\"https:\/\/ggg.grumme.de\/wp-content\/uploads\/Bergstr105Haus.jpg\" alt=\"Juden-Verfolgung in Grumme - Otto Weinberg\" width=\"290\" height=\"277\"><\/span><\/td>\n<\/tr>\n<\/tbody>\n<\/table>\n<p><span style=\"font-family: arial, helvetica, sans-serif; color: #000000;\"><span style=\"font-size: medium;\">Unter der Leitung der j\u00fcdischen Firmeninhaber <strong>Karl Ernst Meyer<\/strong> und <strong>Otto Weinberg<\/strong> wurde der \u201aSch\u00fcrzenfabrik\u2018 genannte Betrieb, der Anfang der 30er Jahre ca. 2000 ArbeiterInnen und Angestellte besch\u00e4ftigte, zum Branchenf\u00fchrer.<br \/>\n<\/span><span style=\"font-size: medium;\"><span style=\"color: #000000;\">Der Hauptsitz befand sich in der Windm\u00fchlenstra\u00dfe in der Bochumer Innenstadt, Filialen gab es in ganz Bochum und in Essen. 1926 wurde in Bochum Grumme ein Zweigbetrieb an der Heckertstra\u00dfe 35 errichtet, in dem bis 1960 Sch\u00fcrzen produziert wurden.<\/span> <\/span><\/span><\/p>\n<table style=\"border-collapse: collapse; width: 100%;\">\n<tbody>\n<tr>\n<td style=\"width: 50%;\">\n<p><figure style=\"width: 347px\" class=\"wp-caption alignnone\"><img loading=\"lazy\" decoding=\"async\" class=\"\" src=\"https:\/\/ggg.grumme.de\/wp-content\/uploads\/Heckerstr1915.jpg\" alt=\"Juden-Verfolgung in Grumme - Otto Weinberg\" width=\"347\" height=\"283\"><figcaption class=\"wp-caption-text\">Fr\u00fcherer Zweigbetrieb an der Heckertstra\u00dfe ca. 1915<\/figcaption><\/figure><\/td>\n<td style=\"width: 50%;\">\n<p><figure style=\"width: 371px\" class=\"wp-caption alignnone\"><img loading=\"lazy\" decoding=\"async\" src=\"https:\/\/ggg.grumme.de\/wp-content\/uploads\/11.jpg\" alt=\"Juden-Verfolgung in Grumme - Otto Weinberg\" width=\"371\" height=\"287\"><figcaption class=\"wp-caption-text\">Ansicht heute<\/figcaption><\/figure><\/td>\n<\/tr>\n<\/tbody>\n<\/table>\n<p><span style=\"font-family: arial, helvetica, sans-serif; color: #000000; font-size: 12pt;\">1933 begann die systematische Verfolgung der Juden, unter der auch die j\u00fcdischen Besitzer der Firma zu leiden hatten. Der Senior Bernhard Meyer wurde inhaftiert. Karl Ernst Meyer und Otto Weinberg f\u00fcrchteten um ihr Leben und verkauften 1937 ihr Unternehmen unter Zwang zu einem Spottpreis an eine Firma in Viersen. Beide Familien konnten in die Schweiz bzw. in die USA fliehen. Otto Weinberg starb am 31. Januar 1953 in New York.<\/span><\/p>\n<p><span style=\"color: #000000; font-size: 12pt;\"><span style=\"font-family: arial, helvetica, sans-serif;\">Noch heute steht Otto Weinbergs Villa an der Bergstra\u00dfe 105 (Ecke Freiligrathstra\u00dfe), direkt an der Grenze zu Grumme. Sie wurde Anfang der 1920er Jahre erbaut, steht seit 1995 auf der Denkmalliste der Stadt Bochum und ist inzwischen ziemlich heruntergekommen.<br \/>\n<\/span><span style=\"font-family: arial, helvetica, sans-serif;\">Auch das Geb\u00e4ude der werkstatt\u00e4hnlichen Fabrik in Grumme steht noch und wird als Wohnhaus genutzt. Nach dem Krieg errichtete die Firma, die inzwischen Pongs &amp; Zahn hie\u00df, an der Vierhausstra\u00dfe 112 (Ecke Bergstr.) eine neue Fabrik, die von 1960 an Damen-Oberbekleidung produzierte.<\/span><\/span><\/p>\n<p><span style=\"font-family: arial, helvetica, sans-serif; color: #000000; font-size: 12pt;\">Literatur:<br \/>\nElfi Pracht-J\u00f6rns, J\u00fcdisches Kulturerbe in Nordrhein-Westfalen Teil V. Beitr\u00e4ge zu den Bau- und Kunstdenkm\u00e4lern von Westfalen. K\u00f6ln 2005, S. 59-60&nbsp;&nbsp; (Buch befindet sich im Stadtarchiv)<br \/>\n<\/span><\/p>\n<p style=\"text-align: center;\"><span style=\"color: #000000; font-size: 12pt;\"><em><strong><span style=\"font-family: arial, helvetica, sans-serif;\">Wann wird auch vor der Villa von Otto Weinberg ein Stolperstein verlegt?<\/span><\/strong><\/em><\/span><\/p>\n<p><em><strong><span style=\"color: #000000; font-family: arial, helvetica, sans-serif;\"> <img loading=\"lazy\" decoding=\"async\" class=\"aligncenter\" src=\"https:\/\/ggg.grumme.de\/wp-content\/uploads\/ststein.jpg\" alt=\"Juden-Verfolgung in Grumme - Otto Weinberg\" width=\"292\" height=\"232\"><br \/>\n<\/span><\/strong><\/em><\/p>\n<p>&nbsp;<\/p>\n","protected":false},"excerpt":{"rendered":"<p>Otto Weinberg wurde am 19.8. 1885 in Rheda\/Wiedenbr\u00fcck geboren. Er absolvierte eine kaufm\u00e4nnische Ausbildung bei der Firma Aron Meyer in Bochum. 1911 wurde er Teilhaber&#8230;<\/p>\n<div class=\"more-link-wrapper\"><a class=\"more-link\" href=\"https:\/\/ggg.grumme.de\/?page_id=2404\">Weiterlesen<span class=\"screen-reader-text\">Juden-Verfolgung in Grumme &#8211; Otto Weinberg<\/span><\/a><\/div>\n","protected":false},"author":2,"featured_media":0,"parent":2617,"menu_order":2,"comment_status":"closed","ping_status":"closed","template":"","meta":{"ngg_post_thumbnail":0,"iawp_total_views":308,"powered_cache_disable_cache":false,"footnotes":""},"class_list":["post-2404","page","type-page","status-publish","hentry","entry"],"_links":{"self":[{"href":"https:\/\/ggg.grumme.de\/index.php?rest_route=\/wp\/v2\/pages\/2404","targetHints":{"allow":["GET"]}}],"collection":[{"href":"https:\/\/ggg.grumme.de\/index.php?rest_route=\/wp\/v2\/pages"}],"about":[{"href":"https:\/\/ggg.grumme.de\/index.php?rest_route=\/wp\/v2\/types\/page"}],"author":[{"embeddable":true,"href":"https:\/\/ggg.grumme.de\/index.php?rest_route=\/wp\/v2\/users\/2"}],"replies":[{"embeddable":true,"href":"https:\/\/ggg.grumme.de\/index.php?rest_route=%2Fwp%2Fv2%2Fcomments&post=2404"}],"version-history":[{"count":21,"href":"https:\/\/ggg.grumme.de\/index.php?rest_route=\/wp\/v2\/pages\/2404\/revisions"}],"predecessor-version":[{"id":2931,"href":"https:\/\/ggg.grumme.de\/index.php?rest_route=\/wp\/v2\/pages\/2404\/revisions\/2931"}],"up":[{"embeddable":true,"href":"https:\/\/ggg.grumme.de\/index.php?rest_route=\/wp\/v2\/pages\/2617"}],"wp:attachment":[{"href":"https:\/\/ggg.grumme.de\/index.php?rest_route=%2Fwp%2Fv2%2Fmedia&parent=2404"}],"curies":[{"name":"wp","href":"https:\/\/api.w.org\/{rel}","templated":true}]}}