{"id":2243,"date":"2023-11-24T14:06:01","date_gmt":"2023-11-24T14:06:01","guid":{"rendered":"https:\/\/ggg.grumme.de\/?page_id=2243"},"modified":"2025-08-06T07:56:32","modified_gmt":"2025-08-06T06:56:32","slug":"geschichtstafeln-an-grummer-teichen","status":"publish","type":"page","link":"https:\/\/ggg.grumme.de\/?page_id=2243","title":{"rendered":"Neue Geschichtstafeln im Grummer Bachtal"},"content":{"rendered":"<p><span style=\"font-family: arial, helvetica, sans-serif; color: #000000;\">Die GeschichtsGruppeGrumme (GGG) erstellt in Abstimmung mit der Stadt Bochum ein Dutzend Geschichtstafeln, die im Zuge der \u201aNeugestaltung des Grummer Bachs\u2018 installiert werden. Konzeption und Layout \u00fcbernimmt die GGG, technische Umsetzung und Aufstellung sind Sache der Stadt. Die GGG bedankt sich f\u00fcr die gute Zusammenarbeit mit dem Bochumer Umwelt- und Gr\u00fcnfl\u00e4chenamt, insbesondere bei Frau Poeschel als Ansprechpartnerin f\u00fcr die Freiraumplanung\/Parkanlage.<\/span><\/p>\n<p><span style=\"font-family: arial, helvetica, sans-serif; color: #000000;\">Die neuen Tafeln haben ein <strong>Format von 60 x 90 cm<\/strong> und werden sukzessive mit der Fertigstellung der einzelnen Bauabschnitte der Freiraumgestaltung aufgestellt. Sie beziehen sich auf historische Geb\u00e4ude, die nur noch teilweise oder gar nicht mehr existieren wie Bauernh\u00f6fe und die M\u00fchle. Auch der Bach und die Teiche selbst werden Thema sein. Neben Fotos, Karten und Angaben zum jeweiligen Geb\u00e4ude stehen jeweils Sachtexte, die die ortsbezogenen Informationen in einen gr\u00f6\u00dferen Zusammenhang stellen.<\/span><\/p>\n<p><span style=\"font-family: arial, helvetica, sans-serif; color: #000000;\">Die ersten vier Tafeln sind im 1. Bauabschnitt zwischen Herner Stra\u00dfe und Bergstra\u00dfe und an der Stelle des ehemaligen Rottmannshofs aufgestellt worden:<\/span><\/p>\n<p><img alt=\"Neue Geschichtstafeln im Grummer Bachtal\" decoding=\"async\" src=\"https:\/\/ggg.grumme.de\/wp-content\/uploads\/TafelnKarte.jpg\"><\/p>\n<p>&nbsp;<\/p>\n<p><a href=\"https:\/\/ggg.grumme.de\/?page_id=2532\"><span style=\"font-family: arial, helvetica, sans-serif; color: #000000;\"><strong>Tafel 1 Hof Bussmann<\/strong><\/span><\/a><\/p>\n<p><a href=\"https:\/\/ggg.grumme.de\/?page_id=2529\"><span style=\"font-family: arial, helvetica, sans-serif; color: #000000;\"><strong>Tafel 2 Hof Vierhaus<\/strong><\/span><\/a><\/p>\n<p><a href=\"https:\/\/ggg.grumme.de\/?page_id=2525\"><span style=\"font-family: arial, helvetica, sans-serif; color: #000000;\"><strong>Tafel 3 Grummer M\u00fchle<\/strong><\/span><\/a><\/p>\n<p><strong><span style=\"font-family: arial, helvetica, sans-serif; color: #000000;\"><a href=\"https:\/\/ggg.grumme.de\/?page_id=2614\">Tafel 4 Der Tenthof<\/a><br \/>\n<\/span><\/strong><\/p>\n<p><span style=\"font-family: arial, helvetica, sans-serif; color: #000000;\"><strong><a href=\"https:\/\/ggg.grumme.de\/?page_id=947\">Tafel 5 Hof Rehlinghaus \/ Rottmannshof<\/a><br \/>\n<\/strong><\/span><\/p>\n<p>&nbsp;<\/p>\n<p><strong><span style=\"font-family: arial, helvetica, sans-serif; color: #000000;\">Konzeption und Inhalte: GeschichtsGruppeGrumme<\/span><\/strong><br \/>\n<strong><span style=\"font-family: arial, helvetica, sans-serif; color: #000000;\">Technische Umsetzung:<\/span><\/strong><br \/>\n<strong><span style=\"font-family: arial, helvetica, sans-serif; color: #000000;\">&#8211; Layout: Ulrich Linnhoff<\/span><\/strong><br \/>\n<strong><span style=\"font-family: arial, helvetica, sans-serif; color: #000000;\">&#8211; Produktion und Aufstellung: Stadt Bochum<\/span><\/strong><\/p>\n<p><span style=\"font-family: arial, helvetica, sans-serif; color: #000000;\"><strong>Vielen Dank an Cathrin Mergheim f\u00fcr ihre fachkundige Beratung zur Gestaltung der Tafeln<\/strong><\/span><\/p>\n<p>&nbsp;<\/p>\n","protected":false},"excerpt":{"rendered":"<p>Die GeschichtsGruppeGrumme (GGG) erstellt in Abstimmung mit der Stadt Bochum ein Dutzend Geschichtstafeln, die im Zuge der \u201aNeugestaltung des Grummer Bachs\u2018 installiert werden. Konzeption und&#8230;<\/p>\n<div class=\"more-link-wrapper\"><a class=\"more-link\" href=\"https:\/\/ggg.grumme.de\/?page_id=2243\">Weiterlesen<span class=\"screen-reader-text\">Neue Geschichtstafeln im Grummer Bachtal<\/span><\/a><\/div>\n","protected":false},"author":2,"featured_media":0,"parent":2295,"menu_order":0,"comment_status":"closed","ping_status":"closed","template":"","meta":{"ngg_post_thumbnail":0,"iawp_total_views":203,"powered_cache_disable_cache":false,"footnotes":""},"class_list":["post-2243","page","type-page","status-publish","hentry","entry"],"_links":{"self":[{"href":"https:\/\/ggg.grumme.de\/index.php?rest_route=\/wp\/v2\/pages\/2243","targetHints":{"allow":["GET"]}}],"collection":[{"href":"https:\/\/ggg.grumme.de\/index.php?rest_route=\/wp\/v2\/pages"}],"about":[{"href":"https:\/\/ggg.grumme.de\/index.php?rest_route=\/wp\/v2\/types\/page"}],"author":[{"embeddable":true,"href":"https:\/\/ggg.grumme.de\/index.php?rest_route=\/wp\/v2\/users\/2"}],"replies":[{"embeddable":true,"href":"https:\/\/ggg.grumme.de\/index.php?rest_route=%2Fwp%2Fv2%2Fcomments&post=2243"}],"version-history":[{"count":42,"href":"https:\/\/ggg.grumme.de\/index.php?rest_route=\/wp\/v2\/pages\/2243\/revisions"}],"predecessor-version":[{"id":4592,"href":"https:\/\/ggg.grumme.de\/index.php?rest_route=\/wp\/v2\/pages\/2243\/revisions\/4592"}],"up":[{"embeddable":true,"href":"https:\/\/ggg.grumme.de\/index.php?rest_route=\/wp\/v2\/pages\/2295"}],"wp:attachment":[{"href":"https:\/\/ggg.grumme.de\/index.php?rest_route=%2Fwp%2Fv2%2Fmedia&parent=2243"}],"curies":[{"name":"wp","href":"https:\/\/api.w.org\/{rel}","templated":true}]}}