{"id":2209,"date":"2023-09-24T07:59:32","date_gmt":"2023-09-24T07:59:32","guid":{"rendered":"https:\/\/ggg.grumme.de\/?page_id=2209"},"modified":"2023-09-24T08:06:29","modified_gmt":"2023-09-24T08:06:29","slug":"2209-2","status":"publish","type":"page","link":"https:\/\/ggg.grumme.de\/?page_id=2209","title":{"rendered":"GGG und Caritas Ruhr im Juni 2023"},"content":{"rendered":"<p><strong><span style=\"font-family: arial, helvetica, sans-serif; color: #ff0000;\"><br \/>\n<\/span><\/strong> <span style=\"font-family: arial, helvetica, sans-serif; color: #000000;\">Die <strong>GeschichtsGruppeBochum<\/strong> hat am 20. Juni 23 in und an der Senioren-Begegnungsst\u00e4tte \u00bbKaiseraue\u00ab<br \/>\n<\/span><span style=\"font-family: arial, helvetica, sans-serif; color: #000000;\">vier Tafeln zur Geschichte der Kaiseraue aufgestellt: <\/span><\/p>\n<figure style=\"width: 379px\" class=\"wp-caption aligncenter\"><img loading=\"lazy\" decoding=\"async\" class=\"\" src=\"https:\/\/ggg.grumme.de\/wp-content\/uploads\/GGG_caritas2.jpg\" alt=\"GGG und Caritas Ruhr im Juni 2023\" width=\"379\" height=\"404\"><figcaption class=\"wp-caption-text\"><span style=\"font-family: arial, helvetica, sans-serif; color: #000000;\">Alexander Mauer (Direktor Caritas-Ruhr), Ulrich Linnhoff, Josef Otte, Lutz Hohaus, Jochen Kr\u00f6ger<\/span><\/figcaption><\/figure>\n<p><span style=\"font-family: arial, helvetica, sans-serif; color: #000000;\"><strong>Facebook-Eintrag der Caritas Ruhr-Mitte 22.6.23:<br \/>\n<\/strong><\/span><span style=\"font-family: arial, helvetica, sans-serif;\"><span style=\"color: #000000;\"><em>&gt;Vor Ort einen Blick in die Vergangenheit erhalten, das gelingt der GeschichtsGruppeGrumme immer wieder, wenn sie Bilder und Texte aufh\u00e4ngt, die Zeugnis davon geben, wie es fr\u00fcher dort aussah. So zuletzt wieder geschehen auf dem Grundst\u00fcck der Seniorenwohnanlage Kaiseraue der Caritas Ruhr-Mitte. Dort wurden von der GeschichtsGruppeGrumme nun vier Tafeln aufgeh\u00e4ngt, die alte Bilder aus verschiedenen Zeiten von der Ecke Tenthoffstra\u00dfe\/Josephinenstra\u00dfe zeigen. &#8222;Wir freuen uns dar\u00fcber, dass engagierte B\u00fcrger der Gruppe diese professionell gestalteten Erinnerungstafeln erstellen und lassen sie gerne an unseren Einrichtungen aufstellen. Die Resonanz unserer Bewohnerinnen und Bewohner war sofort sehr positiv&#8220;, sagt Caritasdirektor Alexander Mauer. Diese reisen mit Begeisterung durch die Tafeln in die &#8211; vielleicht sogar eigene &#8211; Vergangenheit und erfahren zum Beispiel, dass die Kaiser-Aue ein gro\u00dfz\u00fcgig angelegtes Ausflugslokal von 1901 war, mit Restaurant, Biergarten, Aussichtsturm, Gondelteich und Tennispl\u00e4tzen. Acht weitere Erinnerungstafeln hat die Geschichtsgruppe in Bochum bereits aufgeh\u00e4ngt.<strong>&lt;<\/strong><\/em><\/span><\/span><\/p>\n","protected":false},"excerpt":{"rendered":"<p>Die GeschichtsGruppeBochum hat am 20. Juni 23 in und an der Senioren-Begegnungsst\u00e4tte \u00bbKaiseraue\u00ab vier Tafeln zur Geschichte der Kaiseraue aufgestellt: Facebook-Eintrag der Caritas Ruhr-Mitte 22.6.23:&#8230;<\/p>\n<div class=\"more-link-wrapper\"><a class=\"more-link\" href=\"https:\/\/ggg.grumme.de\/?page_id=2209\">Weiterlesen<span class=\"screen-reader-text\">GGG und Caritas Ruhr im Juni 2023<\/span><\/a><\/div>\n","protected":false},"author":2,"featured_media":0,"parent":2204,"menu_order":2,"comment_status":"closed","ping_status":"closed","template":"","meta":{"ngg_post_thumbnail":0,"iawp_total_views":7,"powered_cache_disable_cache":false,"footnotes":""},"class_list":["post-2209","page","type-page","status-publish","hentry","entry"],"_links":{"self":[{"href":"https:\/\/ggg.grumme.de\/index.php?rest_route=\/wp\/v2\/pages\/2209","targetHints":{"allow":["GET"]}}],"collection":[{"href":"https:\/\/ggg.grumme.de\/index.php?rest_route=\/wp\/v2\/pages"}],"about":[{"href":"https:\/\/ggg.grumme.de\/index.php?rest_route=\/wp\/v2\/types\/page"}],"author":[{"embeddable":true,"href":"https:\/\/ggg.grumme.de\/index.php?rest_route=\/wp\/v2\/users\/2"}],"replies":[{"embeddable":true,"href":"https:\/\/ggg.grumme.de\/index.php?rest_route=%2Fwp%2Fv2%2Fcomments&post=2209"}],"version-history":[{"count":5,"href":"https:\/\/ggg.grumme.de\/index.php?rest_route=\/wp\/v2\/pages\/2209\/revisions"}],"predecessor-version":[{"id":2214,"href":"https:\/\/ggg.grumme.de\/index.php?rest_route=\/wp\/v2\/pages\/2209\/revisions\/2214"}],"up":[{"embeddable":true,"href":"https:\/\/ggg.grumme.de\/index.php?rest_route=\/wp\/v2\/pages\/2204"}],"wp:attachment":[{"href":"https:\/\/ggg.grumme.de\/index.php?rest_route=%2Fwp%2Fv2%2Fmedia&parent=2209"}],"curies":[{"name":"wp","href":"https:\/\/api.w.org\/{rel}","templated":true}]}}