{"id":2049,"date":"2023-04-03T07:22:11","date_gmt":"2023-04-03T07:22:11","guid":{"rendered":"https:\/\/ggg.grumme.de\/?page_id=2049"},"modified":"2024-04-20T13:16:34","modified_gmt":"2024-04-20T13:16:34","slug":"1900-2","status":"publish","type":"page","link":"https:\/\/ggg.grumme.de\/?page_id=2049","title":{"rendered":"Grumme Bericht von 1900"},"content":{"rendered":"<p><strong><span style=\"color: #000000;\">Hans H. Hanke hat im &#8218;8. Heimatbuch&#8216; 1985 Ausz\u00fcge aus einem &#8218;Handbuch f\u00fcr Lehrer&#8216; entnommen, das Schulinspektor Stein und Rektor Kamp 1900 unter dem Titel <em>\u201dHeimatkunde der Kreise Bochum Stadt und Land, Gelsenkirchen Stadt und Land, Hattingen und Witten\u201d<\/em> herausgegeben haben. Darin wird auch Grumme beschrieben, das damals noch nicht zu Bochum geh\u00f6rte:<\/span><\/strong><\/p>\n<p><span style=\"font-size: 14pt; color: #000000;\"><strong>\u201eGang von Bochum nach Grumme.<\/strong><\/span><br \/>\n<span style=\"font-size: 14pt; color: #000000;\">Wir gehen von der V\u00f6destra\u00dfe (elektrische Centrale) an den Kl\u00e4rteichen vorbei den in n\u00f6rdlicher Richtung flie\u00dfenden Hofsteder Bach entlang. Wir kommen an die Bulxm\u00fchle. Hier m\u00fcndet die Grume (Grummer Bach) in den Hofsteder Bach. Wir steigen am Ufer des Baches hinauf. Wir sehen aus ihm einen Graben zur Zeche Konstantin geleitet. Man benutzt sein Wasser zur Speisung der Dampfkessel, weil das Grubenwasser sehr salpeterhaltig ist und leicht Kesselstein absetzt. Die Grume umflie\u00dft die Halde der Zeche; diese bildet einen steilen Berg ohne Spitze, dessen Abhang kahl ist und dessen Fu\u00df der Grummer Bach ber\u00fchrt. Der weitere Weg f\u00fchrt an zwei Bauernh\u00f6fen vorbei. (Bu\u00dfmanns und Vierhaus Hof.) Man sieht, wie das Land nach Osten hin sich h\u00fcgelig erhebt. Am Horizonte liegt das Wilhelm-Augusta-Hospital. Vor der M\u00fchle liegt ein Teich. Zu beiden Seiten des Grummer Baches breitet sich ein Thal aus.<\/span><br \/>\n<span style=\"font-size: 14pt; color: #000000;\">Wir gehen nach Norden einen steilen Weg hinauf.. (Verl\u00e4ngerung des Weges, der von Bochum kommt.) Wir kommen auf einen Fu\u00dfweg, der uns nach Westen (am M\u00fchlenbach vorbei) auf die Herner Chaussee f\u00fchren w\u00fcrde. (Bei dem Feuerwehrturm in Hofstede.) Gehen wir noch h\u00f6her in n\u00f6rdlicher Richtung, so kommen wir zum Tippelsberge. Der Weg, der von hier zur Herner Chaussee geht und beim Wirt Schipper m\u00fcndet, hei\u00dft Bergstra\u00dfe. Vom Tippelsberg aus haben wir eine pr\u00e4chtige Aussicht. Steigen wir den Tippelsberg hinab, so kommen wir an seinem Fu\u00dfe in ein Seitenthal (den Prattwinkel). Hier sind mehrere Quellen nahe am Wege. Die Quelle an der Ostseite des Thales in D\u00f6rdelmanns Wiese ist in einem Bassin aufgefangen. Von diesem aus wird das Wasser in R\u00f6hren in die H\u00e4user am Eingange zum Prattwinkel, in die M\u00fchle und die Halsstricksche Schmiedes geleitet. (Wasserleitung ohne Maschinen.) Dem Prattwinkel gegen\u00fcber liegen die Bauernh\u00f6fe Blomberg und H\u00f6hne. Letzterer liegt am Eingange zur \u201dAalebecke\u201d, einem flachen WiesenthaL Auch hier befindet sich eine \u00e4hnliche, nur von H\u00f6hne benutzte Wasserleitung. Der Prattwinkel wird nach Osten hin vom \u201dKirchenbusch\u201d begrenzt. (Die K\u00f6tter auf dieser Anh\u00f6he mu\u00dften in fr\u00fcherer Zeit an die evangelische Kirche in Eickel Erbpacht zahlen.) \u00d6stlich vom Kirchenbusch liegt ein zweites Seitenthal \u2013 ebenfalls am rechten Ufer des Baches \u2013 \u201dK\u00f6tterberg\u201d genannt. In diesem zweiten Thale sind mehrere und st\u00e4rkere, auch leicht zug\u00e4ngliche Quellen zu sehen. Die st\u00e4rkste Quelle am \u201dK\u00f6tterberg\u201d ist ebenfalls aufgefangen und sendet ihr Wasser u. a. in die Grummer Kirche. Zu letzterer begeben wir uns, und nun sind wir auf der linken Seite des Grummer Baches. (Steg, Br\u00fccke.) Auf dieser Seite liegen drei Seitenth\u00e4ler. Das erste (Deinsloch) f\u00fchrt zur Parallelstra\u00dfe und dem Schacht III der Zeche Konstantin. Die Liboristra\u00dfe durchzieht das Thal; auf ihrer H\u00f6he, der Aalebecke zu, liegt der Grummer Kirchhof. Das zweite Thal ist sehr flach; es ist das Thal der Schmalebecke und f\u00fchrt nach der Rottmannschen Ziegeleiund der Castroperstra\u00dfe. Das dritte Thal f\u00fchrt nach dem Rottmannschen Hofe. Wenden wir ins hier dem \u00f6stlichen Ende des Grummer Thales \u2013 L\u00e4ngsthal \u2013 zu, so finden wir einen kleinen Teich. Ungef\u00e4hr 50 Schritt oberhalb desselben nach Nordosten zu ist die Quelle der Grume. (In der N\u00e4he des Hofes Benking, genannt Gr\u00fcmer.)\u201c<\/span><\/p>\n<p><span style=\"color: #000000;\"><a style=\"color: #000000;\" href=\"https:\/\/www.kortumgesellschaft.de\/id-8-heimatbuch-1985-heimatkunde-bochum-stadt-und-land-1900.html\"><span style=\"color: #000000;\">https:\/\/www.kortumgesellschaft.de\/id-8-heimatbuch-1985-heimatkunde-bochum-stadt-und-land-1900.html<\/span><\/a><\/span><\/p>\n<p>&nbsp;<\/p>\n<div id=\"malwarebytes-root\">&nbsp;<\/div>\n","protected":false},"excerpt":{"rendered":"<p>Hans H. Hanke hat im &#8218;8. Heimatbuch&#8216; 1985 Ausz\u00fcge aus einem &#8218;Handbuch f\u00fcr Lehrer&#8216; entnommen, das Schulinspektor Stein und Rektor Kamp 1900 unter dem Titel&#8230;<\/p>\n<div class=\"more-link-wrapper\"><a class=\"more-link\" href=\"https:\/\/ggg.grumme.de\/?page_id=2049\">Weiterlesen<span class=\"screen-reader-text\">Grumme Bericht von 1900<\/span><\/a><\/div>\n","protected":false},"author":2,"featured_media":0,"parent":2750,"menu_order":6,"comment_status":"closed","ping_status":"closed","template":"","meta":{"ngg_post_thumbnail":0,"iawp_total_views":23,"powered_cache_disable_cache":false,"footnotes":""},"class_list":["post-2049","page","type-page","status-publish","hentry","entry"],"_links":{"self":[{"href":"https:\/\/ggg.grumme.de\/index.php?rest_route=\/wp\/v2\/pages\/2049","targetHints":{"allow":["GET"]}}],"collection":[{"href":"https:\/\/ggg.grumme.de\/index.php?rest_route=\/wp\/v2\/pages"}],"about":[{"href":"https:\/\/ggg.grumme.de\/index.php?rest_route=\/wp\/v2\/types\/page"}],"author":[{"embeddable":true,"href":"https:\/\/ggg.grumme.de\/index.php?rest_route=\/wp\/v2\/users\/2"}],"replies":[{"embeddable":true,"href":"https:\/\/ggg.grumme.de\/index.php?rest_route=%2Fwp%2Fv2%2Fcomments&post=2049"}],"version-history":[{"count":5,"href":"https:\/\/ggg.grumme.de\/index.php?rest_route=\/wp\/v2\/pages\/2049\/revisions"}],"predecessor-version":[{"id":2056,"href":"https:\/\/ggg.grumme.de\/index.php?rest_route=\/wp\/v2\/pages\/2049\/revisions\/2056"}],"up":[{"embeddable":true,"href":"https:\/\/ggg.grumme.de\/index.php?rest_route=\/wp\/v2\/pages\/2750"}],"wp:attachment":[{"href":"https:\/\/ggg.grumme.de\/index.php?rest_route=%2Fwp%2Fv2%2Fmedia&parent=2049"}],"curies":[{"name":"wp","href":"https:\/\/api.w.org\/{rel}","templated":true}]}}