{"id":197,"date":"2021-05-27T11:32:09","date_gmt":"2021-05-27T11:32:09","guid":{"rendered":"http:\/\/ggg.grumme.de\/?page_id=197"},"modified":"2025-10-17T06:56:28","modified_gmt":"2025-10-17T05:56:28","slug":"geschichtsgruppe","status":"publish","type":"page","link":"https:\/\/ggg.grumme.de\/?page_id=197","title":{"rendered":"GeschichtsGruppeGrumme"},"content":{"rendered":"<p><span style=\"font-size: 18pt; color: #000000;\"><strong>Informationen zur GeschichtsGruppeGrumme<\/strong><\/span><\/p>\n<p><span style=\"font-size: 18pt; color: #000000;\"><span style=\"font-size: 14pt;\">Im Volkshochschulkurs &#8218;<em>Grummer Geschichte(n) \u2013 Erlebt. Erz\u00e4hlt. Erforscht.\u201c&#8216;&nbsp; <\/em>haben sich 2017 einige Grummer Heimatforscher und Chronisten zur&nbsp; <em>Grummer Geschichts Gruppe<\/em> (<strong>GGG) <\/strong>zusammengefunden. Schon in fr\u00fcheren Jahren hatten Grummes Heimatforscher eigene Ergebnisse ver\u00f6ffentlicht. Nun entwickelte sich die Idee: \u201eWir wissen, wie die Grummer Geschichte verlief und das m\u00fcssen wir weitergeben\u201c. <\/span><br \/>\n<span style=\"font-size: 14pt;\">Um die Grummer Geschichte zu &#8218;begehen&#8216;, haben wir schon mehrere gef\u00fchrte Ortsteilrundg\u00e4nge durchgef\u00fchrt.<\/span><\/span><\/p>\n<p><img alt=\"GeschichtsGruppeGrumme\" loading=\"lazy\" decoding=\"async\" class=\"aligncenter\" src=\"https:\/\/ggg.grumme.de\/wp-content\/uploads\/GGG_SitzgMrz25a.jpg\" width=\"451\" height=\"367\"><\/p>\n<p style=\"text-align: center;\"><span style=\"font-family: arial, helvetica, sans-serif; color: #000000;\"><em>GrummerGeschichtsGruppe bei der Arbeit im M\u00e4rz 2025<\/em><\/span><\/p>\n<p><span style=\"font-size: 14pt; font-family: arial, helvetica, sans-serif; color: #000000;\">Auf dieser Homepage wollen wir:<\/span><\/p>\n<ul>\n<li><span style=\"font-size: 14pt; font-family: arial, helvetica, sans-serif; color: #000000;\">Informationen zur Grummer Geschichte geben<\/span><\/li>\n<li><span style=\"font-size: 14pt; font-family: arial, helvetica, sans-serif; color: #000000;\">Hinweistafeln zu historisch interessanten Orten und Geb\u00e4uden zeigen<\/span><\/li>\n<li><span style=\"font-size: 14pt; font-family: arial, helvetica, sans-serif; color: #000000;\">auf Aktivit\u00e4ten, z. B. Ortsteil-Rundg\u00e4nge, hinweisen<\/span><\/li>\n<\/ul>\n<p style=\"text-align: center;\"><span style=\"color: #000000;\"><strong><span style=\"font-family: arial, helvetica, sans-serif; font-size: 14pt;\"><img loading=\"lazy\" decoding=\"async\" class=\"aligncenter\" src=\"https:\/\/ggg.grumme.de\/wp-content\/uploads\/Stteilfest25.jpg\" alt=\"GeschichtsGruppeGrumme\" width=\"359\" height=\"266\"><\/span><\/strong><span style=\"font-family: arial, helvetica, sans-serif; font-size: 14pt;\">Am 6. Sept. 25 beim Stadtteilfest im Fl\u00fcsseviertel <\/span><span style=\"font-family: arial, helvetica, sans-serif; font-size: 14pt;\">war die GGG wieder mit einem Stand dabei.<\/span><\/span><\/p>\n<table style=\"border-collapse: collapse; width: 100%; height: 55px;\">\n<tbody>\n<tr style=\"height: 55px;\">\n<td style=\"width: 89.884%; height: 55px;\">\n<table style=\"border-collapse: collapse; width: 106.957%; height: 52px;\">\n<tbody>\n<tr style=\"height: 24px;\">\n<td style=\"width: 48.6679%; height: 28px; text-align: center;\"><span style=\"font-size: 12pt;\">GGG beim Abschlussfest der Aktion<br \/>\n<strong>&#8218;Grumme ist Bunt&#8216;<\/strong> am 27.8.22<\/span><\/td>\n<td style=\"width: 54.5327%; height: 28px; text-align: center;\"><span style=\"font-size: 12pt;\">GGG beim <strong>Pfarrfest<br \/>\n<\/strong>am 3.\/4.9.22<\/span><\/td>\n<\/tr>\n<tr style=\"height: 24px;\">\n<td style=\"width: 48.6679%; height: 24px;\"><span style=\"font-size: 12pt;\"><img alt=\"GeschichtsGruppeGrumme\" loading=\"lazy\" decoding=\"async\" class=\"aligncenter\" src=\"https:\/\/ggg.grumme.de\/wp-content\/uploads\/GGGstandGrummeBunt.jpg\" width=\"354\" height=\"237\"><\/span><\/td>\n<td style=\"width: 54.5327%; height: 24px;\"><span style=\"font-size: 12pt;\"><img loading=\"lazy\" decoding=\"async\" class=\"aligncenter\" src=\"https:\/\/ggg.grumme.de\/wp-content\/uploads\/GGGstandPfarrfest22-scaled.jpg\" alt=\"GeschichtsGruppeGrumme\" width=\"240\" height=\"240\"><\/span><\/td>\n<\/tr>\n<\/tbody>\n<\/table>\n<\/td>\n<td style=\"width: 10.1159%; height: 55px;\">&nbsp;<\/td>\n<\/tr>\n<\/tbody>\n<\/table>\n<p><img loading=\"lazy\" decoding=\"async\" class=\"aligncenter\" src=\"https:\/\/ggg.grumme.de\/wp-content\/uploads\/FotoMuehleGGG-scaled.jpg\" alt=\"GeschichtsGruppeGrumme\" width=\"614\" height=\"422\"><\/p>\n<p><span style=\"color: #000000;\">Ansprechpartner: Heinz Schlinkert&nbsp; ggg [at] schlinkert.eu<\/span><\/p>\n<blockquote class=\"wp-embedded-content\" data-secret=\"pLnZdst3DB\"><p><a href=\"https:\/\/ggg.grumme.de\/?page_id=2204\">Archiv<\/a><\/p><\/blockquote>\n<p><iframe loading=\"lazy\" class=\"wp-embedded-content\" sandbox=\"allow-scripts\" security=\"restricted\" style=\"position: absolute; visibility: hidden;\" title=\"&#8222;Archiv&#8220; &#8212; GeschichtsGruppeGrumme\" src=\"https:\/\/ggg.grumme.de\/?page_id=2204&#038;embed=true#?secret=LA1nKOiycr#?secret=pLnZdst3DB\" data-secret=\"pLnZdst3DB\" width=\"500\" height=\"282\" frameborder=\"0\" marginwidth=\"0\" marginheight=\"0\" scrolling=\"no\"><\/iframe><\/p>\n<blockquote class=\"wp-embedded-content\" data-secret=\"ARPbPH4QvD\"><p><a href=\"https:\/\/ggg.grumme.de\/?page_id=2487\">R\u00e4tsel<\/a><\/p><\/blockquote>\n<p><iframe loading=\"lazy\" class=\"wp-embedded-content\" sandbox=\"allow-scripts\" security=\"restricted\" style=\"position: absolute; visibility: hidden;\" title=\"&#8222;R\u00e4tsel&#8220; &#8212; GeschichtsGruppeGrumme\" src=\"https:\/\/ggg.grumme.de\/?page_id=2487&#038;embed=true#?secret=lju50K3KiN#?secret=ARPbPH4QvD\" data-secret=\"ARPbPH4QvD\" width=\"500\" height=\"282\" frameborder=\"0\" marginwidth=\"0\" marginheight=\"0\" scrolling=\"no\"><\/iframe><\/p>\n<p>&nbsp;<\/p>\n","protected":false},"excerpt":{"rendered":"<p>Informationen zur GeschichtsGruppeGrumme Im Volkshochschulkurs &#8218;Grummer Geschichte(n) \u2013 Erlebt. Erz\u00e4hlt. Erforscht.\u201c&#8216;&nbsp; haben sich 2017 einige Grummer Heimatforscher und Chronisten zur&nbsp; Grummer Geschichts Gruppe (GGG) zusammengefunden.&#8230;<\/p>\n<div class=\"more-link-wrapper\"><a class=\"more-link\" href=\"https:\/\/ggg.grumme.de\/?page_id=197\">Weiterlesen<span class=\"screen-reader-text\">GeschichtsGruppeGrumme<\/span><\/a><\/div>\n","protected":false},"author":2,"featured_media":0,"parent":0,"menu_order":14,"comment_status":"closed","ping_status":"closed","template":"","meta":{"ngg_post_thumbnail":0,"iawp_total_views":245,"powered_cache_disable_cache":false,"footnotes":""},"class_list":["post-197","page","type-page","status-publish","hentry","entry"],"_links":{"self":[{"href":"https:\/\/ggg.grumme.de\/index.php?rest_route=\/wp\/v2\/pages\/197","targetHints":{"allow":["GET"]}}],"collection":[{"href":"https:\/\/ggg.grumme.de\/index.php?rest_route=\/wp\/v2\/pages"}],"about":[{"href":"https:\/\/ggg.grumme.de\/index.php?rest_route=\/wp\/v2\/types\/page"}],"author":[{"embeddable":true,"href":"https:\/\/ggg.grumme.de\/index.php?rest_route=\/wp\/v2\/users\/2"}],"replies":[{"embeddable":true,"href":"https:\/\/ggg.grumme.de\/index.php?rest_route=%2Fwp%2Fv2%2Fcomments&post=197"}],"version-history":[{"count":22,"href":"https:\/\/ggg.grumme.de\/index.php?rest_route=\/wp\/v2\/pages\/197\/revisions"}],"predecessor-version":[{"id":4713,"href":"https:\/\/ggg.grumme.de\/index.php?rest_route=\/wp\/v2\/pages\/197\/revisions\/4713"}],"wp:attachment":[{"href":"https:\/\/ggg.grumme.de\/index.php?rest_route=%2Fwp%2Fv2%2Fmedia&parent=197"}],"curies":[{"name":"wp","href":"https:\/\/api.w.org\/{rel}","templated":true}]}}