{"id":1418,"date":"2022-09-02T07:27:03","date_gmt":"2022-09-02T07:27:03","guid":{"rendered":"https:\/\/ggg.grumme.de\/?page_id=1418"},"modified":"2026-02-21T16:07:28","modified_gmt":"2026-02-21T15:07:28","slug":"katholische-schule","status":"publish","type":"page","link":"https:\/\/ggg.grumme.de\/?page_id=1418","title":{"rendered":"Katholische Schule"},"content":{"rendered":"\r\n<p style=\"text-align: center;\"><span style=\"font-size: 18pt;\"><strong>&nbsp;<\/strong><\/span><\/p>\r\n<p><\/p>\r\n<p><img decoding=\"async\" class=\"aligncenter\" src=\"https:\/\/ggg.grumme.de\/wp-content\/uploads\/TafelKathSchule.jpg\" alt=\"Katholische Schule\"><\/p>\r\n<p style=\"text-align: center;\"><span style=\"font-family: arial, helvetica, sans-serif; color: #000000;\">Standort Josephinenstra\u00dfe<\/span><\/p>\r\n<p><span style=\"font-family: arial, helvetica, sans-serif; color: #000000;\"><b>s. auch <a href=\"https:\/\/ggg.grumme.de\/?page_id=5348\"><strong>Wilhelm R\u00fcter<\/strong>, Schulgr\u00fcndungen in den Bauernschaften <\/a><\/b><b>Grumme &#8211; Hiltrop &#8211; Bergen<\/b><\/span><\/p>","protected":false},"excerpt":{"rendered":"<p>&nbsp; Standort Josephinenstra\u00dfe s. auch Wilhelm R\u00fcter, Schulgr\u00fcndungen in den Bauernschaften Grumme &#8211; Hiltrop &#8211; Bergen<\/p>\n","protected":false},"author":2,"featured_media":0,"parent":2295,"menu_order":0,"comment_status":"closed","ping_status":"closed","template":"","meta":{"ngg_post_thumbnail":0,"iawp_total_views":82,"powered_cache_disable_cache":false,"footnotes":""},"class_list":["post-1418","page","type-page","status-publish","hentry","entry"],"_links":{"self":[{"href":"https:\/\/ggg.grumme.de\/index.php?rest_route=\/wp\/v2\/pages\/1418","targetHints":{"allow":["GET"]}}],"collection":[{"href":"https:\/\/ggg.grumme.de\/index.php?rest_route=\/wp\/v2\/pages"}],"about":[{"href":"https:\/\/ggg.grumme.de\/index.php?rest_route=\/wp\/v2\/types\/page"}],"author":[{"embeddable":true,"href":"https:\/\/ggg.grumme.de\/index.php?rest_route=\/wp\/v2\/users\/2"}],"replies":[{"embeddable":true,"href":"https:\/\/ggg.grumme.de\/index.php?rest_route=%2Fwp%2Fv2%2Fcomments&post=1418"}],"version-history":[{"count":5,"href":"https:\/\/ggg.grumme.de\/index.php?rest_route=\/wp\/v2\/pages\/1418\/revisions"}],"predecessor-version":[{"id":5365,"href":"https:\/\/ggg.grumme.de\/index.php?rest_route=\/wp\/v2\/pages\/1418\/revisions\/5365"}],"up":[{"embeddable":true,"href":"https:\/\/ggg.grumme.de\/index.php?rest_route=\/wp\/v2\/pages\/2295"}],"wp:attachment":[{"href":"https:\/\/ggg.grumme.de\/index.php?rest_route=%2Fwp%2Fv2%2Fmedia&parent=1418"}],"curies":[{"name":"wp","href":"https:\/\/api.w.org\/{rel}","templated":true}]}}