{"id":1255,"date":"2022-03-18T11:02:28","date_gmt":"2022-03-18T11:02:28","guid":{"rendered":"https:\/\/ggg.grumme.de\/?page_id=1255"},"modified":"2023-11-25T08:45:32","modified_gmt":"2023-11-25T08:45:32","slug":"impressum-neu","status":"publish","type":"page","link":"https:\/\/ggg.grumme.de\/?page_id=1255","title":{"rendered":"Impressum"},"content":{"rendered":"<p><span style=\"color: #000000; font-family: arial, helvetica, sans-serif;\">Heinz Schlinkert<\/span><br \/>\n<span style=\"color: #000000; font-family: arial, helvetica, sans-serif;\">Schwalbengrund 32<\/span><br \/>\n<span style=\"color: #000000; font-family: arial, helvetica, sans-serif;\">44807 Bochum<\/span><br \/>\n<span style=\"color: #000000; font-family: arial, helvetica, sans-serif;\">Tel: 0234 595394<\/span><\/p>\n<p><span style=\"color: #000000; font-family: arial, helvetica, sans-serif;\">ggg [at] schlinkert.eu<\/span><\/p>\n<h1><span style=\"font-family: arial, helvetica, sans-serif; font-size: 18pt;\">Disclaimer &#8211; rechtliche Hinweise<\/span><\/h1>\n<p><span style=\"font-family: arial, helvetica, sans-serif;\"><strong>Auskunfts- und Widerrufsrecht<\/strong><\/span><\/p>\n<p><span style=\"font-family: arial, helvetica, sans-serif;\">Sie haben jederzeit das Recht, sich unentgeltlich und unverz\u00fcglich \u00fcber die zu Ihrer Person erhobenen Daten<\/span><br \/>\n<span style=\"font-family: arial, helvetica, sans-serif;\">zu erkundigen. Ebenfalls k\u00f6nnen Sie Ihre Zustimmung zur Verwendung Ihrer angegebenen pers\u00f6nlichen Daten mit<\/span><br \/>\n<span style=\"font-family: arial, helvetica, sans-serif;\">Wirkung f\u00fcr die Zukunft widerrufen. Hierf\u00fcr wenden Sie sich bitte an den im Impressum angegebenen<\/span><br \/>\n<span style=\"font-family: arial, helvetica, sans-serif;\">Diensteanbieter.<\/span><\/p>\n<p><span style=\"font-family: arial, helvetica, sans-serif;\"><strong>Disclaimer (Haftungsausschluss)<\/strong><\/span><\/p>\n<p><span style=\"font-family: arial, helvetica, sans-serif;\"><strong>1. Haftung f\u00fcr Inhalte<\/strong><\/span><\/p>\n<p><span style=\"font-family: arial, helvetica, sans-serif;\">Als Diensteanbieter sind wir gem\u00e4\u00df \u00a7 7 Abs. 1 TMG f\u00fcr eigene Inhalte auf diesen Seiten nach den<\/span><br \/>\n<span style=\"font-family: arial, helvetica, sans-serif;\">allgemeinen Gesetzen verantwortlich. Nach \u00a7\u00a7 8 bis 10 TMG sind wir als Diensteanbieter jedoch nicht<\/span><br \/>\n<span style=\"font-family: arial, helvetica, sans-serif;\">verpflichtet, \u00fcbermittelte oder gespeicherte fremde Informationen zu \u00fcberwachen oder nach Umst\u00e4nden zu<\/span><br \/>\n<span style=\"font-family: arial, helvetica, sans-serif;\">forschen, die auf eine rechtswidrige T\u00e4tigkeit hinweisen. Verpflichtungen zur Entfernung oder Sperrung der Nutzung<\/span><br \/>\n<span style=\"font-family: arial, helvetica, sans-serif;\">von Informationen nach den allgemeinen Gesetzen bleiben hiervon unber\u00fchrt. Eine diesbez\u00fcgliche Haftung ist<\/span><br \/>\n<span style=\"font-family: arial, helvetica, sans-serif;\">jedoch erst ab dem Zeitpunkt der Kenntnis einer konkreten Rechtsverletzung m\u00f6glich. Bei Bekanntwerden von<\/span><br \/>\n<span style=\"font-family: arial, helvetica, sans-serif;\">entsprechenden Rechtsverletzungen werden wir diese Inhalte umgehend entfernen.<\/span><\/p>\n<p><span style=\"font-family: arial, helvetica, sans-serif;\"><strong>2. Haftung f\u00fcr Links<\/strong><\/span><\/p>\n<p><span style=\"font-family: arial, helvetica, sans-serif;\">Diese Website enth\u00e4lt Links zu externen Webseiten Dritter, auf deren Inhalte kein Einfluss genommen werden kann.<\/span><br \/>\n<span style=\"font-family: arial, helvetica, sans-serif;\">Deshalb kann f\u00fcr diese fremden Inhalte auch keine Gew\u00e4hr \u00fcbernommen werden. F\u00fcr die Inhalte der<\/span><br \/>\n<span style=\"font-family: arial, helvetica, sans-serif;\">verlinkten Seiten ist stets der jeweilige Anbieter oder Betreiber der Seiten verantwortlich. Die verlinkten Seiten wurden<\/span><br \/>\n<span style=\"font-family: arial, helvetica, sans-serif;\">zum Zeitpunkt der Verlinkung auf m\u00f6gliche Rechtsverst\u00f6\u00dfe \u00fcberpr\u00fcft. Rechtswidrige Inhalte waren<\/span><br \/>\n<span style=\"font-family: arial, helvetica, sans-serif;\">zum Zeitpunkt der Verlinkung nicht erkennbar. Eine permanente inhaltliche Kontrolle der verlinkten Seiten ist jedoch ohne<\/span><br \/>\n<span style=\"font-family: arial, helvetica, sans-serif;\">konkrete Anhaltspunkte einer Rechtsverletzung nicht zumutbar. Bei Bekanntwerden von Rechtsverletzungen werden derartige Links umgehend von dieser Website auf die rechtsverletzende Site entfernen.<\/span><\/p>\n<p><span style=\"font-family: arial, helvetica, sans-serif;\"><strong>3. Urheberrecht<\/strong><\/span><\/p>\n<p><span style=\"font-family: arial, helvetica, sans-serif;\">Die durch die Diensteanbieter, deren Mitarbeiter und beauftragte Dritte erstellten Inhalte und Werke auf diesen Seiten<\/span><br \/>\n<span style=\"font-family: arial, helvetica, sans-serif;\">unterliegen dem deutschen Urheberrecht. Die Vervielf\u00e4ltigung, Bearbeitung, Verbreitung und jede Art der Verwertung<\/span><br \/>\n<span style=\"font-family: arial, helvetica, sans-serif;\">au\u00dferhalb der Grenzen des Urheberrechtes bed\u00fcrfen der vorherigen schriftlichen Zustimmung des jeweiligen Autors<\/span><br \/>\n<span style=\"font-family: arial, helvetica, sans-serif;\">bzw. Erstellers. Downloads und Kopien dieser Seite sind nur f\u00fcr den privaten, nicht kommerziellen Gebrauch<\/span><br \/>\n<span style=\"font-family: arial, helvetica, sans-serif;\">gestattet. Soweit die Inhalte auf dieser Seite nicht vom Betreiber erstellt wurden, werden die Urheberrechte Dritter<\/span><br \/>\n<span style=\"font-family: arial, helvetica, sans-serif;\">beachtet. Insbesondere werden Inhalte Dritter als solche gekennzeichnet. Sollten Sie trotzdem auf eine<\/span><br \/>\n<span style=\"font-family: arial, helvetica, sans-serif;\">Urheberrechtsverletzung aufmerksam werden, bitten wir um einen entsprechenden Hinweis. Bei Bekanntwerden von<\/span><br \/>\n<span style=\"font-family: arial, helvetica, sans-serif;\">Rechtsverletzungen werden derartige Inhalte umgehend entfernen.<\/span><\/p>\n<p><span style=\"font-family: arial, helvetica, sans-serif;\">Dieses Impressum wurde mit Hilfe des <a href=\"http:\/\/www.hensche.de\/impressum-generator.html\" target=\"_blank\" rel=\"noopener\">Impressum-Generators<\/a> von <a href=\"http:\/\/www.hensche.de\/Rechtsanwalt_Arbeitsrecht_Koeln.html\" target=\"_blank\" rel=\"noopener\">HENSCHE Rechtsanw\u00e4lte, Kanzlei f\u00fcr<br \/>\nArbeitsrecht<\/a> erstellt.<\/span><\/p>\n","protected":false},"excerpt":{"rendered":"<p>Heinz Schlinkert Schwalbengrund 32 44807 Bochum Tel: 0234 595394 ggg [at] schlinkert.eu Disclaimer &#8211; rechtliche Hinweise Auskunfts- und Widerrufsrecht Sie haben jederzeit das Recht, sich&#8230;<\/p>\n<div class=\"more-link-wrapper\"><a class=\"more-link\" href=\"https:\/\/ggg.grumme.de\/?page_id=1255\">Weiterlesen<span class=\"screen-reader-text\">Impressum<\/span><\/a><\/div>\n","protected":false},"author":2,"featured_media":0,"parent":0,"menu_order":25,"comment_status":"closed","ping_status":"closed","template":"","meta":{"ngg_post_thumbnail":0,"iawp_total_views":210,"powered_cache_disable_cache":false,"footnotes":""},"class_list":["post-1255","page","type-page","status-publish","hentry","entry"],"_links":{"self":[{"href":"https:\/\/ggg.grumme.de\/index.php?rest_route=\/wp\/v2\/pages\/1255","targetHints":{"allow":["GET"]}}],"collection":[{"href":"https:\/\/ggg.grumme.de\/index.php?rest_route=\/wp\/v2\/pages"}],"about":[{"href":"https:\/\/ggg.grumme.de\/index.php?rest_route=\/wp\/v2\/types\/page"}],"author":[{"embeddable":true,"href":"https:\/\/ggg.grumme.de\/index.php?rest_route=\/wp\/v2\/users\/2"}],"replies":[{"embeddable":true,"href":"https:\/\/ggg.grumme.de\/index.php?rest_route=%2Fwp%2Fv2%2Fcomments&post=1255"}],"version-history":[{"count":6,"href":"https:\/\/ggg.grumme.de\/index.php?rest_route=\/wp\/v2\/pages\/1255\/revisions"}],"predecessor-version":[{"id":2274,"href":"https:\/\/ggg.grumme.de\/index.php?rest_route=\/wp\/v2\/pages\/1255\/revisions\/2274"}],"wp:attachment":[{"href":"https:\/\/ggg.grumme.de\/index.php?rest_route=%2Fwp%2Fv2%2Fmedia&parent=1255"}],"curies":[{"name":"wp","href":"https:\/\/api.w.org\/{rel}","templated":true}]}}